{"id":1170,"date":"2024-04-25T16:58:25","date_gmt":"2024-04-25T14:58:25","guid":{"rendered":"https:\/\/plitvice.webuciliste.com\/attrazioni-naturali\/"},"modified":"2025-02-15T13:22:24","modified_gmt":"2025-02-15T12:22:24","slug":"attrazioni-naturali","status":"publish","type":"page","link":"https:\/\/www.plitvice.com\/it\/attrazioni-naturali\/","title":{"rendered":"Attrazioni naturali"},"content":{"rendered":"<p><span style=\"font-weight: 400;\"><span style=\"vertical-align: inherit;\"><span style=\"vertical-align: inherit;\">Sublime hills with intact forests, wide grassy expanses and idyllic pastures: this is what characterizes the natural beauty of our region.<\/span><\/span><\/span><\/p>\n<p><span style=\"font-weight: 400;\"><span style=\"vertical-align: inherit;\"><span style=\"vertical-align: inherit;\">From the stunning Plitvice Lakes to the Bara\u0107 Caves (Bara\u0107eve \u0161pilje), the towers of the ancient village of Dre\u017enik, the village of Rastoke and many other hidden and little-known gems, our surroundings are full of incredible places that will captivate you. Embark on a thousand activities, explore the rich past and enjoy the beauty of untouched nature.<\/span><\/span><\/span><\/p>\n","protected":false},"excerpt":{"rendered":"<p>Sublime hills with intact forests, wide grassy expanses and idyllic pastures: this is what characterizes the natural beauty of our region. From the stunning Plitvice Lakes to the Bara\u0107 Caves (Bara\u0107eve \u0161pilje), the towers of the ancient village of Dre\u017enik, the village of Rastoke and many other hidden and little-known gems, our surroundings are full<\/p>\n","protected":false},"author":1,"featured_media":630,"parent":0,"menu_order":0,"comment_status":"closed","ping_status":"closed","template":"page-templates\/camp.php","meta":{"_acf_changed":false,"footnotes":""},"class_list":["post-1170","page","type-page","status-publish","has-post-thumbnail","hentry"],"acf":[],"yoast_head":"<!-- This site is optimized with the Yoast SEO plugin v27.1.1 - https:\/\/yoast.com\/product\/yoast-seo-wordpress\/ -->\n<title>Attrazioni naturali - Plitvice Holiday Resort<\/title>\n<meta name=\"description\" content=\"Scopri le straordinarie attrazioni naturali nei dintorni del Plitvice Holiday Resort, tra cui il Parco Nazionale dei Laghi di Plitvice e le Grotte di Bara\u0107.\" \/>\n<meta name=\"robots\" content=\"index, follow, max-snippet:-1, max-image-preview:large, max-video-preview:-1\" \/>\n<link rel=\"canonical\" href=\"https:\/\/www.plitvice.com\/it\/attrazioni-naturali\/\" \/>\n<meta property=\"og:locale\" content=\"it_IT\" \/>\n<meta property=\"og:type\" content=\"article\" \/>\n<meta property=\"og:title\" content=\"Attrazioni naturali - Plitvice Holiday Resort\" \/>\n<meta property=\"og:description\" content=\"Scopri le straordinarie attrazioni naturali nei dintorni del Plitvice Holiday Resort, tra cui il Parco Nazionale dei Laghi di Plitvice e le Grotte di Bara\u0107.\" \/>\n<meta property=\"og:url\" content=\"https:\/\/www.plitvice.com\/it\/attrazioni-naturali\/\" \/>\n<meta property=\"og:site_name\" content=\"Plitvice Holiday Resort\" \/>\n<meta property=\"article:publisher\" content=\"https:\/\/www.facebook.com\/Plitviceholidayresort\/\" \/>\n<meta property=\"article:modified_time\" content=\"2025-02-15T12:22:24+00:00\" \/>\n<meta property=\"og:image\" content=\"https:\/\/www.plitvice.com\/wp-content\/uploads\/2024\/04\/Natural-Atractions_PHR.jpg\" \/>\n\t<meta property=\"og:image:width\" content=\"2000\" \/>\n\t<meta property=\"og:image:height\" content=\"1124\" \/>\n\t<meta property=\"og:image:type\" content=\"image\/jpeg\" \/>\n<meta name=\"twitter:card\" content=\"summary_large_image\" \/>\n<meta name=\"twitter:label1\" content=\"Tempo di lettura stimato\" \/>\n\t<meta name=\"twitter:data1\" content=\"1 minuto\" \/>\n<script type=\"application\/ld+json\" class=\"yoast-schema-graph\">{\"@context\":\"https:\/\/schema.org\",\"@graph\":[{\"@type\":\"WebPage\",\"@id\":\"https:\/\/www.plitvice.com\/it\/attrazioni-naturali\/\",\"url\":\"https:\/\/www.plitvice.com\/it\/attrazioni-naturali\/\",\"name\":\"Attrazioni naturali - Plitvice Holiday Resort\",\"isPartOf\":{\"@id\":\"https:\/\/www.plitvice.com\/it\/#website\"},\"primaryImageOfPage\":{\"@id\":\"https:\/\/www.plitvice.com\/it\/attrazioni-naturali\/#primaryimage\"},\"image\":{\"@id\":\"https:\/\/www.plitvice.com\/it\/attrazioni-naturali\/#primaryimage\"},\"thumbnailUrl\":\"https:\/\/www.plitvice.com\/wp-content\/uploads\/2024\/04\/Natural-Atractions_PHR.jpg\",\"datePublished\":\"2024-04-25T14:58:25+00:00\",\"dateModified\":\"2025-02-15T12:22:24+00:00\",\"description\":\"Scopri le straordinarie attrazioni naturali nei dintorni del Plitvice Holiday Resort, tra cui il Parco Nazionale dei Laghi di Plitvice e le Grotte di Bara\u0107.\",\"breadcrumb\":{\"@id\":\"https:\/\/www.plitvice.com\/it\/attrazioni-naturali\/#breadcrumb\"},\"inLanguage\":\"it-IT\",\"potentialAction\":[{\"@type\":\"ReadAction\",\"target\":[\"https:\/\/www.plitvice.com\/it\/attrazioni-naturali\/\"]}]},{\"@type\":\"ImageObject\",\"inLanguage\":\"it-IT\",\"@id\":\"https:\/\/www.plitvice.com\/it\/attrazioni-naturali\/#primaryimage\",\"url\":\"https:\/\/www.plitvice.com\/wp-content\/uploads\/2024\/04\/Natural-Atractions_PHR.jpg\",\"contentUrl\":\"https:\/\/www.plitvice.com\/wp-content\/uploads\/2024\/04\/Natural-Atractions_PHR.jpg\",\"width\":2000,\"height\":1124},{\"@type\":\"BreadcrumbList\",\"@id\":\"https:\/\/www.plitvice.com\/it\/attrazioni-naturali\/#breadcrumb\",\"itemListElement\":[{\"@type\":\"ListItem\",\"position\":1,\"name\":\"Home\",\"item\":\"https:\/\/www.plitvice.com\/it\/\"},{\"@type\":\"ListItem\",\"position\":2,\"name\":\"Attrazioni naturali\"}]},{\"@type\":\"WebSite\",\"@id\":\"https:\/\/www.plitvice.com\/it\/#website\",\"url\":\"https:\/\/www.plitvice.com\/it\/\",\"name\":\"Plitvice\",\"description\":\"\",\"potentialAction\":[{\"@type\":\"SearchAction\",\"target\":{\"@type\":\"EntryPoint\",\"urlTemplate\":\"https:\/\/www.plitvice.com\/it\/?s={search_term_string}\"},\"query-input\":{\"@type\":\"PropertyValueSpecification\",\"valueRequired\":true,\"valueName\":\"search_term_string\"}}],\"inLanguage\":\"it-IT\"}]}<\/script>\n<!-- \/ Yoast SEO plugin. -->","yoast_head_json":{"title":"Attrazioni naturali - Plitvice Holiday Resort","description":"Scopri le straordinarie attrazioni naturali nei dintorni del Plitvice Holiday Resort, tra cui il Parco Nazionale dei Laghi di Plitvice e le Grotte di Bara\u0107.","robots":{"index":"index","follow":"follow","max-snippet":"max-snippet:-1","max-image-preview":"max-image-preview:large","max-video-preview":"max-video-preview:-1"},"canonical":"https:\/\/www.plitvice.com\/it\/attrazioni-naturali\/","og_locale":"it_IT","og_type":"article","og_title":"Attrazioni naturali - Plitvice Holiday Resort","og_description":"Scopri le straordinarie attrazioni naturali nei dintorni del Plitvice Holiday Resort, tra cui il Parco Nazionale dei Laghi di Plitvice e le Grotte di Bara\u0107.","og_url":"https:\/\/www.plitvice.com\/it\/attrazioni-naturali\/","og_site_name":"Plitvice Holiday Resort","article_publisher":"https:\/\/www.facebook.com\/Plitviceholidayresort\/","article_modified_time":"2025-02-15T12:22:24+00:00","og_image":[{"width":2000,"height":1124,"url":"https:\/\/www.plitvice.com\/wp-content\/uploads\/2024\/04\/Natural-Atractions_PHR.jpg","type":"image\/jpeg"}],"twitter_card":"summary_large_image","twitter_misc":{"Tempo di lettura stimato":"1 minuto"},"schema":{"@context":"https:\/\/schema.org","@graph":[{"@type":"WebPage","@id":"https:\/\/www.plitvice.com\/it\/attrazioni-naturali\/","url":"https:\/\/www.plitvice.com\/it\/attrazioni-naturali\/","name":"Attrazioni naturali - Plitvice Holiday Resort","isPartOf":{"@id":"https:\/\/www.plitvice.com\/it\/#website"},"primaryImageOfPage":{"@id":"https:\/\/www.plitvice.com\/it\/attrazioni-naturali\/#primaryimage"},"image":{"@id":"https:\/\/www.plitvice.com\/it\/attrazioni-naturali\/#primaryimage"},"thumbnailUrl":"https:\/\/www.plitvice.com\/wp-content\/uploads\/2024\/04\/Natural-Atractions_PHR.jpg","datePublished":"2024-04-25T14:58:25+00:00","dateModified":"2025-02-15T12:22:24+00:00","description":"Scopri le straordinarie attrazioni naturali nei dintorni del Plitvice Holiday Resort, tra cui il Parco Nazionale dei Laghi di Plitvice e le Grotte di Bara\u0107.","breadcrumb":{"@id":"https:\/\/www.plitvice.com\/it\/attrazioni-naturali\/#breadcrumb"},"inLanguage":"it-IT","potentialAction":[{"@type":"ReadAction","target":["https:\/\/www.plitvice.com\/it\/attrazioni-naturali\/"]}]},{"@type":"ImageObject","inLanguage":"it-IT","@id":"https:\/\/www.plitvice.com\/it\/attrazioni-naturali\/#primaryimage","url":"https:\/\/www.plitvice.com\/wp-content\/uploads\/2024\/04\/Natural-Atractions_PHR.jpg","contentUrl":"https:\/\/www.plitvice.com\/wp-content\/uploads\/2024\/04\/Natural-Atractions_PHR.jpg","width":2000,"height":1124},{"@type":"BreadcrumbList","@id":"https:\/\/www.plitvice.com\/it\/attrazioni-naturali\/#breadcrumb","itemListElement":[{"@type":"ListItem","position":1,"name":"Home","item":"https:\/\/www.plitvice.com\/it\/"},{"@type":"ListItem","position":2,"name":"Attrazioni naturali"}]},{"@type":"WebSite","@id":"https:\/\/www.plitvice.com\/it\/#website","url":"https:\/\/www.plitvice.com\/it\/","name":"Plitvice","description":"","potentialAction":[{"@type":"SearchAction","target":{"@type":"EntryPoint","urlTemplate":"https:\/\/www.plitvice.com\/it\/?s={search_term_string}"},"query-input":{"@type":"PropertyValueSpecification","valueRequired":true,"valueName":"search_term_string"}}],"inLanguage":"it-IT"}]}},"_links":{"self":[{"href":"https:\/\/www.plitvice.com\/it\/wp-json\/wp\/v2\/pages\/1170","targetHints":{"allow":["GET"]}}],"collection":[{"href":"https:\/\/www.plitvice.com\/it\/wp-json\/wp\/v2\/pages"}],"about":[{"href":"https:\/\/www.plitvice.com\/it\/wp-json\/wp\/v2\/types\/page"}],"author":[{"embeddable":true,"href":"https:\/\/www.plitvice.com\/it\/wp-json\/wp\/v2\/users\/1"}],"replies":[{"embeddable":true,"href":"https:\/\/www.plitvice.com\/it\/wp-json\/wp\/v2\/comments?post=1170"}],"version-history":[{"count":3,"href":"https:\/\/www.plitvice.com\/it\/wp-json\/wp\/v2\/pages\/1170\/revisions"}],"predecessor-version":[{"id":4365,"href":"https:\/\/www.plitvice.com\/it\/wp-json\/wp\/v2\/pages\/1170\/revisions\/4365"}],"wp:featuredmedia":[{"embeddable":true,"href":"https:\/\/www.plitvice.com\/it\/wp-json\/wp\/v2\/media\/630"}],"wp:attachment":[{"href":"https:\/\/www.plitvice.com\/it\/wp-json\/wp\/v2\/media?parent=1170"}],"curies":[{"name":"wp","href":"https:\/\/api.w.org\/{rel}","templated":true}]}}