{"id":1128,"date":"2024-04-25T16:58:56","date_gmt":"2024-04-25T14:58:56","guid":{"rendered":"https:\/\/plitvice.webuciliste.com\/teambuilding\/"},"modified":"2026-02-04T07:16:01","modified_gmt":"2026-02-04T06:16:01","slug":"teambuilding","status":"publish","type":"page","link":"https:\/\/www.plitvice.com\/it\/teambuilding\/","title":{"rendered":"Teambuilding"},"content":{"rendered":"<h2 class=\"green-color mb-md-5 mb-3\"><span style=\"font-weight: 400;\">Esperienza unica e indimenticabile per il tuo team<\/span><\/h2>\n<p><span style=\"font-weight: 400;\">State cercando il luogo perfetto per il vostro prossimo evento di team building? Non cercate oltre: il nostro resort, situato nel cuore della natura, non lontano dal Parco Nazionale dei Laghi di Plitvice, \u00e8 quello che fa per voi. Attorniato da una vegetazione lussureggiante, il Plitvice Holiday Resort offre un&#8217;esperienza unica e indimenticabile che rinsalder\u00e0 il senso di appartenenza, rilasser\u00e0 e creer\u00e0 la giusta complicit\u00e0 tra i membri del vostro team.<\/span><\/p>\n<p><span style=\"font-weight: 400;\">Fuggite dalla monotonia del classico team building e immergetevi nell\u2019indimenticabile esperienza di un&#8217;avventura esclusiva insieme con i vostri colleghi. Le nostre case mobili, le splendide casette tra le fronde degli alberi e gli chalet in riva al lago offrono lo sfondo perfetto per favorire la nascita di relazioni importanti e per rafforzare il lavoro di squadra in un ambiente quieto e pittoresco. Dite addio alle noiose sale conferenze degli hotel e date il benvenuto a un&#8217;esperienza di connessione unica che lascer\u00e0 un ricordo indelebile in tutto il vostro team.<\/span><\/p>\n<p><span style=\"font-weight: 400;\">Le nostre attivit\u00e0 di team building, pensate per divertire e costruire relazioni e fiducia, metteranno allegria e creeranno saldi legami tra i membri del vostro team in pochissimo tempo. Oltre al resort, anche l&#8217;area circostante offre numerose opportunit\u00e0 per avventure all&#8217;aria aperta. Tra esse segnaliamo il kayak, l\u2019equitazione ricreativa, il cicloturismo, le escursioni in quad, un parco avventura nel segno dell\u2019adrenalina e tanto altro ancora. Il vostro team \u00e8 in cerca di esperienze eccitanti, oppure preferite qualcosa di pi\u00f9 soft? Niente paura: ce n\u2019\u00e8 per tutti i gusti!<\/span><\/p>\n<p><span style=\"font-weight: 400;\">Unitevi a noi e vivrete in prima persona la bellezza della natura e degli spazi aperti del nostro resort, mentre tra i vostri colleghi nasceranno rapporti che dureranno nel tempo. \u00c8 difficile che qualcuno resti indifferente all\u2019offerta di team building del nostro resort: in esso vivrete esperienze uniche che saranno raccontate per tanto tempo e renderanno il vostro team ancora pi\u00f9 omogeneo e coeso.<br \/>\n<\/span><\/p>\n","protected":false},"excerpt":{"rendered":"<p>Esperienza unica e indimenticabile per il tuo team State cercando il luogo perfetto per il vostro prossimo evento di team building? Non cercate oltre: il nostro resort, situato nel cuore della natura, non lontano dal Parco Nazionale dei Laghi di Plitvice, \u00e8 quello che fa per voi. Attorniato da una vegetazione lussureggiante, il Plitvice Holiday<\/p>\n","protected":false},"author":1,"featured_media":639,"parent":0,"menu_order":0,"comment_status":"closed","ping_status":"closed","template":"page-templates\/weddings.php","meta":{"_acf_changed":false,"footnotes":""},"class_list":["post-1128","page","type-page","status-publish","has-post-thumbnail","hentry"],"acf":[],"yoast_head":"<!-- This site is optimized with the Yoast SEO plugin v27.1.1 - https:\/\/yoast.com\/product\/yoast-seo-wordpress\/ -->\n<title>Team Building nella Natura | Plitvice Holiday Resort<\/title>\n<meta name=\"description\" content=\"Rafforza il tuo team nella natura! Attivit\u00e0 di team building avventurose e rilassanti nel cuore del Plitvice Holiday Resort.\" \/>\n<meta name=\"robots\" content=\"index, follow, max-snippet:-1, max-image-preview:large, max-video-preview:-1\" \/>\n<link rel=\"canonical\" href=\"https:\/\/www.plitvice.com\/it\/teambuilding\/\" \/>\n<meta property=\"og:locale\" content=\"it_IT\" \/>\n<meta property=\"og:type\" content=\"article\" \/>\n<meta property=\"og:title\" content=\"Team Building nella Natura | Plitvice Holiday Resort\" \/>\n<meta property=\"og:description\" content=\"Rafforza il tuo team nella natura! Attivit\u00e0 di team building avventurose e rilassanti nel cuore del Plitvice Holiday Resort.\" \/>\n<meta property=\"og:url\" content=\"https:\/\/www.plitvice.com\/it\/teambuilding\/\" \/>\n<meta property=\"og:site_name\" content=\"Plitvice Holiday Resort\" \/>\n<meta property=\"article:publisher\" content=\"https:\/\/www.facebook.com\/Plitviceholidayresort\/\" \/>\n<meta property=\"article:modified_time\" content=\"2026-02-04T06:16:01+00:00\" \/>\n<meta property=\"og:image\" content=\"https:\/\/www.plitvice.com\/wp-content\/uploads\/2024\/04\/teambuilding_PHR.jpg\" \/>\n\t<meta property=\"og:image:width\" content=\"2000\" \/>\n\t<meta property=\"og:image:height\" content=\"1124\" \/>\n\t<meta property=\"og:image:type\" content=\"image\/jpeg\" \/>\n<meta name=\"twitter:card\" content=\"summary_large_image\" \/>\n<meta name=\"twitter:label1\" content=\"Tempo di lettura stimato\" \/>\n\t<meta name=\"twitter:data1\" content=\"2 minuti\" \/>\n<script type=\"application\/ld+json\" class=\"yoast-schema-graph\">{\"@context\":\"https:\/\/schema.org\",\"@graph\":[{\"@type\":\"WebPage\",\"@id\":\"https:\/\/www.plitvice.com\/it\/teambuilding\/\",\"url\":\"https:\/\/www.plitvice.com\/it\/teambuilding\/\",\"name\":\"Team Building nella Natura | Plitvice Holiday Resort\",\"isPartOf\":{\"@id\":\"https:\/\/www.plitvice.com\/it\/#website\"},\"primaryImageOfPage\":{\"@id\":\"https:\/\/www.plitvice.com\/it\/teambuilding\/#primaryimage\"},\"image\":{\"@id\":\"https:\/\/www.plitvice.com\/it\/teambuilding\/#primaryimage\"},\"thumbnailUrl\":\"https:\/\/www.plitvice.com\/wp-content\/uploads\/2024\/04\/teambuilding_PHR.jpg\",\"datePublished\":\"2024-04-25T14:58:56+00:00\",\"dateModified\":\"2026-02-04T06:16:01+00:00\",\"description\":\"Rafforza il tuo team nella natura! Attivit\u00e0 di team building avventurose e rilassanti nel cuore del Plitvice Holiday Resort.\",\"breadcrumb\":{\"@id\":\"https:\/\/www.plitvice.com\/it\/teambuilding\/#breadcrumb\"},\"inLanguage\":\"it-IT\",\"potentialAction\":[{\"@type\":\"ReadAction\",\"target\":[\"https:\/\/www.plitvice.com\/it\/teambuilding\/\"]}]},{\"@type\":\"ImageObject\",\"inLanguage\":\"it-IT\",\"@id\":\"https:\/\/www.plitvice.com\/it\/teambuilding\/#primaryimage\",\"url\":\"https:\/\/www.plitvice.com\/wp-content\/uploads\/2024\/04\/teambuilding_PHR.jpg\",\"contentUrl\":\"https:\/\/www.plitvice.com\/wp-content\/uploads\/2024\/04\/teambuilding_PHR.jpg\",\"width\":2000,\"height\":1124},{\"@type\":\"BreadcrumbList\",\"@id\":\"https:\/\/www.plitvice.com\/it\/teambuilding\/#breadcrumb\",\"itemListElement\":[{\"@type\":\"ListItem\",\"position\":1,\"name\":\"Home\",\"item\":\"https:\/\/www.plitvice.com\/it\/\"},{\"@type\":\"ListItem\",\"position\":2,\"name\":\"Teambuilding\"}]},{\"@type\":\"WebSite\",\"@id\":\"https:\/\/www.plitvice.com\/it\/#website\",\"url\":\"https:\/\/www.plitvice.com\/it\/\",\"name\":\"Plitvice\",\"description\":\"\",\"potentialAction\":[{\"@type\":\"SearchAction\",\"target\":{\"@type\":\"EntryPoint\",\"urlTemplate\":\"https:\/\/www.plitvice.com\/it\/?s={search_term_string}\"},\"query-input\":{\"@type\":\"PropertyValueSpecification\",\"valueRequired\":true,\"valueName\":\"search_term_string\"}}],\"inLanguage\":\"it-IT\"}]}<\/script>\n<!-- \/ Yoast SEO plugin. -->","yoast_head_json":{"title":"Team Building nella Natura | Plitvice Holiday Resort","description":"Rafforza il tuo team nella natura! Attivit\u00e0 di team building avventurose e rilassanti nel cuore del Plitvice Holiday Resort.","robots":{"index":"index","follow":"follow","max-snippet":"max-snippet:-1","max-image-preview":"max-image-preview:large","max-video-preview":"max-video-preview:-1"},"canonical":"https:\/\/www.plitvice.com\/it\/teambuilding\/","og_locale":"it_IT","og_type":"article","og_title":"Team Building nella Natura | Plitvice Holiday Resort","og_description":"Rafforza il tuo team nella natura! Attivit\u00e0 di team building avventurose e rilassanti nel cuore del Plitvice Holiday Resort.","og_url":"https:\/\/www.plitvice.com\/it\/teambuilding\/","og_site_name":"Plitvice Holiday Resort","article_publisher":"https:\/\/www.facebook.com\/Plitviceholidayresort\/","article_modified_time":"2026-02-04T06:16:01+00:00","og_image":[{"width":2000,"height":1124,"url":"https:\/\/www.plitvice.com\/wp-content\/uploads\/2024\/04\/teambuilding_PHR.jpg","type":"image\/jpeg"}],"twitter_card":"summary_large_image","twitter_misc":{"Tempo di lettura stimato":"2 minuti"},"schema":{"@context":"https:\/\/schema.org","@graph":[{"@type":"WebPage","@id":"https:\/\/www.plitvice.com\/it\/teambuilding\/","url":"https:\/\/www.plitvice.com\/it\/teambuilding\/","name":"Team Building nella Natura | Plitvice Holiday Resort","isPartOf":{"@id":"https:\/\/www.plitvice.com\/it\/#website"},"primaryImageOfPage":{"@id":"https:\/\/www.plitvice.com\/it\/teambuilding\/#primaryimage"},"image":{"@id":"https:\/\/www.plitvice.com\/it\/teambuilding\/#primaryimage"},"thumbnailUrl":"https:\/\/www.plitvice.com\/wp-content\/uploads\/2024\/04\/teambuilding_PHR.jpg","datePublished":"2024-04-25T14:58:56+00:00","dateModified":"2026-02-04T06:16:01+00:00","description":"Rafforza il tuo team nella natura! Attivit\u00e0 di team building avventurose e rilassanti nel cuore del Plitvice Holiday Resort.","breadcrumb":{"@id":"https:\/\/www.plitvice.com\/it\/teambuilding\/#breadcrumb"},"inLanguage":"it-IT","potentialAction":[{"@type":"ReadAction","target":["https:\/\/www.plitvice.com\/it\/teambuilding\/"]}]},{"@type":"ImageObject","inLanguage":"it-IT","@id":"https:\/\/www.plitvice.com\/it\/teambuilding\/#primaryimage","url":"https:\/\/www.plitvice.com\/wp-content\/uploads\/2024\/04\/teambuilding_PHR.jpg","contentUrl":"https:\/\/www.plitvice.com\/wp-content\/uploads\/2024\/04\/teambuilding_PHR.jpg","width":2000,"height":1124},{"@type":"BreadcrumbList","@id":"https:\/\/www.plitvice.com\/it\/teambuilding\/#breadcrumb","itemListElement":[{"@type":"ListItem","position":1,"name":"Home","item":"https:\/\/www.plitvice.com\/it\/"},{"@type":"ListItem","position":2,"name":"Teambuilding"}]},{"@type":"WebSite","@id":"https:\/\/www.plitvice.com\/it\/#website","url":"https:\/\/www.plitvice.com\/it\/","name":"Plitvice","description":"","potentialAction":[{"@type":"SearchAction","target":{"@type":"EntryPoint","urlTemplate":"https:\/\/www.plitvice.com\/it\/?s={search_term_string}"},"query-input":{"@type":"PropertyValueSpecification","valueRequired":true,"valueName":"search_term_string"}}],"inLanguage":"it-IT"}]}},"_links":{"self":[{"href":"https:\/\/www.plitvice.com\/it\/wp-json\/wp\/v2\/pages\/1128","targetHints":{"allow":["GET"]}}],"collection":[{"href":"https:\/\/www.plitvice.com\/it\/wp-json\/wp\/v2\/pages"}],"about":[{"href":"https:\/\/www.plitvice.com\/it\/wp-json\/wp\/v2\/types\/page"}],"author":[{"embeddable":true,"href":"https:\/\/www.plitvice.com\/it\/wp-json\/wp\/v2\/users\/1"}],"replies":[{"embeddable":true,"href":"https:\/\/www.plitvice.com\/it\/wp-json\/wp\/v2\/comments?post=1128"}],"version-history":[{"count":1,"href":"https:\/\/www.plitvice.com\/it\/wp-json\/wp\/v2\/pages\/1128\/revisions"}],"predecessor-version":[{"id":4370,"href":"https:\/\/www.plitvice.com\/it\/wp-json\/wp\/v2\/pages\/1128\/revisions\/4370"}],"wp:featuredmedia":[{"embeddable":true,"href":"https:\/\/www.plitvice.com\/it\/wp-json\/wp\/v2\/media\/639"}],"wp:attachment":[{"href":"https:\/\/www.plitvice.com\/it\/wp-json\/wp\/v2\/media?parent=1128"}],"curies":[{"name":"wp","href":"https:\/\/api.w.org\/{rel}","templated":true}]}}