{"id":1127,"date":"2024-04-19T17:47:44","date_gmt":"2024-04-19T15:47:44","guid":{"rendered":"https:\/\/plitvice.webuciliste.com\/matrimoni\/"},"modified":"2025-02-16T09:54:09","modified_gmt":"2025-02-16T08:54:09","slug":"matrimoni","status":"publish","type":"page","link":"https:\/\/www.plitvice.com\/it\/matrimoni\/","title":{"rendered":"Matrimoni"},"content":{"rendered":"<h2 class=\"green-color mb-md-5 mb-3\"><span style=\"font-weight: 400;\">Benvenuti al Plitvice Holiday Resort, dove i vostri sogni diventano realt\u00e0! <\/span><\/h2>\n<p><span style=\"font-weight: 400;\">Congratulazioni! Con il vostro fidanzamento, la vostra storia d\u2019amore ha iniziato un nuovo capitolo! \u00c8 tempo di pianificare nel dettaglio il giorno del fatidico \u201cs\u00ec\u201d. Se sognate un matrimonio per pochi intimi, il Plitvice Holiday Resort \u00e8 pronto a realizzare la vostra visione della cerimonia nuziale all\u2019aperto.<\/span><\/p>\n<p><span style=\"font-weight: 400;\">Sognate di scambiarvi la promessa d\u2019amore eterno nell\u2019ambiente naturale incontaminato del lago, oppure avete in mente una cerimonia romantica a bordo piscina? Il nostro staff, dall\u2019alto della sua esperienza, far\u00e0 di tutto per realizzare i vostri momenti pi\u00f9 belli. A voi non resta che rilassarvi, godervi il momento e condividere questo evento cos\u00ec romantico con i vostri cari.<\/span><\/p>\n<p><span style=\"font-weight: 400;\">Per garantire il massimo della privacy e dell\u2019intimit\u00e0 al vostro matrimonio, \u00e8 fondamentale prenotare tutte le strutture situate nella zona in cui si svolge la cerimonia, il che vi consentir\u00e0 di trascorrere il \u201cvostro\u201d giorno circondati soltanto dai vostri invitati.<\/span><\/p>\n<p><span style=\"font-weight: 400;\">Grazie alla nostra ricca offerta di bevande e prelibatezze culinarie, selezionate per esaudire i vostri desideri, saremo in grado di soddisfare anche i palati pi\u00f9 esigenti e raffinati, mentre la nostra pasticceria sapr\u00e0 arricchire e addolcire ogni istante del vostro evento speciale.<\/span><\/p>\n<p><span style=\"font-weight: 400;\">Per il matrimonio che avete sempre sognato, scegliete il nostro resort e consentiteci di raccontare la vostra storia d\u2019amore nella quiete di un\u2019oasi di pace, immersi nel verde pi\u00f9 rigoglioso e circondati dal profumo delle composizioni floreali. <\/span><\/p>\n","protected":false},"excerpt":{"rendered":"<p>Benvenuti al Plitvice Holiday Resort, dove i vostri sogni diventano realt\u00e0! Congratulazioni! Con il vostro fidanzamento, la vostra storia d\u2019amore ha iniziato un nuovo capitolo! \u00c8 tempo di pianificare nel dettaglio il giorno del fatidico \u201cs\u00ec\u201d. Se sognate un matrimonio per pochi intimi, il Plitvice Holiday Resort \u00e8 pronto a realizzare la vostra visione della<\/p>\n","protected":false},"author":1,"featured_media":1177,"parent":0,"menu_order":0,"comment_status":"closed","ping_status":"closed","template":"page-templates\/weddings.php","meta":{"_acf_changed":false,"footnotes":""},"class_list":["post-1127","page","type-page","status-publish","has-post-thumbnail","hentry"],"acf":[],"yoast_head":"<!-- This site is optimized with the Yoast SEO plugin v27.1.1 - https:\/\/yoast.com\/product\/yoast-seo-wordpress\/ -->\n<title>Matrimoni - Plitvice Holiday Resort<\/title>\n<meta name=\"description\" content=\"Sposatevi in un ambiente naturale mozzafiato e rendete il vostro giorno speciale davvero indimenticabile. Assicurati il \u200b\u200btuo posto oggi!\" \/>\n<meta name=\"robots\" content=\"index, follow, max-snippet:-1, max-image-preview:large, max-video-preview:-1\" \/>\n<link rel=\"canonical\" href=\"https:\/\/www.plitvice.com\/it\/matrimoni\/\" \/>\n<meta property=\"og:locale\" content=\"it_IT\" \/>\n<meta property=\"og:type\" content=\"article\" \/>\n<meta property=\"og:title\" content=\"Matrimoni - Plitvice Holiday Resort\" \/>\n<meta property=\"og:description\" content=\"Sposatevi in un ambiente naturale mozzafiato e rendete il vostro giorno speciale davvero indimenticabile. Assicurati il \u200b\u200btuo posto oggi!\" \/>\n<meta property=\"og:url\" content=\"https:\/\/www.plitvice.com\/it\/matrimoni\/\" \/>\n<meta property=\"og:site_name\" content=\"Plitvice Holiday Resort\" \/>\n<meta property=\"article:publisher\" content=\"https:\/\/www.facebook.com\/Plitviceholidayresort\/\" \/>\n<meta property=\"article:modified_time\" content=\"2025-02-16T08:54:09+00:00\" \/>\n<meta property=\"og:image\" content=\"https:\/\/www.plitvice.com\/wp-content\/uploads\/2024\/07\/Plitvice-Styled-Shoot-Love-and-Ventures-146-scaled.jpg\" \/>\n\t<meta property=\"og:image:width\" content=\"2560\" \/>\n\t<meta property=\"og:image:height\" content=\"1707\" \/>\n\t<meta property=\"og:image:type\" content=\"image\/jpeg\" \/>\n<meta name=\"twitter:card\" content=\"summary_large_image\" \/>\n<meta name=\"twitter:label1\" content=\"Tempo di lettura stimato\" \/>\n\t<meta name=\"twitter:data1\" content=\"2 minuti\" \/>\n<script type=\"application\/ld+json\" class=\"yoast-schema-graph\">{\"@context\":\"https:\/\/schema.org\",\"@graph\":[{\"@type\":\"WebPage\",\"@id\":\"https:\/\/www.plitvice.com\/it\/matrimoni\/\",\"url\":\"https:\/\/www.plitvice.com\/it\/matrimoni\/\",\"name\":\"Matrimoni - Plitvice Holiday Resort\",\"isPartOf\":{\"@id\":\"https:\/\/www.plitvice.com\/it\/#website\"},\"primaryImageOfPage\":{\"@id\":\"https:\/\/www.plitvice.com\/it\/matrimoni\/#primaryimage\"},\"image\":{\"@id\":\"https:\/\/www.plitvice.com\/it\/matrimoni\/#primaryimage\"},\"thumbnailUrl\":\"https:\/\/www.plitvice.com\/wp-content\/uploads\/2024\/07\/Plitvice-Styled-Shoot-Love-and-Ventures-146-scaled.jpg\",\"datePublished\":\"2024-04-19T15:47:44+00:00\",\"dateModified\":\"2025-02-16T08:54:09+00:00\",\"description\":\"Sposatevi in un ambiente naturale mozzafiato e rendete il vostro giorno speciale davvero indimenticabile. Assicurati il \u200b\u200btuo posto oggi!\",\"breadcrumb\":{\"@id\":\"https:\/\/www.plitvice.com\/it\/matrimoni\/#breadcrumb\"},\"inLanguage\":\"it-IT\",\"potentialAction\":[{\"@type\":\"ReadAction\",\"target\":[\"https:\/\/www.plitvice.com\/it\/matrimoni\/\"]}]},{\"@type\":\"ImageObject\",\"inLanguage\":\"it-IT\",\"@id\":\"https:\/\/www.plitvice.com\/it\/matrimoni\/#primaryimage\",\"url\":\"https:\/\/www.plitvice.com\/wp-content\/uploads\/2024\/07\/Plitvice-Styled-Shoot-Love-and-Ventures-146-scaled.jpg\",\"contentUrl\":\"https:\/\/www.plitvice.com\/wp-content\/uploads\/2024\/07\/Plitvice-Styled-Shoot-Love-and-Ventures-146-scaled.jpg\",\"width\":2560,\"height\":1707},{\"@type\":\"BreadcrumbList\",\"@id\":\"https:\/\/www.plitvice.com\/it\/matrimoni\/#breadcrumb\",\"itemListElement\":[{\"@type\":\"ListItem\",\"position\":1,\"name\":\"Home\",\"item\":\"https:\/\/www.plitvice.com\/it\/\"},{\"@type\":\"ListItem\",\"position\":2,\"name\":\"Matrimoni\"}]},{\"@type\":\"WebSite\",\"@id\":\"https:\/\/www.plitvice.com\/it\/#website\",\"url\":\"https:\/\/www.plitvice.com\/it\/\",\"name\":\"Plitvice\",\"description\":\"\",\"potentialAction\":[{\"@type\":\"SearchAction\",\"target\":{\"@type\":\"EntryPoint\",\"urlTemplate\":\"https:\/\/www.plitvice.com\/it\/?s={search_term_string}\"},\"query-input\":{\"@type\":\"PropertyValueSpecification\",\"valueRequired\":true,\"valueName\":\"search_term_string\"}}],\"inLanguage\":\"it-IT\"}]}<\/script>\n<!-- \/ Yoast SEO plugin. -->","yoast_head_json":{"title":"Matrimoni - Plitvice Holiday Resort","description":"Sposatevi in un ambiente naturale mozzafiato e rendete il vostro giorno speciale davvero indimenticabile. Assicurati il \u200b\u200btuo posto oggi!","robots":{"index":"index","follow":"follow","max-snippet":"max-snippet:-1","max-image-preview":"max-image-preview:large","max-video-preview":"max-video-preview:-1"},"canonical":"https:\/\/www.plitvice.com\/it\/matrimoni\/","og_locale":"it_IT","og_type":"article","og_title":"Matrimoni - Plitvice Holiday Resort","og_description":"Sposatevi in un ambiente naturale mozzafiato e rendete il vostro giorno speciale davvero indimenticabile. Assicurati il \u200b\u200btuo posto oggi!","og_url":"https:\/\/www.plitvice.com\/it\/matrimoni\/","og_site_name":"Plitvice Holiday Resort","article_publisher":"https:\/\/www.facebook.com\/Plitviceholidayresort\/","article_modified_time":"2025-02-16T08:54:09+00:00","og_image":[{"width":2560,"height":1707,"url":"https:\/\/www.plitvice.com\/wp-content\/uploads\/2024\/07\/Plitvice-Styled-Shoot-Love-and-Ventures-146-scaled.jpg","type":"image\/jpeg"}],"twitter_card":"summary_large_image","twitter_misc":{"Tempo di lettura stimato":"2 minuti"},"schema":{"@context":"https:\/\/schema.org","@graph":[{"@type":"WebPage","@id":"https:\/\/www.plitvice.com\/it\/matrimoni\/","url":"https:\/\/www.plitvice.com\/it\/matrimoni\/","name":"Matrimoni - Plitvice Holiday Resort","isPartOf":{"@id":"https:\/\/www.plitvice.com\/it\/#website"},"primaryImageOfPage":{"@id":"https:\/\/www.plitvice.com\/it\/matrimoni\/#primaryimage"},"image":{"@id":"https:\/\/www.plitvice.com\/it\/matrimoni\/#primaryimage"},"thumbnailUrl":"https:\/\/www.plitvice.com\/wp-content\/uploads\/2024\/07\/Plitvice-Styled-Shoot-Love-and-Ventures-146-scaled.jpg","datePublished":"2024-04-19T15:47:44+00:00","dateModified":"2025-02-16T08:54:09+00:00","description":"Sposatevi in un ambiente naturale mozzafiato e rendete il vostro giorno speciale davvero indimenticabile. Assicurati il \u200b\u200btuo posto oggi!","breadcrumb":{"@id":"https:\/\/www.plitvice.com\/it\/matrimoni\/#breadcrumb"},"inLanguage":"it-IT","potentialAction":[{"@type":"ReadAction","target":["https:\/\/www.plitvice.com\/it\/matrimoni\/"]}]},{"@type":"ImageObject","inLanguage":"it-IT","@id":"https:\/\/www.plitvice.com\/it\/matrimoni\/#primaryimage","url":"https:\/\/www.plitvice.com\/wp-content\/uploads\/2024\/07\/Plitvice-Styled-Shoot-Love-and-Ventures-146-scaled.jpg","contentUrl":"https:\/\/www.plitvice.com\/wp-content\/uploads\/2024\/07\/Plitvice-Styled-Shoot-Love-and-Ventures-146-scaled.jpg","width":2560,"height":1707},{"@type":"BreadcrumbList","@id":"https:\/\/www.plitvice.com\/it\/matrimoni\/#breadcrumb","itemListElement":[{"@type":"ListItem","position":1,"name":"Home","item":"https:\/\/www.plitvice.com\/it\/"},{"@type":"ListItem","position":2,"name":"Matrimoni"}]},{"@type":"WebSite","@id":"https:\/\/www.plitvice.com\/it\/#website","url":"https:\/\/www.plitvice.com\/it\/","name":"Plitvice","description":"","potentialAction":[{"@type":"SearchAction","target":{"@type":"EntryPoint","urlTemplate":"https:\/\/www.plitvice.com\/it\/?s={search_term_string}"},"query-input":{"@type":"PropertyValueSpecification","valueRequired":true,"valueName":"search_term_string"}}],"inLanguage":"it-IT"}]}},"_links":{"self":[{"href":"https:\/\/www.plitvice.com\/it\/wp-json\/wp\/v2\/pages\/1127","targetHints":{"allow":["GET"]}}],"collection":[{"href":"https:\/\/www.plitvice.com\/it\/wp-json\/wp\/v2\/pages"}],"about":[{"href":"https:\/\/www.plitvice.com\/it\/wp-json\/wp\/v2\/types\/page"}],"author":[{"embeddable":true,"href":"https:\/\/www.plitvice.com\/it\/wp-json\/wp\/v2\/users\/1"}],"replies":[{"embeddable":true,"href":"https:\/\/www.plitvice.com\/it\/wp-json\/wp\/v2\/comments?post=1127"}],"version-history":[{"count":1,"href":"https:\/\/www.plitvice.com\/it\/wp-json\/wp\/v2\/pages\/1127\/revisions"}],"predecessor-version":[{"id":4368,"href":"https:\/\/www.plitvice.com\/it\/wp-json\/wp\/v2\/pages\/1127\/revisions\/4368"}],"wp:featuredmedia":[{"embeddable":true,"href":"https:\/\/www.plitvice.com\/it\/wp-json\/wp\/v2\/media\/1177"}],"wp:attachment":[{"href":"https:\/\/www.plitvice.com\/it\/wp-json\/wp\/v2\/media?parent=1127"}],"curies":[{"name":"wp","href":"https:\/\/api.w.org\/{rel}","templated":true}]}}