{"id":676,"date":"2024-04-25T16:58:56","date_gmt":"2024-04-25T14:58:56","guid":{"rendered":"https:\/\/plitvice.webuciliste.com\/teambuilding\/"},"modified":"2026-02-04T07:15:09","modified_gmt":"2026-02-04T06:15:09","slug":"teambuilding","status":"publish","type":"page","link":"https:\/\/www.plitvice.com\/hr\/teambuilding\/","title":{"rendered":"Teambuilding"},"content":{"rendered":"<h2 class=\"green-color mb-md-5 mb-3\"><span style=\"font-weight: 400;\">Jedinstveno i nezaboravno iskustvo za va\u0161 tim<\/span><\/h2>\n<p><span style=\"font-weight: 400;\">Tra\u017eite savr\u0161eno mjesto za svoj sljede\u0107i team building doga\u0111aj? Ne tra\u017eite dalje od na\u0161eg posebnog resorta smje\u0161tenog u srcu prirode, nedaleko od Nacionalnog parka Plitvi\u010dka jezera. Okru\u017een bujnim zelenilom, Plitvice Holiday Resort pru\u017ea jedinstveno i nezaboravno iskustvo koje \u0107e okupiti va\u0161 tim, opustiti ih i zbli\u017eiti.<\/span><\/p>\n<p><span style=\"font-weight: 400;\">Pobjegnite od monotonije tradicionalnog team buildinga i uronite u doista nezaboravno iskustvo upu\u0161taju\u0107i se u luksuznu avanturu sa svojim kolegama. Na\u0161e mobilne ku\u0107ice, zadivljuju\u0107e ku\u0107ice u kro\u0161njama i ku\u0107ice uz jezero nude savr\u0161enu pozadinu za poticanje smislenih veza i ja\u010danje timskog rada u mirnom i slikovitom okru\u017eenju. Recite zbogom dosadnim hotelskim konferencijskim sobama i pozdravite jedinstveno iskustvo povezivanja koje \u0107e ostaviti trajan dojam na cijeli va\u0161 tim.<\/span><\/p>\n<p><span style=\"font-weight: 400;\">Na\u0161e zabavne aktivnosti, osmi\u0161ljene za izgradnju odnosa i povjerenja, u trenu \u0107e nasmijati i zbli\u017eiti cijeli va\u0161 tim. Osim resorta, okolica tako\u0111er nudi brojne mogu\u0107nosti za avanturu na otvorenom, uklju\u010duju\u0107i vo\u017enju kajakom, jahanje, vo\u017enju biciklom, vo\u017enju quadovima, adrenalin park te mnoge druge aktivnosti. Bilo da va\u0161 tim tra\u017ei uzbudljivo ili le\u017eernije iskustvo, imamo pone\u0161to za svakoga.<\/span><\/p>\n<p><span style=\"font-weight: 400;\">Pridru\u017eite nam se, do\u017eivite ljepotu prirode i otvorenog prostora dok gradite trajne veze sa svojim kolegama. Na\u0161 resort nikoga ne\u0107e ostaviti ravnodu\u0161nim i stvoriti \u0107e nenadma\u0161no iskustvo koje \u0107e se prepri\u010davati, a va\u0161 tim u\u010diniti homogenijim i povezanijim.<br \/>\n<\/span><\/p>\n","protected":false},"excerpt":{"rendered":"<p>Jedinstveno i nezaboravno iskustvo za va\u0161 tim Tra\u017eite savr\u0161eno mjesto za svoj sljede\u0107i team building doga\u0111aj? Ne tra\u017eite dalje od na\u0161eg posebnog resorta smje\u0161tenog u srcu prirode, nedaleko od Nacionalnog parka Plitvi\u010dka jezera. Okru\u017een bujnim zelenilom, Plitvice Holiday Resort pru\u017ea jedinstveno i nezaboravno iskustvo koje \u0107e okupiti va\u0161 tim, opustiti ih i zbli\u017eiti. Pobjegnite od<\/p>\n","protected":false},"author":1,"featured_media":637,"parent":0,"menu_order":0,"comment_status":"closed","ping_status":"closed","template":"page-templates\/weddings.php","meta":{"_acf_changed":false,"footnotes":""},"class_list":["post-676","page","type-page","status-publish","has-post-thumbnail","hentry"],"acf":[],"yoast_head":"<!-- This site is optimized with the Yoast SEO plugin v27.1.1 - https:\/\/yoast.com\/product\/yoast-seo-wordpress\/ -->\n<title>Team building u prirodi | Plitvice Holiday Resort<\/title>\n<meta name=\"description\" content=\"Oja\u010dajte timski duh uz na\u0161e prilago\u0111ene teambuilding aktivnosti u Plitvice Holiday Resortu, s avanturama na otvorenom i grupnim izazovima.\" \/>\n<meta name=\"robots\" content=\"index, follow, max-snippet:-1, max-image-preview:large, max-video-preview:-1\" \/>\n<link rel=\"canonical\" href=\"https:\/\/www.plitvice.com\/hr\/teambuilding\/\" \/>\n<meta property=\"og:locale\" content=\"hr_HR\" \/>\n<meta property=\"og:type\" content=\"article\" \/>\n<meta property=\"og:title\" content=\"Team building u prirodi | Plitvice Holiday Resort\" \/>\n<meta property=\"og:description\" content=\"Oja\u010dajte timski duh uz na\u0161e prilago\u0111ene teambuilding aktivnosti u Plitvice Holiday Resortu, s avanturama na otvorenom i grupnim izazovima.\" \/>\n<meta property=\"og:url\" content=\"https:\/\/www.plitvice.com\/hr\/teambuilding\/\" \/>\n<meta property=\"og:site_name\" content=\"Plitvice Holiday Resort\" \/>\n<meta property=\"article:publisher\" content=\"https:\/\/www.facebook.com\/Plitviceholidayresort\/\" \/>\n<meta property=\"article:modified_time\" content=\"2026-02-04T06:15:09+00:00\" \/>\n<meta property=\"og:image\" content=\"https:\/\/www.plitvice.com\/wp-content\/uploads\/2024\/04\/teambuilding_PHR.jpg\" \/>\n\t<meta property=\"og:image:width\" content=\"2000\" \/>\n\t<meta property=\"og:image:height\" content=\"1124\" \/>\n\t<meta property=\"og:image:type\" content=\"image\/jpeg\" \/>\n<meta name=\"twitter:card\" content=\"summary_large_image\" \/>\n<meta name=\"twitter:label1\" content=\"Procijenjeno vrijeme \u010ditanja\" \/>\n\t<meta name=\"twitter:data1\" content=\"2 minute\" \/>\n<script type=\"application\/ld+json\" class=\"yoast-schema-graph\">{\"@context\":\"https:\/\/schema.org\",\"@graph\":[{\"@type\":\"WebPage\",\"@id\":\"https:\/\/www.plitvice.com\/hr\/teambuilding\/\",\"url\":\"https:\/\/www.plitvice.com\/hr\/teambuilding\/\",\"name\":\"Team building u prirodi | Plitvice Holiday Resort\",\"isPartOf\":{\"@id\":\"https:\/\/www.plitvice.com\/hr\/#website\"},\"primaryImageOfPage\":{\"@id\":\"https:\/\/www.plitvice.com\/hr\/teambuilding\/#primaryimage\"},\"image\":{\"@id\":\"https:\/\/www.plitvice.com\/hr\/teambuilding\/#primaryimage\"},\"thumbnailUrl\":\"https:\/\/www.plitvice.com\/wp-content\/uploads\/2024\/04\/teambuilding_PHR.jpg\",\"datePublished\":\"2024-04-25T14:58:56+00:00\",\"dateModified\":\"2026-02-04T06:15:09+00:00\",\"description\":\"Oja\u010dajte timski duh uz na\u0161e prilago\u0111ene teambuilding aktivnosti u Plitvice Holiday Resortu, s avanturama na otvorenom i grupnim izazovima.\",\"breadcrumb\":{\"@id\":\"https:\/\/www.plitvice.com\/hr\/teambuilding\/#breadcrumb\"},\"inLanguage\":\"hr\",\"potentialAction\":[{\"@type\":\"ReadAction\",\"target\":[\"https:\/\/www.plitvice.com\/hr\/teambuilding\/\"]}]},{\"@type\":\"ImageObject\",\"inLanguage\":\"hr\",\"@id\":\"https:\/\/www.plitvice.com\/hr\/teambuilding\/#primaryimage\",\"url\":\"https:\/\/www.plitvice.com\/wp-content\/uploads\/2024\/04\/teambuilding_PHR.jpg\",\"contentUrl\":\"https:\/\/www.plitvice.com\/wp-content\/uploads\/2024\/04\/teambuilding_PHR.jpg\",\"width\":2000,\"height\":1124},{\"@type\":\"BreadcrumbList\",\"@id\":\"https:\/\/www.plitvice.com\/hr\/teambuilding\/#breadcrumb\",\"itemListElement\":[{\"@type\":\"ListItem\",\"position\":1,\"name\":\"Home\",\"item\":\"https:\/\/www.plitvice.com\/hr\/\"},{\"@type\":\"ListItem\",\"position\":2,\"name\":\"Teambuilding\"}]},{\"@type\":\"WebSite\",\"@id\":\"https:\/\/www.plitvice.com\/hr\/#website\",\"url\":\"https:\/\/www.plitvice.com\/hr\/\",\"name\":\"Plitvice\",\"description\":\"\",\"potentialAction\":[{\"@type\":\"SearchAction\",\"target\":{\"@type\":\"EntryPoint\",\"urlTemplate\":\"https:\/\/www.plitvice.com\/hr\/?s={search_term_string}\"},\"query-input\":{\"@type\":\"PropertyValueSpecification\",\"valueRequired\":true,\"valueName\":\"search_term_string\"}}],\"inLanguage\":\"hr\"}]}<\/script>\n<!-- \/ Yoast SEO plugin. -->","yoast_head_json":{"title":"Team building u prirodi | Plitvice Holiday Resort","description":"Oja\u010dajte timski duh uz na\u0161e prilago\u0111ene teambuilding aktivnosti u Plitvice Holiday Resortu, s avanturama na otvorenom i grupnim izazovima.","robots":{"index":"index","follow":"follow","max-snippet":"max-snippet:-1","max-image-preview":"max-image-preview:large","max-video-preview":"max-video-preview:-1"},"canonical":"https:\/\/www.plitvice.com\/hr\/teambuilding\/","og_locale":"hr_HR","og_type":"article","og_title":"Team building u prirodi | Plitvice Holiday Resort","og_description":"Oja\u010dajte timski duh uz na\u0161e prilago\u0111ene teambuilding aktivnosti u Plitvice Holiday Resortu, s avanturama na otvorenom i grupnim izazovima.","og_url":"https:\/\/www.plitvice.com\/hr\/teambuilding\/","og_site_name":"Plitvice Holiday Resort","article_publisher":"https:\/\/www.facebook.com\/Plitviceholidayresort\/","article_modified_time":"2026-02-04T06:15:09+00:00","og_image":[{"width":2000,"height":1124,"url":"https:\/\/www.plitvice.com\/wp-content\/uploads\/2024\/04\/teambuilding_PHR.jpg","type":"image\/jpeg"}],"twitter_card":"summary_large_image","twitter_misc":{"Procijenjeno vrijeme \u010ditanja":"2 minute"},"schema":{"@context":"https:\/\/schema.org","@graph":[{"@type":"WebPage","@id":"https:\/\/www.plitvice.com\/hr\/teambuilding\/","url":"https:\/\/www.plitvice.com\/hr\/teambuilding\/","name":"Team building u prirodi | Plitvice Holiday Resort","isPartOf":{"@id":"https:\/\/www.plitvice.com\/hr\/#website"},"primaryImageOfPage":{"@id":"https:\/\/www.plitvice.com\/hr\/teambuilding\/#primaryimage"},"image":{"@id":"https:\/\/www.plitvice.com\/hr\/teambuilding\/#primaryimage"},"thumbnailUrl":"https:\/\/www.plitvice.com\/wp-content\/uploads\/2024\/04\/teambuilding_PHR.jpg","datePublished":"2024-04-25T14:58:56+00:00","dateModified":"2026-02-04T06:15:09+00:00","description":"Oja\u010dajte timski duh uz na\u0161e prilago\u0111ene teambuilding aktivnosti u Plitvice Holiday Resortu, s avanturama na otvorenom i grupnim izazovima.","breadcrumb":{"@id":"https:\/\/www.plitvice.com\/hr\/teambuilding\/#breadcrumb"},"inLanguage":"hr","potentialAction":[{"@type":"ReadAction","target":["https:\/\/www.plitvice.com\/hr\/teambuilding\/"]}]},{"@type":"ImageObject","inLanguage":"hr","@id":"https:\/\/www.plitvice.com\/hr\/teambuilding\/#primaryimage","url":"https:\/\/www.plitvice.com\/wp-content\/uploads\/2024\/04\/teambuilding_PHR.jpg","contentUrl":"https:\/\/www.plitvice.com\/wp-content\/uploads\/2024\/04\/teambuilding_PHR.jpg","width":2000,"height":1124},{"@type":"BreadcrumbList","@id":"https:\/\/www.plitvice.com\/hr\/teambuilding\/#breadcrumb","itemListElement":[{"@type":"ListItem","position":1,"name":"Home","item":"https:\/\/www.plitvice.com\/hr\/"},{"@type":"ListItem","position":2,"name":"Teambuilding"}]},{"@type":"WebSite","@id":"https:\/\/www.plitvice.com\/hr\/#website","url":"https:\/\/www.plitvice.com\/hr\/","name":"Plitvice","description":"","potentialAction":[{"@type":"SearchAction","target":{"@type":"EntryPoint","urlTemplate":"https:\/\/www.plitvice.com\/hr\/?s={search_term_string}"},"query-input":{"@type":"PropertyValueSpecification","valueRequired":true,"valueName":"search_term_string"}}],"inLanguage":"hr"}]}},"_links":{"self":[{"href":"https:\/\/www.plitvice.com\/hr\/wp-json\/wp\/v2\/pages\/676","targetHints":{"allow":["GET"]}}],"collection":[{"href":"https:\/\/www.plitvice.com\/hr\/wp-json\/wp\/v2\/pages"}],"about":[{"href":"https:\/\/www.plitvice.com\/hr\/wp-json\/wp\/v2\/types\/page"}],"author":[{"embeddable":true,"href":"https:\/\/www.plitvice.com\/hr\/wp-json\/wp\/v2\/users\/1"}],"replies":[{"embeddable":true,"href":"https:\/\/www.plitvice.com\/hr\/wp-json\/wp\/v2\/comments?post=676"}],"version-history":[{"count":2,"href":"https:\/\/www.plitvice.com\/hr\/wp-json\/wp\/v2\/pages\/676\/revisions"}],"predecessor-version":[{"id":1124,"href":"https:\/\/www.plitvice.com\/hr\/wp-json\/wp\/v2\/pages\/676\/revisions\/1124"}],"wp:featuredmedia":[{"embeddable":true,"href":"https:\/\/www.plitvice.com\/hr\/wp-json\/wp\/v2\/media\/637"}],"wp:attachment":[{"href":"https:\/\/www.plitvice.com\/hr\/wp-json\/wp\/v2\/media?parent=676"}],"curies":[{"name":"wp","href":"https:\/\/api.w.org\/{rel}","templated":true}]}}