{"id":674,"date":"2024-04-19T17:47:44","date_gmt":"2024-04-19T15:47:44","guid":{"rendered":"https:\/\/plitvice.webuciliste.com\/weddings\/"},"modified":"2025-02-15T13:17:44","modified_gmt":"2025-02-15T12:17:44","slug":"weddings","status":"publish","type":"page","link":"https:\/\/www.plitvice.com\/hr\/weddings\/","title":{"rendered":"Vjen\u010danja"},"content":{"rendered":"<h2 class=\"green-color mb-md-5 mb-3\"><span style=\"font-weight: 400;\">Dobrodo\u0161li u Plitvice Holiday Resort, mjesto gdje va\u0161i snovi postaju stvarnost. <\/span><\/h2>\n<p><span style=\"font-weight: 400;\">\u010cestitamo! Zaru\u010dili ste se i va\u0161a ljubavna pri\u010da dobila je novi po\u010detak! Sada je vrijeme za planiranje detalja va\u0161eg velikog dana, a ukoliko ma\u0161tate o manjem, intimnijem vjen\u010danju, Plitvice Holiday Resort spreman je da va\u0161a vizija na otvorenom postane stvarnost.<\/span><\/p>\n<p><span style=\"font-weight: 400;\">Bilo da sanjate o izmjeni zavjeta u netaknutoj prirodi uz jezero ili o romanti\u010dnoj ceremoniji pokraj bazena, na\u0161 tim stru\u010dnjaka posve\u0107en je ostvarenju va\u0161ih najljep\u0161ih trenutaka. Na vama je da se opustite, u\u017eivate i podijelite taj najromanti\u010dniji doga\u0111aj s onima koji vam najvi\u0161e zna\u010de.<\/span><\/p>\n<p><span style=\"font-weight: 400;\">Kako bismo osigurali potpunu privatnost i intimu za va\u0161e vjen\u010danje, klju\u010dan uvjet je najam svih objekata koji se nalaze u zoni gdje se odr\u017eava obred, osiguravaju\u0107i da svoj poseban dan provedete u krugu svojih uzvanika.<\/span><\/p>\n<p><span style=\"font-weight: 400;\">Uz na\u0161 raznolik izbor pi\u0107a i kulinarskih delicija prilago\u0111enih va\u0161im \u017eeljama, zadovoljit \u0107emo i najistan\u010danija nepca, a posebne slastice obogatit \u0107e i zasladit svaki trenutak va\u0161eg posebnog doga\u0111aja.<\/span><\/p>\n<p><span style=\"font-weight: 400;\">Odaberite na\u0161 resort za va\u0161 dan iz snova i dopustite nam da va\u0161u ljubavnu pri\u010du ispri\u010damo u opu\u0161taju\u0107oj oazi mira, okru\u017eeni predivnim zelenilom te mirisnim cvjetnim aran\u017emanima. <\/span><\/p>\n","protected":false},"excerpt":{"rendered":"<p>Dobrodo\u0161li u Plitvice Holiday Resort, mjesto gdje va\u0161i snovi postaju stvarnost. \u010cestitamo! Zaru\u010dili ste se i va\u0161a ljubavna pri\u010da dobila je novi po\u010detak! Sada je vrijeme za planiranje detalja va\u0161eg velikog dana, a ukoliko ma\u0161tate o manjem, intimnijem vjen\u010danju, Plitvice Holiday Resort spreman je da va\u0161a vizija na otvorenom postane stvarnost. Bilo da sanjate o<\/p>\n","protected":false},"author":1,"featured_media":1175,"parent":0,"menu_order":0,"comment_status":"closed","ping_status":"closed","template":"page-templates\/weddings.php","meta":{"_acf_changed":false,"footnotes":""},"class_list":["post-674","page","type-page","status-publish","has-post-thumbnail","hentry"],"acf":[],"yoast_head":"<!-- This site is optimized with the Yoast SEO plugin v27.1.1 - https:\/\/yoast.com\/product\/yoast-seo-wordpress\/ -->\n<title>Vjen\u010danja - Plitvice Holiday Resort<\/title>\n<meta name=\"description\" content=\"Planirajte svoje vjen\u010danje iz snova u Plitvice Holiday Resortu, okru\u017eeni prirodnom ljepotom za romanti\u010dno i nezaboravno slavlje.\" \/>\n<meta name=\"robots\" content=\"index, follow, max-snippet:-1, max-image-preview:large, max-video-preview:-1\" \/>\n<link rel=\"canonical\" href=\"https:\/\/www.plitvice.com\/hr\/weddings\/\" \/>\n<meta property=\"og:locale\" content=\"hr_HR\" \/>\n<meta property=\"og:type\" content=\"article\" \/>\n<meta property=\"og:title\" content=\"Vjen\u010danja - Plitvice Holiday Resort\" \/>\n<meta property=\"og:description\" content=\"Planirajte svoje vjen\u010danje iz snova u Plitvice Holiday Resortu, okru\u017eeni prirodnom ljepotom za romanti\u010dno i nezaboravno slavlje.\" \/>\n<meta property=\"og:url\" content=\"https:\/\/www.plitvice.com\/hr\/weddings\/\" \/>\n<meta property=\"og:site_name\" content=\"Plitvice Holiday Resort\" \/>\n<meta property=\"article:publisher\" content=\"https:\/\/www.facebook.com\/Plitviceholidayresort\/\" \/>\n<meta property=\"article:modified_time\" content=\"2025-02-15T12:17:44+00:00\" \/>\n<meta property=\"og:image\" content=\"https:\/\/www.plitvice.com\/wp-content\/uploads\/2024\/07\/Plitvice-Styled-Shoot-Love-and-Ventures-146-scaled.jpg\" \/>\n\t<meta property=\"og:image:width\" content=\"2560\" \/>\n\t<meta property=\"og:image:height\" content=\"1707\" \/>\n\t<meta property=\"og:image:type\" content=\"image\/jpeg\" \/>\n<meta name=\"twitter:card\" content=\"summary_large_image\" \/>\n<meta name=\"twitter:label1\" content=\"Procijenjeno vrijeme \u010ditanja\" \/>\n\t<meta name=\"twitter:data1\" content=\"2 minute\" \/>\n<script type=\"application\/ld+json\" class=\"yoast-schema-graph\">{\"@context\":\"https:\/\/schema.org\",\"@graph\":[{\"@type\":\"WebPage\",\"@id\":\"https:\/\/www.plitvice.com\/hr\/weddings\/\",\"url\":\"https:\/\/www.plitvice.com\/hr\/weddings\/\",\"name\":\"Vjen\u010danja - Plitvice Holiday Resort\",\"isPartOf\":{\"@id\":\"https:\/\/www.plitvice.com\/hr\/#website\"},\"primaryImageOfPage\":{\"@id\":\"https:\/\/www.plitvice.com\/hr\/weddings\/#primaryimage\"},\"image\":{\"@id\":\"https:\/\/www.plitvice.com\/hr\/weddings\/#primaryimage\"},\"thumbnailUrl\":\"https:\/\/www.plitvice.com\/wp-content\/uploads\/2024\/07\/Plitvice-Styled-Shoot-Love-and-Ventures-146-scaled.jpg\",\"datePublished\":\"2024-04-19T15:47:44+00:00\",\"dateModified\":\"2025-02-15T12:17:44+00:00\",\"description\":\"Planirajte svoje vjen\u010danje iz snova u Plitvice Holiday Resortu, okru\u017eeni prirodnom ljepotom za romanti\u010dno i nezaboravno slavlje.\",\"breadcrumb\":{\"@id\":\"https:\/\/www.plitvice.com\/hr\/weddings\/#breadcrumb\"},\"inLanguage\":\"hr\",\"potentialAction\":[{\"@type\":\"ReadAction\",\"target\":[\"https:\/\/www.plitvice.com\/hr\/weddings\/\"]}]},{\"@type\":\"ImageObject\",\"inLanguage\":\"hr\",\"@id\":\"https:\/\/www.plitvice.com\/hr\/weddings\/#primaryimage\",\"url\":\"https:\/\/www.plitvice.com\/wp-content\/uploads\/2024\/07\/Plitvice-Styled-Shoot-Love-and-Ventures-146-scaled.jpg\",\"contentUrl\":\"https:\/\/www.plitvice.com\/wp-content\/uploads\/2024\/07\/Plitvice-Styled-Shoot-Love-and-Ventures-146-scaled.jpg\",\"width\":2560,\"height\":1707},{\"@type\":\"BreadcrumbList\",\"@id\":\"https:\/\/www.plitvice.com\/hr\/weddings\/#breadcrumb\",\"itemListElement\":[{\"@type\":\"ListItem\",\"position\":1,\"name\":\"Home\",\"item\":\"https:\/\/www.plitvice.com\/hr\/\"},{\"@type\":\"ListItem\",\"position\":2,\"name\":\"Vjen\u010danja\"}]},{\"@type\":\"WebSite\",\"@id\":\"https:\/\/www.plitvice.com\/hr\/#website\",\"url\":\"https:\/\/www.plitvice.com\/hr\/\",\"name\":\"Plitvice\",\"description\":\"\",\"potentialAction\":[{\"@type\":\"SearchAction\",\"target\":{\"@type\":\"EntryPoint\",\"urlTemplate\":\"https:\/\/www.plitvice.com\/hr\/?s={search_term_string}\"},\"query-input\":{\"@type\":\"PropertyValueSpecification\",\"valueRequired\":true,\"valueName\":\"search_term_string\"}}],\"inLanguage\":\"hr\"}]}<\/script>\n<!-- \/ Yoast SEO plugin. -->","yoast_head_json":{"title":"Vjen\u010danja - Plitvice Holiday Resort","description":"Planirajte svoje vjen\u010danje iz snova u Plitvice Holiday Resortu, okru\u017eeni prirodnom ljepotom za romanti\u010dno i nezaboravno slavlje.","robots":{"index":"index","follow":"follow","max-snippet":"max-snippet:-1","max-image-preview":"max-image-preview:large","max-video-preview":"max-video-preview:-1"},"canonical":"https:\/\/www.plitvice.com\/hr\/weddings\/","og_locale":"hr_HR","og_type":"article","og_title":"Vjen\u010danja - Plitvice Holiday Resort","og_description":"Planirajte svoje vjen\u010danje iz snova u Plitvice Holiday Resortu, okru\u017eeni prirodnom ljepotom za romanti\u010dno i nezaboravno slavlje.","og_url":"https:\/\/www.plitvice.com\/hr\/weddings\/","og_site_name":"Plitvice Holiday Resort","article_publisher":"https:\/\/www.facebook.com\/Plitviceholidayresort\/","article_modified_time":"2025-02-15T12:17:44+00:00","og_image":[{"width":2560,"height":1707,"url":"https:\/\/www.plitvice.com\/wp-content\/uploads\/2024\/07\/Plitvice-Styled-Shoot-Love-and-Ventures-146-scaled.jpg","type":"image\/jpeg"}],"twitter_card":"summary_large_image","twitter_misc":{"Procijenjeno vrijeme \u010ditanja":"2 minute"},"schema":{"@context":"https:\/\/schema.org","@graph":[{"@type":"WebPage","@id":"https:\/\/www.plitvice.com\/hr\/weddings\/","url":"https:\/\/www.plitvice.com\/hr\/weddings\/","name":"Vjen\u010danja - Plitvice Holiday Resort","isPartOf":{"@id":"https:\/\/www.plitvice.com\/hr\/#website"},"primaryImageOfPage":{"@id":"https:\/\/www.plitvice.com\/hr\/weddings\/#primaryimage"},"image":{"@id":"https:\/\/www.plitvice.com\/hr\/weddings\/#primaryimage"},"thumbnailUrl":"https:\/\/www.plitvice.com\/wp-content\/uploads\/2024\/07\/Plitvice-Styled-Shoot-Love-and-Ventures-146-scaled.jpg","datePublished":"2024-04-19T15:47:44+00:00","dateModified":"2025-02-15T12:17:44+00:00","description":"Planirajte svoje vjen\u010danje iz snova u Plitvice Holiday Resortu, okru\u017eeni prirodnom ljepotom za romanti\u010dno i nezaboravno slavlje.","breadcrumb":{"@id":"https:\/\/www.plitvice.com\/hr\/weddings\/#breadcrumb"},"inLanguage":"hr","potentialAction":[{"@type":"ReadAction","target":["https:\/\/www.plitvice.com\/hr\/weddings\/"]}]},{"@type":"ImageObject","inLanguage":"hr","@id":"https:\/\/www.plitvice.com\/hr\/weddings\/#primaryimage","url":"https:\/\/www.plitvice.com\/wp-content\/uploads\/2024\/07\/Plitvice-Styled-Shoot-Love-and-Ventures-146-scaled.jpg","contentUrl":"https:\/\/www.plitvice.com\/wp-content\/uploads\/2024\/07\/Plitvice-Styled-Shoot-Love-and-Ventures-146-scaled.jpg","width":2560,"height":1707},{"@type":"BreadcrumbList","@id":"https:\/\/www.plitvice.com\/hr\/weddings\/#breadcrumb","itemListElement":[{"@type":"ListItem","position":1,"name":"Home","item":"https:\/\/www.plitvice.com\/hr\/"},{"@type":"ListItem","position":2,"name":"Vjen\u010danja"}]},{"@type":"WebSite","@id":"https:\/\/www.plitvice.com\/hr\/#website","url":"https:\/\/www.plitvice.com\/hr\/","name":"Plitvice","description":"","potentialAction":[{"@type":"SearchAction","target":{"@type":"EntryPoint","urlTemplate":"https:\/\/www.plitvice.com\/hr\/?s={search_term_string}"},"query-input":{"@type":"PropertyValueSpecification","valueRequired":true,"valueName":"search_term_string"}}],"inLanguage":"hr"}]}},"_links":{"self":[{"href":"https:\/\/www.plitvice.com\/hr\/wp-json\/wp\/v2\/pages\/674","targetHints":{"allow":["GET"]}}],"collection":[{"href":"https:\/\/www.plitvice.com\/hr\/wp-json\/wp\/v2\/pages"}],"about":[{"href":"https:\/\/www.plitvice.com\/hr\/wp-json\/wp\/v2\/types\/page"}],"author":[{"embeddable":true,"href":"https:\/\/www.plitvice.com\/hr\/wp-json\/wp\/v2\/users\/1"}],"replies":[{"embeddable":true,"href":"https:\/\/www.plitvice.com\/hr\/wp-json\/wp\/v2\/comments?post=674"}],"version-history":[{"count":3,"href":"https:\/\/www.plitvice.com\/hr\/wp-json\/wp\/v2\/pages\/674\/revisions"}],"predecessor-version":[{"id":2252,"href":"https:\/\/www.plitvice.com\/hr\/wp-json\/wp\/v2\/pages\/674\/revisions\/2252"}],"wp:featuredmedia":[{"embeddable":true,"href":"https:\/\/www.plitvice.com\/hr\/wp-json\/wp\/v2\/media\/1175"}],"wp:attachment":[{"href":"https:\/\/www.plitvice.com\/hr\/wp-json\/wp\/v2\/media?parent=674"}],"curies":[{"name":"wp","href":"https:\/\/api.w.org\/{rel}","templated":true}]}}