{"id":669,"date":"2024-04-09T10:54:28","date_gmt":"2024-04-09T08:54:28","guid":{"rendered":"https:\/\/plitvice.webuciliste.com\/glamping\/"},"modified":"2026-04-21T10:06:34","modified_gmt":"2026-04-21T08:06:34","slug":"glamping","status":"publish","type":"page","link":"https:\/\/www.plitvice.com\/hr\/glamping\/","title":{"rendered":"Glamping"},"content":{"rendered":"<p>Bilo da ste par u potrazi za romanti\u010dnim bijegom, obitelj \u017eeljna avanture ili strastveni istra\u017eiva\u010d koji \u017eeli jedinstveno iskustvo odmora, glamping je za svakoga. Za\u0161to se zadovoljiti obi\u010dnim kada mo\u017eete svoju pustolovinu na otvorenom podi\u0107i na novu razinu uz luksuz i udobnost glampinga? Ovo je prilika da ostvarite dje\u010dji san o spavanju me\u0111u kro\u0161njama drve\u0107a.<\/p>\n","protected":false},"excerpt":{"rendered":"<p>Bilo da ste par u potrazi za romanti\u010dnim bijegom, obitelj \u017eeljna avanture ili strastveni istra\u017eiva\u010d koji \u017eeli jedinstveno iskustvo odmora, glamping je za svakoga. Za\u0161to se zadovoljiti obi\u010dnim kada mo\u017eete svoju pustolovinu na otvorenom podi\u0107i na novu razinu uz luksuz i udobnost glampinga? Ovo je prilika da ostvarite dje\u010dji san o spavanju me\u0111u kro\u0161njama drve\u0107a.<\/p>\n","protected":false},"author":1,"featured_media":625,"parent":0,"menu_order":0,"comment_status":"closed","ping_status":"closed","template":"page-templates\/glamping.php","meta":{"_acf_changed":false,"footnotes":""},"class_list":["post-669","page","type-page","status-publish","has-post-thumbnail","hentry"],"acf":[],"yoast_head":"<!-- This site is optimized with the Yoast SEO plugin v27.1.1 - https:\/\/yoast.com\/product\/yoast-seo-wordpress\/ -->\n<title>Glamping: luksuz u prirodi | Plitvice Holiday Resort<\/title>\n<meta name=\"description\" content=\"Iskusite glamping u na\u0161im ku\u0107icama u kro\u0161njama i uz jezero te u\u017eivajte u luksuznom odmoru u prirodi Plitvice Holiday Resorta.\" \/>\n<meta name=\"robots\" content=\"index, follow, max-snippet:-1, max-image-preview:large, max-video-preview:-1\" \/>\n<link rel=\"canonical\" href=\"https:\/\/www.plitvice.com\/hr\/glamping\/\" \/>\n<meta property=\"og:locale\" content=\"hr_HR\" \/>\n<meta property=\"og:type\" content=\"article\" \/>\n<meta property=\"og:title\" content=\"Glamping: luksuz u prirodi | Plitvice Holiday Resort\" \/>\n<meta property=\"og:description\" content=\"Iskusite glamping u na\u0161im ku\u0107icama u kro\u0161njama i uz jezero te u\u017eivajte u luksuznom odmoru u prirodi Plitvice Holiday Resorta.\" \/>\n<meta property=\"og:url\" content=\"https:\/\/www.plitvice.com\/hr\/glamping\/\" \/>\n<meta property=\"og:site_name\" content=\"Plitvice Holiday Resort\" \/>\n<meta property=\"article:publisher\" content=\"https:\/\/www.facebook.com\/Plitviceholidayresort\/\" \/>\n<meta property=\"article:modified_time\" content=\"2026-04-21T08:06:34+00:00\" \/>\n<meta property=\"og:image\" content=\"https:\/\/www.plitvice.com\/wp-content\/uploads\/2024\/04\/glamping_PHR.jpg\" \/>\n\t<meta property=\"og:image:width\" content=\"2000\" \/>\n\t<meta property=\"og:image:height\" content=\"1124\" \/>\n\t<meta property=\"og:image:type\" content=\"image\/jpeg\" \/>\n<meta name=\"twitter:card\" content=\"summary_large_image\" \/>\n<meta name=\"twitter:label1\" content=\"Procijenjeno vrijeme \u010ditanja\" \/>\n\t<meta name=\"twitter:data1\" content=\"1 minuta\" \/>\n<script type=\"application\/ld+json\" class=\"yoast-schema-graph\">{\"@context\":\"https:\/\/schema.org\",\"@graph\":[{\"@type\":\"WebPage\",\"@id\":\"https:\/\/www.plitvice.com\/hr\/glamping\/\",\"url\":\"https:\/\/www.plitvice.com\/hr\/glamping\/\",\"name\":\"Glamping: luksuz u prirodi | Plitvice Holiday Resort\",\"isPartOf\":{\"@id\":\"https:\/\/www.plitvice.com\/hr\/#website\"},\"primaryImageOfPage\":{\"@id\":\"https:\/\/www.plitvice.com\/hr\/glamping\/#primaryimage\"},\"image\":{\"@id\":\"https:\/\/www.plitvice.com\/hr\/glamping\/#primaryimage\"},\"thumbnailUrl\":\"https:\/\/www.plitvice.com\/wp-content\/uploads\/2024\/04\/glamping_PHR.jpg\",\"datePublished\":\"2024-04-09T08:54:28+00:00\",\"dateModified\":\"2026-04-21T08:06:34+00:00\",\"description\":\"Iskusite glamping u na\u0161im ku\u0107icama u kro\u0161njama i uz jezero te u\u017eivajte u luksuznom odmoru u prirodi Plitvice Holiday Resorta.\",\"breadcrumb\":{\"@id\":\"https:\/\/www.plitvice.com\/hr\/glamping\/#breadcrumb\"},\"inLanguage\":\"hr\",\"potentialAction\":[{\"@type\":\"ReadAction\",\"target\":[\"https:\/\/www.plitvice.com\/hr\/glamping\/\"]}]},{\"@type\":\"ImageObject\",\"inLanguage\":\"hr\",\"@id\":\"https:\/\/www.plitvice.com\/hr\/glamping\/#primaryimage\",\"url\":\"https:\/\/www.plitvice.com\/wp-content\/uploads\/2024\/04\/glamping_PHR.jpg\",\"contentUrl\":\"https:\/\/www.plitvice.com\/wp-content\/uploads\/2024\/04\/glamping_PHR.jpg\",\"width\":2000,\"height\":1124},{\"@type\":\"BreadcrumbList\",\"@id\":\"https:\/\/www.plitvice.com\/hr\/glamping\/#breadcrumb\",\"itemListElement\":[{\"@type\":\"ListItem\",\"position\":1,\"name\":\"Home\",\"item\":\"https:\/\/www.plitvice.com\/hr\/\"},{\"@type\":\"ListItem\",\"position\":2,\"name\":\"Glamping\"}]},{\"@type\":\"WebSite\",\"@id\":\"https:\/\/www.plitvice.com\/hr\/#website\",\"url\":\"https:\/\/www.plitvice.com\/hr\/\",\"name\":\"Plitvice\",\"description\":\"\",\"potentialAction\":[{\"@type\":\"SearchAction\",\"target\":{\"@type\":\"EntryPoint\",\"urlTemplate\":\"https:\/\/www.plitvice.com\/hr\/?s={search_term_string}\"},\"query-input\":{\"@type\":\"PropertyValueSpecification\",\"valueRequired\":true,\"valueName\":\"search_term_string\"}}],\"inLanguage\":\"hr\"}]}<\/script>\n<!-- \/ Yoast SEO plugin. -->","yoast_head_json":{"title":"Glamping: luksuz u prirodi | Plitvice Holiday Resort","description":"Iskusite glamping u na\u0161im ku\u0107icama u kro\u0161njama i uz jezero te u\u017eivajte u luksuznom odmoru u prirodi Plitvice Holiday Resorta.","robots":{"index":"index","follow":"follow","max-snippet":"max-snippet:-1","max-image-preview":"max-image-preview:large","max-video-preview":"max-video-preview:-1"},"canonical":"https:\/\/www.plitvice.com\/hr\/glamping\/","og_locale":"hr_HR","og_type":"article","og_title":"Glamping: luksuz u prirodi | Plitvice Holiday Resort","og_description":"Iskusite glamping u na\u0161im ku\u0107icama u kro\u0161njama i uz jezero te u\u017eivajte u luksuznom odmoru u prirodi Plitvice Holiday Resorta.","og_url":"https:\/\/www.plitvice.com\/hr\/glamping\/","og_site_name":"Plitvice Holiday Resort","article_publisher":"https:\/\/www.facebook.com\/Plitviceholidayresort\/","article_modified_time":"2026-04-21T08:06:34+00:00","og_image":[{"width":2000,"height":1124,"url":"https:\/\/www.plitvice.com\/wp-content\/uploads\/2024\/04\/glamping_PHR.jpg","type":"image\/jpeg"}],"twitter_card":"summary_large_image","twitter_misc":{"Procijenjeno vrijeme \u010ditanja":"1 minuta"},"schema":{"@context":"https:\/\/schema.org","@graph":[{"@type":"WebPage","@id":"https:\/\/www.plitvice.com\/hr\/glamping\/","url":"https:\/\/www.plitvice.com\/hr\/glamping\/","name":"Glamping: luksuz u prirodi | Plitvice Holiday Resort","isPartOf":{"@id":"https:\/\/www.plitvice.com\/hr\/#website"},"primaryImageOfPage":{"@id":"https:\/\/www.plitvice.com\/hr\/glamping\/#primaryimage"},"image":{"@id":"https:\/\/www.plitvice.com\/hr\/glamping\/#primaryimage"},"thumbnailUrl":"https:\/\/www.plitvice.com\/wp-content\/uploads\/2024\/04\/glamping_PHR.jpg","datePublished":"2024-04-09T08:54:28+00:00","dateModified":"2026-04-21T08:06:34+00:00","description":"Iskusite glamping u na\u0161im ku\u0107icama u kro\u0161njama i uz jezero te u\u017eivajte u luksuznom odmoru u prirodi Plitvice Holiday Resorta.","breadcrumb":{"@id":"https:\/\/www.plitvice.com\/hr\/glamping\/#breadcrumb"},"inLanguage":"hr","potentialAction":[{"@type":"ReadAction","target":["https:\/\/www.plitvice.com\/hr\/glamping\/"]}]},{"@type":"ImageObject","inLanguage":"hr","@id":"https:\/\/www.plitvice.com\/hr\/glamping\/#primaryimage","url":"https:\/\/www.plitvice.com\/wp-content\/uploads\/2024\/04\/glamping_PHR.jpg","contentUrl":"https:\/\/www.plitvice.com\/wp-content\/uploads\/2024\/04\/glamping_PHR.jpg","width":2000,"height":1124},{"@type":"BreadcrumbList","@id":"https:\/\/www.plitvice.com\/hr\/glamping\/#breadcrumb","itemListElement":[{"@type":"ListItem","position":1,"name":"Home","item":"https:\/\/www.plitvice.com\/hr\/"},{"@type":"ListItem","position":2,"name":"Glamping"}]},{"@type":"WebSite","@id":"https:\/\/www.plitvice.com\/hr\/#website","url":"https:\/\/www.plitvice.com\/hr\/","name":"Plitvice","description":"","potentialAction":[{"@type":"SearchAction","target":{"@type":"EntryPoint","urlTemplate":"https:\/\/www.plitvice.com\/hr\/?s={search_term_string}"},"query-input":{"@type":"PropertyValueSpecification","valueRequired":true,"valueName":"search_term_string"}}],"inLanguage":"hr"}]}},"_links":{"self":[{"href":"https:\/\/www.plitvice.com\/hr\/wp-json\/wp\/v2\/pages\/669","targetHints":{"allow":["GET"]}}],"collection":[{"href":"https:\/\/www.plitvice.com\/hr\/wp-json\/wp\/v2\/pages"}],"about":[{"href":"https:\/\/www.plitvice.com\/hr\/wp-json\/wp\/v2\/types\/page"}],"author":[{"embeddable":true,"href":"https:\/\/www.plitvice.com\/hr\/wp-json\/wp\/v2\/users\/1"}],"replies":[{"embeddable":true,"href":"https:\/\/www.plitvice.com\/hr\/wp-json\/wp\/v2\/comments?post=669"}],"version-history":[{"count":11,"href":"https:\/\/www.plitvice.com\/hr\/wp-json\/wp\/v2\/pages\/669\/revisions"}],"predecessor-version":[{"id":6341,"href":"https:\/\/www.plitvice.com\/hr\/wp-json\/wp\/v2\/pages\/669\/revisions\/6341"}],"wp:featuredmedia":[{"embeddable":true,"href":"https:\/\/www.plitvice.com\/hr\/wp-json\/wp\/v2\/media\/625"}],"wp:attachment":[{"href":"https:\/\/www.plitvice.com\/hr\/wp-json\/wp\/v2\/media?parent=669"}],"curies":[{"name":"wp","href":"https:\/\/api.w.org\/{rel}","templated":true}]}}