{"id":2317,"date":"2024-08-21T12:17:11","date_gmt":"2024-08-21T10:17:11","guid":{"rendered":"https:\/\/plitvice.webuciliste.com\/opci-uvjeti-poslovanja\/"},"modified":"2026-03-30T17:22:59","modified_gmt":"2026-03-30T15:22:59","slug":"opci-uvjeti-poslovanja","status":"publish","type":"page","link":"https:\/\/www.plitvice.com\/hr\/opci-uvjeti-poslovanja\/","title":{"rendered":"Op\u0107i uvjeti poslovanja"},"content":{"rendered":"<h1 style=\"text-align: center;\">Op\u0107i uvjeti poslovanja<\/h1>\n<p>&nbsp;<\/p>\n<h5><strong>1. SADR\u017dAJ PONUDE I OP\u0106I UVJETI<\/strong><\/h5>\n<p>Plitvice Holiday Resort (u daljnjem tekstu Resort) plasira i prodaje usluge smje\u0161taja i kampiranja prema objavljenim informacijama, opisu, terminu i va\u017ee\u0107em cjeniku, a sukladno potvr\u0111enoj rezervaciji\/sklopljenom ugovoru, u svoje ime i za svoj ra\u010dun. Kao naru\u010ditelj usluge za krajnjeg korisnika mo\u017ee se pojaviti agencija ili turoperator te se odredbe op\u0107ih uvjeta primjenjuju i na njih kao posrednike. Slanjem upita za rezervaciju potvr\u0111ujete da ste sporazumni s Op\u0107im uvjetima poslovanja Resorta te isto postaje pravna obveza. Prilikom pru\u017eanja usluga u Resortu primjenjuju se pravila propisana ku\u0107nim redom, op\u0107im uvjetima poslovanja i ugostiteljskim uzancama, a u skladu s va\u017ee\u0107im pozitivnim zakonskim propisima Republike Hrvatske.<\/p>\n<h5><strong>2. REZERVACIJA SMJE\u0160TAJA I PLA\u0106ANJE<\/strong><\/h5>\n<p>Nakon \u0161to uputite inicijalni upit za smje\u0161taj, smatrate se potencijalnim korisnikom usluge smje\u0161taja i na temelju istog se vr\u0161i pred rezervacija. Svi zapisi se vode pod imenom osobe koja je uputila upit (ako je fizi\u010dka onda ime i prezime, a ako je pravna onda puni naziv tvrtke sa svim podacima) te se ista smatra Nositeljem rezervacije. Nositelj rezervacije mora biti stariji od 18 godina i ovla\u0161ten je od drugo imenovanih da izvr\u0161i rezervaciju u ime svih osoba navedenih u upitu. Ispunjavanjem i slanjem zahtjeva za rezervaciju, Nositelj rezervacije potvr\u0111uje da je on\/ona autoriziran za rezervaciju u ime svih i da se drugi s tim sla\u017eu te da su i oni isto vezani uvjetima rezervacije. Prilikom rezervacije, Nositelj je du\u017ean dati sve podatke koje zahtijeva postupak rezervacije. Upit za rezervaciju smje\u0161taja se smatra kao otvoreni upit proslije\u0111en Resortu bilo kojim na\u010dinom komuniciranja u pisanom obliku (dopis, e-po\u0161ta, i sl.). Na temelju otvorenog upita, Resort \u0107e izvr\u0161iti pred rezervaciju te \u0107e Nositelju rezervacije pisanim putem dostaviti iznos tro\u0161ka rezervirane usluge i uvjete poslovanja. Nositelj rezervacije je odgovoran za ispunjenje svih uvjeta poslovanja navedenih u pred rezervaciji, a \u0161to se prvenstveno odnosi na uplatu depozita ukoliko je prethodno dogovoreno i u skladu s tipom rezervacije. Rezervacija smje\u0161taja za odgovaraju\u0107i termin je valjana samo ako je Nositelj rezervacije ispunio sve uvjete navedene u pred rezervaciji te nakon poslane pismene potvrde rezervacije (vouchera) od strane Resorta. Ako Nositelj rezervacije u roku navedenom na pred rezervaciji ne ispuni tra\u017eene uvjete, pred rezervacija se smatra kao istekla opcija.<br \/>\nPismena potvrda od strane Resorta sadr\u017ei sljede\u0107e podatke:<br \/>\nRotokor d.o.o.<br \/>\nGrabovac 102 47245 Rakovica<br \/>\nTel: <a href=\"tel:%20+%20385%2047%20784%20192\">+ 385 47 784 192<\/a> Fax: <a href=\"fax:%20+%20385%2075%20802%20630\">+ 385 75 802 630<\/a><br \/>\nWeb: www.plitvice.com email: <a href=\"mailto:info@plitvice.com\">info@plitvice.com<\/a><\/p>\n<p>Ostatak ra\u010duna (razlika u odnosu na upla\u0107eni depozit i ukupni tro\u0161ak rezervirane usluge), Nositelj rezervacije obvezan je podmiriti najkasnije zadnji dan boravka u Resortu uz obveznu prethodnu autorizaciju kreditne kartice ili uplatu depozita. Za du\u017ee boravke u Resortu ( vi\u0161e od 7 dana ) Nositelj rezervacije je obavezan podmiriti dio ra\u010duna tokom svog boravka svaki 7 dan, za \u0161to \u0107e Nositelj rezervacije prethodno biti obavije\u0161ten pisanim putem ( e-po\u0161tom ) i prilikom prijave u Resort. Ispunjenjem uvjeta navedenih u pred rezervaciji prihva\u0107ate Op\u0107e uvjete poslovanja Resorta te navedeno predstavlja formalno pravno zaklju\u010denje ugovora. U formalno pravnom smislu odgovornost uvijek ima Nositelj rezervacije i ne mo\u017ee svoju odgovornost prenijeti na osobe za koje je izvr\u0161io rezerviranje. Rezervacije se ne primaju od osoba mla\u0111ih od 18 godina. U tim slu\u010dajevima zadr\u017eavamo pravo odbijanja obrade upita za rezervacijom bez navo\u0111enja bilo kakvog razloga. Resort zadr\u017eava pravo odbiti, otkazati ili izmijeniti rezervaciju ako je do\u0161lo do zlouporabe rezervacijskog sustava ili je ista napravljena pogre\u0161kom korisnika. Du\u017enost Resorta je briga o pru\u017eanju usluga te briga o pravima i interesima gosta sukladno dobrim obi\u010dajima u turizmu. Resort \u0107e sve obaveze izvr\u0161iti u potpunosti i na svojim standardima predvi\u0111en na\u010din, u dobroj vjeri i pa\u017enjom savjesnog poduzetnika u skladu s pravilima struke, osim u izvanrednim okolnostima. Resort se obvezuje po\u0161tovati privatnost svih svojih korisnika te njihovi osobni podaci ne\u0107e biti dijeljeni s tre\u0107im stranama bez izri\u010ditog pristanka korisnika rezervacije, osim u slu\u010dajevima kada je to zakonski propisano ili je nu\u017eno za pru\u017eanje usluga, kao \u0161to je dijeljenje podatka s partnerskim agencijama ili pru\u017eateljima usluga unutar Resorta. Svi djelatnici Resorta i poslovni partneri koji posluju s Resortom odgovorni su za po\u0161tivanje na\u010dela za\u0161tite privatnosti prema Op\u0107oj uredbi za za\u0161titu podatka ( GDPR ).<\/p>\n<h5><strong>3. SMJE\u0160TAJ U RESORTU<\/strong><\/h5>\n<p>Raspored smje\u0161tajnih jedinica odre\u0111uje recepcija. Ako gost nije izri\u010dito ugovorio odre\u0111enu smje\u0161tajnu jedinicu, prihvatit \u0107e dodijeljenu, slu\u017ebeno registriranu smje\u0161tajnu jedinicu. Smje\u0161taj u sobi nije mogu\u0107 prije 15 sati na dan po\u010detka kori\u0161tenja usluge, a isti se mora napustiti do 11 sati na dan zavr\u0161etka kori\u0161tenja usluga.<\/p>\n<h5><strong>4. CIJENE<\/strong><\/h5>\n<p>Cijena smje\u0161taja uklju\u010duje osnovnu uslugu kako je opisano u va\u017ee\u0107em cjeniku smje\u0161taja kada je rezervacija potvr\u0111ena. Posebne usluge su one usluge koje nisu uklju\u010dene u cijenu smje\u0161taja (u opisu smje\u0161taja nazna\u010deno izrijekom &#8220;po dogovoru&#8221; ili dodatne usluge koje se ostvaruju uz prethodnu najavu) pa ih stoga gost zasebno pla\u0107a. Ove se usluge trebaju zatra\u017eiti prilikom rezervacije na recepciji Resorta. Resort zadr\u017eava pravo promjene cijena smje\u0161taja. Resort mo\u017ee o promjeni cijene gosta izvijestiti pismeno ili usmeno.<\/p>\n<h5><strong>5. IZMJENE S VA\u0160E STRANE<\/strong><\/h5>\n<p>Ako ste sprije\u010deni putovati, imate pravo prenijeti Va\u0161u rezervaciju na tre\u0107e osobe ili na drugi termin. U navedenoj situaciji trebate obavijestiti Resort u pisanom obliku najmanje 15 dana prije dolaska. Dok Resort ne dobije pisani pristanak od druge osobe o preuzimanju rezervacije umjesto Vas, Vi ste odgovorni za ukupan ra\u010dun naru\u010denih usluga.<\/p>\n<h5><strong>6. OSTALE IZMJENE<\/strong><\/h5>\n<p>Ako \u017eelite izvr\u0161iti promjene po ve\u0107 potvr\u0111enoj rezervaciji, morate isto javiti Resortu u pisanom obliku \u0161to je prije mogu\u0107e. Resort \u0107e se potruditi udovoljiti Va\u0161im \u017eeljama, ali ne mo\u017ee unaprijed jam\u010diti da \u0107e isto biti mogu\u0107e.<\/p>\n<h5><strong>7. OTKAZI REZERVACIJA<\/strong><\/h5>\n<p>Ako \u017eelite otkazati ili izmijeniti rezervaciju, isto je mogu\u0107e u\u010diniti u pisanom obliku preporu\u010denim pismom ili e-po\u0161tom. Otkaz rezervacije se prihva\u0107a samo od nositelja rezervacije ili osobe koja je zakonski ovla\u0161tena isto izvr\u0161iti u njegovo ime. Za otkaz rezervacije, Resort ima pravo na nadoknadu tro\u0161kova prema storno uvjetima rezervacije, ako ugovorom nije druga\u010dije definirano. Ovisno o datumu prispije\u0107a obavijesti o otkazu rezervacije, Resort primjenjuje sljede\u0107e uvjete: STORNO TRO\u0160KOVI ( grupe do 15 osoba )<\/p>\n<ul>\n<li>do 14 dana prije dolaska gosta &#8211; bez storno tro\u0161kova<\/li>\n<li>od 14 do 7 dana prije dolaska gosta &#8211; 30% iznosa rezervirane usluge<\/li>\n<li>od 7 do 0 dana prije dolska gosta &#8211; 50% iznosa rezervirane usluge<\/li>\n<li>no show(nedolazak gosta) &#8211; 100% iznosa rezervirane usluge<\/li>\n<\/ul>\n<p>STORNO TRO\u0160KOVI (grupe iznad 15 osoba )<\/p>\n<ul>\n<li>45-30 dana prije dolaska &#8211; agencija pla\u0107a 20% od ukupnog iznosa<\/li>\n<li>30-15 dana prije dolaska &#8211; agencija pla\u0107a 40% od ukupnog iznosa<\/li>\n<li>14-7 dana prije dolaska &#8211; agencija pla\u0107a 80% od ukupnog iznosa<\/li>\n<li>7-0 dana prije dolaska &#8211; agencija pla\u0107a 100% od ukupnog iznosa<\/li>\n<\/ul>\n<p>STORNO UVJETI ZA POJEDINA\u010cNE REZERVACIJE ( individualce )<\/p>\n<ul>\n<li>48 sati prije dolaska \u2013 napla\u0107uje se 100 % od ukupnog iznosa rezervacije.<\/li>\n<\/ul>\n<h5><strong>8. PREPAID NON REFUNDABLE REZERVACIJE<\/strong><\/h5>\n<p>Rezervaciju nije mogu\u0107e izmijeniti ili otkazati. Resort \u0107e zara\u010dunati akontaciju ili cjelokupni iznos rezervacije odmah pri rezervaciji. U slu\u010daju otkaza rezervacije, Resort \u0107e zadr\u017eati upla\u0107enu akontaciju u cijelosti. U slu\u010daju ne dolaska bez prethodnog otkaza rezervacije, Resort \u0107e zara\u010dunati ukupni iznos rezervacije. Ako gost u rezerviranu smje\u0161tajnu jedinicu ne do\u0111e do 19 sati na dan po\u010detka usluge, a nije se prethodno javio u Resort, rezervacija se smatra otkazanom pa se tro\u0161kovi otkaza obra\u010dunavaju prema prethodno navedenom. Ako stvarno nastali tro\u0161kovi otkaza prema\u0161uju gore navedene tro\u0161kove, Resort zadr\u017eava pravo naplate stvarno nastalih tro\u0161kova. Ako gost odlu\u010di napustiti Resort prije isteka rezerviranog termina, Resort nema obvezu izvr\u0161iti povrat napla\u0107enog iznosa.<\/p>\n<h5><strong>9. GARANCIJA REZERVACIJE<\/strong><\/h5>\n<p>Va\u0161u kreditnu karticu koristimo kao garanciju rezervacije (ukoliko je rezervacija napravljena po standardnim uvjetima i bez pla\u0107anja depozita). U slu\u010daju nedolaska, a bez prethodnog otkaza rezervacije, teretimo Va\u0161u karticu za ukupan iznos rezervacije. Unutar otkaznog roka mo\u017eemo teretiti Va\u0161u kreditnu karticu za iznos prvog no\u0107enja po smje\u0161tajnoj jedinici. Za otkaz rezervacije nakon otkaznog roka zadr\u017eavamo tere\u0107eni iznos. U slu\u010daju neuspjele pred autorizacije Va\u0161e kreditne kartice, biti \u0107ete obavije\u0161teni. Ukoliko ne uspijemo teretiti Va\u0161u kreditnu karticu, Va\u0161a \u0107e rezervacija biti otkazana (ako \u0107emo raditi pred autorizaciju).<br \/>\nAko nemate kreditnu karticu, svoj boravak mo\u017eete jam\u010diti uplatom predujma u iznosu od jednog no\u0107enja po smje\u0161tajnoj jedinici. Predujam je nu\u017eno uplatiti 7 dana po primitku potvrde. Pla\u0107anje rezerviranih usluga se obavlja na recepciji kreditnom karticom ili gotovinom sukladno op\u0107im uvjetima poslovanja i uvjetima rezervacije. Primamo sljede\u0107e kartice: MasterCard, Amex ,Visa i Maestro.<\/p>\n<h5><strong>10. IZMJENE I STORNA OD STRANE RESORTA<\/strong><\/h5>\n<p>Resort zadr\u017eava pravo u svakom trenutku izmijeniti rezervaciju ili na\u010din pru\u017eanja usluga, ako se pojave okolnosti koje su izvan na\u0161e kontrole, koje se ne mogu predvidjeti, izbje\u0107i ili odgoditi. Potvr\u0111ena smje\u0161tajna jedinica se mo\u017ee zamijeniti smje\u0161tajnom jedinicom iste ili vi\u0161e kategorije uz zadr\u017eavanje iste cijene koja je bila va\u017ee\u0107a u vrijeme potvrde rezervacije te pravovremeno informiranje gosta o promjeni. U slu\u010dajevima kada zamjenski smje\u0161taj nije mogu\u0107e prona\u0107i, a rezervacija je pla\u0107ena unaprijed, Resort zadr\u017eava pravo otkazati rezervaciju te izvr\u0161iti povrat cjelokupno upla\u0107enog iznosa.<\/p>\n<h5><strong>11. PRIGOVORI<\/strong><\/h5>\n<p>Sukladno \u010dlanku 10. stavku 1. to\u010dki 10. Zakona u ugostiteljskoj djelatnost (NN 85\/2015) gosti nezadovoljstvo u odnosu na kupljeni proizvod ili pru\u017eenu uslugu mogu iskazati prigovorom u pisanoj formi u Resortu, pri \u010demu \u0107e Resort bez odga\u0111anja pisano potvrditi primitak prigovora. Gost prigovor tako\u0111er mo\u017eete poslati putem po\u0161te, telefaksa ili elektroni\u010dke po\u0161te na adresu :<br \/>\nRotokor d.o.o. Grabovac 102,<br \/>\n47245 Rakovica,<br \/>\nTel: <a href=\"tel:%20+%20385%2074%20784%20192\">+ 385 74 784 192<\/a> Fax: <a href=\"fax:%20+%20385%2075%20802%20630\">+ 385 75 802 630<\/a>,<br \/>\nWeb: www.plitvice.com Mail:<a href=\"mailto:info@plitvice.com\"> info@plitvice.com<\/a>.<\/p>\n<p>Pisani odgovor dostavit \u0107emo u roku 15 dana od dana zaprimljenog prigovora.<\/p>\n<h5><strong>12. DOLAZAK I ODLAZAK IZ SMJE\u0160TAJNE JEDINICE RESORTA<\/strong><\/h5>\n<p>Utvr\u0111en je ku\u0107nim redom Resorta i nalazi se u svakoj smje\u0161tajnoj jedinici Resorta.<\/p>\n<h5><strong>13. OBAVEZE I ODGOVORNOST GOSTA<\/strong><\/h5>\n<p>Kao gost, du\u017eni ste posjedovati valjane putne isprave, po\u0161tivati carinske i druge propise RH, te se pridr\u017eavati ku\u0107nog reda i naputaka osoblja Resorta. Gost je du\u017ean \u010duvati imovinu, kao i sav namje\u0161taj, ure\u0111enje, opremu i okoli\u0161 u istom stanju i uvjetima kakvi su bili na po\u010detku kori\u0161tenja usluge. Za bilo koju vrstu o\u0161te\u0107enja, gost snosi odgovornost i za istu je du\u017ean nadoknaditi tro\u0161ak Resortu. U slu\u010daju gubitka narukvice za pristup smje\u0161tajnoj jedinici, gost je du\u017ean podmiriti tro\u0161ak u iznosu od 20,00\u20ac<\/p>\n<h5><strong>14. DODATNE USLUGE<\/strong><\/h5>\n<p>Pla\u0107anje dodatnih usluga je po dogovoru ili va\u017ee\u0107em cjeniku. Resort ne preuzima odgovornost za usluge pru\u017eene putem drugih pru\u017eatelja usluga. Ako gost \u017eeli koristiti dodatne usluge, iste je potrebno unaprijed najaviti na recepciji.<\/p>\n<h5><strong>15. KU\u0106NI LJUBIMCI<\/strong><\/h5>\n<p>Dovo\u0111enje ku\u0107nih ljubimaca je dozvoljeno, uz nadoplatu. Nadoplata za ku\u0107ne ljubimce iznosi 20,00 \u20ac po ljubimcu po danu. Svaki gost je du\u017ean za svoga ljubimca imati i osnovnu opremu (le\u017eaj za psa\/ma\u010dku, posuda za hranu, posuda za vodu te podlo\u017eak za posude za hranu i vodu). Potvrdom rezervacije, gost automatski prihva\u0107a potpunu odgovornost za ku\u0107nog ljubimca.<\/p>\n<h5><strong>16. DJE\u010cJI KREVETI\u0106<\/strong><\/h5>\n<p>Najam dje\u010djeg kreveti\u0107a je mogu\u0107 isklju\u010divo na upit, pisanim putem (e-po\u0161ta). Najam dje\u010djeg kreveti\u0107a iznosi 10 \u20ac po danu.<\/p>\n<h5><strong>17. DRU\u0160TVENA DOGA\u0110ANJA I SLI\u010cNO<\/strong><\/h5>\n<p>Ako namjeravate organizirati neki doga\u0111aj (ro\u0111endansku zabavu, vjen\u010danje, cocktail party, ve\u010deru ili sl.) u Resortu, morate prvo tra\u017eiti dozvolu od uprave Resorta. Ve\u0107a doga\u0111anja potrebno je najaviti prije dolaska, u svezi s tim mogu\u0107 je i dodatni tro\u0161ak kojeg odre\u0111uje Resort. Za posjetitelje koji fotografiraju u privatne svrhe nije potrebno dopu\u0161tenje. Nije dozvoljena uporaba navo\u0111enih letjelica za snimanje iz zraka. Zahtjev za snimanje i\/ili fotografiranje na podru\u010dju Resorta gost\/agencija je du\u017ean podnijeti Zahtjev najkasnije 7 dana prije dolaska u Resort. Zahtjev mora sadr\u017eavati sljede\u0107e:<br \/>\n1. Puni naziv, adresu i kontakt odgovorne fizi\u010dke ili pravne osobe koja planira snimanje i\/ili fotografiranje<br \/>\n2. Razlog i cilj snimanja<br \/>\n3. Planirani datum dolaska i vrijeme snimanja i\/ili fotografiranja<br \/>\n4. Datum i potpis odgovorne osobe.<\/p>\n<h5><strong>18. SIGURNOST I VRIJEDNOSTI<\/strong><\/h5>\n<p>Resort ne odgovara za o\u0161te\u0107enu, uni\u0161tenu ili izgubljenu prtljagu, kao ni za kra\u0111u iste. Bilo kakve dragocjenosti u sobi\/ku\u0107ici Resorta ostavljate na vlastitu odgovornost. Resort ne snosi nikakvu odgovornost za gubitak istih ako nisu bile prijavljene i pohranjene u sefu koji se nalazi na recepciji Resorta ili sefovima u sobama. Gubitak stvari ili kra\u0111a prijavljuje se recepciji Resorta i nadle\u017enoj policijskoj postaji.<\/p>\n<h5><strong>19. ODGOVORNOST RESORTA<\/strong><\/h5>\n<p>Resort ne snosi nikakvu odgovornost u slu\u010daju smrti, bolesti ili ozljede bilo koga u Resortu, izvan pokri\u0107a police osiguranja osoba od posljedica nesretnog slu\u010daja (nezgode), ako \u0161tetni doga\u0111aj nije prouzro\u010dio Resort ili njegovo osoblje krajnjom nepa\u017enjom. Resort nije odgovoran za gubitak, prekid ili zaka\u0161njenje zbog bilo kakvog uzroka izvan na\u0161e kontrole uklju\u010duju\u0107i, ali ne ograni\u010davaju\u0107i se samo na vi\u0161u silu (eksplozije, nevrijeme, po\u017ear ili nesre\u0107e, rat ili prijetnju ratom, civilne nerede, restrikcije, mjesne zakone ili bilo kakve mjere dr\u017eavnih ili lokalnih vlasti, \u0161trajkove, zabrane ulaza ili druge industrijske akcije, prekide i sl.). U slu\u010dajevima osloba\u0111anja od obaveze izvr\u0161enja, odgovornost Resorta se ograni\u010dava samo na povrat iznosa koji nam je upla\u0107en vezano uz rezervaciju<\/p>\n<p>Resort ne snosi odgovornost za reklamaciju koja bi proizi\u0161la zbog kvara mehani\u010dke i druge opreme u smje\u0161taju; npr. toplinske pumpe, bojlera, i sl. niti za prekid komunalnih usluga (struja, voda, plin i sl.). Resort nije odgovoran za buku ili ometanje koje dolazi izvan granica posjeda Resorta ili koje je van kontrole osoblja. Resort nije odgovoran za doga\u0111aje izvan na\u0161e kontrole, kao lo\u0161e vrijeme, zaka\u0161njenja drugih prijevoznika, kvar ku\u0107anskih aparata, ozljede koje nastanu nepropisnim kori\u0161tenjem opreme i nepridr\u017eavanjem uputa, kao i namjerno izazvanom \u0161tetom od strane korisnika usluge Resorta.<\/p>\n<h5><strong>20. TURISTI\u010cKA PRISTOJBA<\/strong><\/h5>\n<p>Turisti\u010dka pristojba obra\u010dunava se prema va\u017ee\u0107im zakonskim propisima, a gost je du\u017ean istu platiti istovremeno s pla\u0107anjem usluge smje\u0161taja. Turisti\u010dka pristojba nije uklju\u010dena u cijenu smje\u0161taja i pla\u0107a se na recepciji u va\u017ee\u0107oj valuti uz ekolo\u0161ku pristojbu i jednokratnu prijavu kako je navedeno u samoj rezervaciji.<\/p>\n<h5><strong>21. PUNJENJE ELEKTRI\u010cNIH VOZILA<\/strong><\/h5>\n<p>Najstro\u017ee je zabranjeno punjenje elektri\u010dnih vozila iz smje\u0161tajnih jedinica ili na mjestima koja nisu predvi\u0111ena za tu namjenu. Elektri\u010dna vozila mogu se puniti isklju\u010divo na punionici za elektri\u010dne automobile unutar resorta.<\/p>\n<h5><strong>22. KATEGORIZACIJA I OPIS OBJEKTA<\/strong><\/h5>\n<p>Ponu\u0111eni smje\u0161tajni i ostali kapaciteti opisani su prema slu\u017ebenoj kategorizaciji Republike Hrvatske. Resort ne preuzima odgovornost za usmenu ili pismenu informaciju koja nije u skladu s opisom usluga i samog objekta u objavljenim programima, a koja je dobivena od strane tre\u0107e osobe. Resort ne odgovara u slu\u010daju neto\u010dnih podataka dobivenih od strane poslovnih partnera.<\/p>\n<h5><strong>23. NAPOMENA<\/strong><\/h5>\n<p>Pismenom potvrdom rezervacije smje\u0161taja, gost ili grupe gostiju, fizi\u010dka ili pravna osoba, koja je izvr\u0161ila rezervaciju u cijelosti prihva\u0107a ove Uvjete. Op\u0107i uvjeti su dostupni na recepciji Resorta te na web stranici Resorta.<\/p>\n","protected":false},"excerpt":{"rendered":"<p>Op\u0107i uvjeti poslovanja &nbsp; 1. SADR\u017dAJ PONUDE I OP\u0106I UVJETI Plitvice Holiday Resort (u daljnjem tekstu Resort) plasira i prodaje usluge smje\u0161taja i kampiranja prema objavljenim informacijama, opisu, terminu i va\u017ee\u0107em cjeniku, a sukladno potvr\u0111enoj rezervaciji\/sklopljenom ugovoru, u svoje ime i za svoj ra\u010dun. Kao naru\u010ditelj usluge za krajnjeg korisnika mo\u017ee se pojaviti agencija ili<\/p>\n","protected":false},"author":1,"featured_media":0,"parent":0,"menu_order":0,"comment_status":"closed","ping_status":"closed","template":"page-templates\/classic.php","meta":{"_acf_changed":false,"footnotes":""},"class_list":["post-2317","page","type-page","status-publish","hentry"],"acf":[],"yoast_head":"<!-- This site is optimized with the Yoast SEO plugin v27.1.1 - https:\/\/yoast.com\/product\/yoast-seo-wordpress\/ -->\n<title>Uvjeti rezervacije i poslovanja | Plitvice Holiday Resort<\/title>\n<meta name=\"description\" content=\"Op\u0107i uvjeti poslovanja obuhva\u0107aju pravila rezervacije, pla\u0107anja, otkazivanja te uvjete boravka u Plitvice Holiday Resortu za goste.\" \/>\n<meta name=\"robots\" content=\"index, follow, max-snippet:-1, max-image-preview:large, max-video-preview:-1\" \/>\n<link rel=\"canonical\" href=\"https:\/\/www.plitvice.com\/hr\/opci-uvjeti-poslovanja\/\" \/>\n<meta property=\"og:locale\" content=\"hr_HR\" \/>\n<meta property=\"og:type\" content=\"article\" \/>\n<meta property=\"og:title\" content=\"Uvjeti rezervacije i poslovanja | Plitvice Holiday Resort\" \/>\n<meta property=\"og:description\" content=\"Op\u0107i uvjeti poslovanja obuhva\u0107aju pravila rezervacije, pla\u0107anja, otkazivanja te uvjete boravka u Plitvice Holiday Resortu za goste.\" \/>\n<meta property=\"og:url\" content=\"https:\/\/www.plitvice.com\/hr\/opci-uvjeti-poslovanja\/\" \/>\n<meta property=\"og:site_name\" content=\"Plitvice Holiday Resort\" \/>\n<meta property=\"article:publisher\" content=\"https:\/\/www.facebook.com\/Plitviceholidayresort\/\" \/>\n<meta property=\"article:modified_time\" content=\"2026-03-30T15:22:59+00:00\" \/>\n<meta name=\"twitter:card\" content=\"summary_large_image\" \/>\n<meta name=\"twitter:label1\" content=\"Procijenjeno vrijeme \u010ditanja\" \/>\n\t<meta name=\"twitter:data1\" content=\"11 minuta\" \/>\n<script type=\"application\/ld+json\" class=\"yoast-schema-graph\">{\"@context\":\"https:\/\/schema.org\",\"@graph\":[{\"@type\":\"WebPage\",\"@id\":\"https:\/\/www.plitvice.com\/hr\/opci-uvjeti-poslovanja\/\",\"url\":\"https:\/\/www.plitvice.com\/hr\/opci-uvjeti-poslovanja\/\",\"name\":\"Uvjeti rezervacije i poslovanja | Plitvice Holiday Resort\",\"isPartOf\":{\"@id\":\"https:\/\/www.plitvice.com\/hr\/#website\"},\"datePublished\":\"2024-08-21T10:17:11+00:00\",\"dateModified\":\"2026-03-30T15:22:59+00:00\",\"description\":\"Op\u0107i uvjeti poslovanja obuhva\u0107aju pravila rezervacije, pla\u0107anja, otkazivanja te uvjete boravka u Plitvice Holiday Resortu za goste.\",\"breadcrumb\":{\"@id\":\"https:\/\/www.plitvice.com\/hr\/opci-uvjeti-poslovanja\/#breadcrumb\"},\"inLanguage\":\"hr\",\"potentialAction\":[{\"@type\":\"ReadAction\",\"target\":[\"https:\/\/www.plitvice.com\/hr\/opci-uvjeti-poslovanja\/\"]}]},{\"@type\":\"BreadcrumbList\",\"@id\":\"https:\/\/www.plitvice.com\/hr\/opci-uvjeti-poslovanja\/#breadcrumb\",\"itemListElement\":[{\"@type\":\"ListItem\",\"position\":1,\"name\":\"Home\",\"item\":\"https:\/\/www.plitvice.com\/hr\/\"},{\"@type\":\"ListItem\",\"position\":2,\"name\":\"Op\u0107i uvjeti poslovanja\"}]},{\"@type\":\"WebSite\",\"@id\":\"https:\/\/www.plitvice.com\/hr\/#website\",\"url\":\"https:\/\/www.plitvice.com\/hr\/\",\"name\":\"Plitvice\",\"description\":\"\",\"potentialAction\":[{\"@type\":\"SearchAction\",\"target\":{\"@type\":\"EntryPoint\",\"urlTemplate\":\"https:\/\/www.plitvice.com\/hr\/?s={search_term_string}\"},\"query-input\":{\"@type\":\"PropertyValueSpecification\",\"valueRequired\":true,\"valueName\":\"search_term_string\"}}],\"inLanguage\":\"hr\"}]}<\/script>\n<!-- \/ Yoast SEO plugin. -->","yoast_head_json":{"title":"Uvjeti rezervacije i poslovanja | Plitvice Holiday Resort","description":"Op\u0107i uvjeti poslovanja obuhva\u0107aju pravila rezervacije, pla\u0107anja, otkazivanja te uvjete boravka u Plitvice Holiday Resortu za goste.","robots":{"index":"index","follow":"follow","max-snippet":"max-snippet:-1","max-image-preview":"max-image-preview:large","max-video-preview":"max-video-preview:-1"},"canonical":"https:\/\/www.plitvice.com\/hr\/opci-uvjeti-poslovanja\/","og_locale":"hr_HR","og_type":"article","og_title":"Uvjeti rezervacije i poslovanja | Plitvice Holiday Resort","og_description":"Op\u0107i uvjeti poslovanja obuhva\u0107aju pravila rezervacije, pla\u0107anja, otkazivanja te uvjete boravka u Plitvice Holiday Resortu za goste.","og_url":"https:\/\/www.plitvice.com\/hr\/opci-uvjeti-poslovanja\/","og_site_name":"Plitvice Holiday Resort","article_publisher":"https:\/\/www.facebook.com\/Plitviceholidayresort\/","article_modified_time":"2026-03-30T15:22:59+00:00","twitter_card":"summary_large_image","twitter_misc":{"Procijenjeno vrijeme \u010ditanja":"11 minuta"},"schema":{"@context":"https:\/\/schema.org","@graph":[{"@type":"WebPage","@id":"https:\/\/www.plitvice.com\/hr\/opci-uvjeti-poslovanja\/","url":"https:\/\/www.plitvice.com\/hr\/opci-uvjeti-poslovanja\/","name":"Uvjeti rezervacije i poslovanja | Plitvice Holiday Resort","isPartOf":{"@id":"https:\/\/www.plitvice.com\/hr\/#website"},"datePublished":"2024-08-21T10:17:11+00:00","dateModified":"2026-03-30T15:22:59+00:00","description":"Op\u0107i uvjeti poslovanja obuhva\u0107aju pravila rezervacije, pla\u0107anja, otkazivanja te uvjete boravka u Plitvice Holiday Resortu za goste.","breadcrumb":{"@id":"https:\/\/www.plitvice.com\/hr\/opci-uvjeti-poslovanja\/#breadcrumb"},"inLanguage":"hr","potentialAction":[{"@type":"ReadAction","target":["https:\/\/www.plitvice.com\/hr\/opci-uvjeti-poslovanja\/"]}]},{"@type":"BreadcrumbList","@id":"https:\/\/www.plitvice.com\/hr\/opci-uvjeti-poslovanja\/#breadcrumb","itemListElement":[{"@type":"ListItem","position":1,"name":"Home","item":"https:\/\/www.plitvice.com\/hr\/"},{"@type":"ListItem","position":2,"name":"Op\u0107i uvjeti poslovanja"}]},{"@type":"WebSite","@id":"https:\/\/www.plitvice.com\/hr\/#website","url":"https:\/\/www.plitvice.com\/hr\/","name":"Plitvice","description":"","potentialAction":[{"@type":"SearchAction","target":{"@type":"EntryPoint","urlTemplate":"https:\/\/www.plitvice.com\/hr\/?s={search_term_string}"},"query-input":{"@type":"PropertyValueSpecification","valueRequired":true,"valueName":"search_term_string"}}],"inLanguage":"hr"}]}},"_links":{"self":[{"href":"https:\/\/www.plitvice.com\/hr\/wp-json\/wp\/v2\/pages\/2317","targetHints":{"allow":["GET"]}}],"collection":[{"href":"https:\/\/www.plitvice.com\/hr\/wp-json\/wp\/v2\/pages"}],"about":[{"href":"https:\/\/www.plitvice.com\/hr\/wp-json\/wp\/v2\/types\/page"}],"author":[{"embeddable":true,"href":"https:\/\/www.plitvice.com\/hr\/wp-json\/wp\/v2\/users\/1"}],"replies":[{"embeddable":true,"href":"https:\/\/www.plitvice.com\/hr\/wp-json\/wp\/v2\/comments?post=2317"}],"version-history":[{"count":7,"href":"https:\/\/www.plitvice.com\/hr\/wp-json\/wp\/v2\/pages\/2317\/revisions"}],"predecessor-version":[{"id":6313,"href":"https:\/\/www.plitvice.com\/hr\/wp-json\/wp\/v2\/pages\/2317\/revisions\/6313"}],"wp:attachment":[{"href":"https:\/\/www.plitvice.com\/hr\/wp-json\/wp\/v2\/media?parent=2317"}],"curies":[{"name":"wp","href":"https:\/\/api.w.org\/{rel}","templated":true}]}}