{"id":2242,"date":"2024-04-18T12:21:51","date_gmt":"2024-04-18T10:21:51","guid":{"rendered":"https:\/\/plitvice.webuciliste.com\/kontakt\/"},"modified":"2026-02-04T07:08:14","modified_gmt":"2026-02-04T06:08:14","slug":"kontakt","status":"publish","type":"page","link":"https:\/\/www.plitvice.com\/hr\/kontakt\/","title":{"rendered":"Kontakt"},"content":{"rendered":"<h1 class=\"mb-4\">Kako do nas?<\/h1>\n<p>Samo sat i pol vo\u017enje od Zagreba i Zadra te 8 kilometara od Nacionalnog parka Plitvi\u010dka jezera, na\u0161 resort pru\u017ea vam brz i jednostavan pristup ovom \u010darobnom mjestu koje obuhva\u0107a 16 prekrasnih jezera.<br \/>\nPored na\u0161eg kampa nalazi se glavna dr\u017eavna cesta koja vodi prema Dalmaciji (D-1), koja je jedna od glavnih poveznica izme\u0111u isto\u010dne Europe i Jadranskog mora. If you are on your way to the middle or south Adriatic, it is impossible to miss the camp, from whichever direction you are coming.<br \/>\nN 44\u00b058\u201924\u201d E 15\u00b038\u201952\u201d<\/p>\n","protected":false},"excerpt":{"rendered":"<p>Kako do nas? Samo sat i pol vo\u017enje od Zagreba i Zadra te 8 kilometara od Nacionalnog parka Plitvi\u010dka jezera, na\u0161 resort pru\u017ea vam brz i jednostavan pristup ovom \u010darobnom mjestu koje obuhva\u0107a 16 prekrasnih jezera. Pored na\u0161eg kampa nalazi se glavna dr\u017eavna cesta koja vodi prema Dalmaciji (D-1), koja je jedna od glavnih poveznica<\/p>\n","protected":false},"author":1,"featured_media":0,"parent":0,"menu_order":0,"comment_status":"closed","ping_status":"closed","template":"page-templates\/contact.php","meta":{"_acf_changed":false,"footnotes":""},"class_list":["post-2242","page","type-page","status-publish","hentry"],"acf":[],"yoast_head":"<!-- This site is optimized with the Yoast SEO plugin v27.1.1 - https:\/\/yoast.com\/product\/yoast-seo-wordpress\/ -->\n<title>Kontakt i kako do nas | Plitvice Holiday Resort<\/title>\n<meta name=\"description\" content=\"Kontaktirajte Plitvice Holiday Resort za sva pitanja ili kako biste isplanirali savr\u0161en odmor u blizini Plitvi\u010dkih jezera.\" \/>\n<meta name=\"robots\" content=\"index, follow, max-snippet:-1, max-image-preview:large, max-video-preview:-1\" \/>\n<link rel=\"canonical\" href=\"https:\/\/www.plitvice.com\/hr\/kontakt\/\" \/>\n<meta property=\"og:locale\" content=\"hr_HR\" \/>\n<meta property=\"og:type\" content=\"article\" \/>\n<meta property=\"og:title\" content=\"Kontakt i kako do nas | Plitvice Holiday Resort\" \/>\n<meta property=\"og:description\" content=\"Kontaktirajte Plitvice Holiday Resort za sva pitanja ili kako biste isplanirali savr\u0161en odmor u blizini Plitvi\u010dkih jezera.\" \/>\n<meta property=\"og:url\" content=\"https:\/\/www.plitvice.com\/hr\/kontakt\/\" \/>\n<meta property=\"og:site_name\" content=\"Plitvice Holiday Resort\" \/>\n<meta property=\"article:publisher\" content=\"https:\/\/www.facebook.com\/Plitviceholidayresort\/\" \/>\n<meta property=\"article:modified_time\" content=\"2026-02-04T06:08:14+00:00\" \/>\n<meta name=\"twitter:card\" content=\"summary_large_image\" \/>\n<meta name=\"twitter:label1\" content=\"Procijenjeno vrijeme \u010ditanja\" \/>\n\t<meta name=\"twitter:data1\" content=\"1 minuta\" \/>\n<script type=\"application\/ld+json\" class=\"yoast-schema-graph\">{\"@context\":\"https:\/\/schema.org\",\"@graph\":[{\"@type\":\"WebPage\",\"@id\":\"https:\/\/www.plitvice.com\/hr\/kontakt\/\",\"url\":\"https:\/\/www.plitvice.com\/hr\/kontakt\/\",\"name\":\"Kontakt i kako do nas | Plitvice Holiday Resort\",\"isPartOf\":{\"@id\":\"https:\/\/www.plitvice.com\/hr\/#website\"},\"datePublished\":\"2024-04-18T10:21:51+00:00\",\"dateModified\":\"2026-02-04T06:08:14+00:00\",\"description\":\"Kontaktirajte Plitvice Holiday Resort za sva pitanja ili kako biste isplanirali savr\u0161en odmor u blizini Plitvi\u010dkih jezera.\",\"breadcrumb\":{\"@id\":\"https:\/\/www.plitvice.com\/hr\/kontakt\/#breadcrumb\"},\"inLanguage\":\"hr\",\"potentialAction\":[{\"@type\":\"ReadAction\",\"target\":[\"https:\/\/www.plitvice.com\/hr\/kontakt\/\"]}]},{\"@type\":\"BreadcrumbList\",\"@id\":\"https:\/\/www.plitvice.com\/hr\/kontakt\/#breadcrumb\",\"itemListElement\":[{\"@type\":\"ListItem\",\"position\":1,\"name\":\"Home\",\"item\":\"https:\/\/www.plitvice.com\/hr\/\"},{\"@type\":\"ListItem\",\"position\":2,\"name\":\"Kontakt\"}]},{\"@type\":\"WebSite\",\"@id\":\"https:\/\/www.plitvice.com\/hr\/#website\",\"url\":\"https:\/\/www.plitvice.com\/hr\/\",\"name\":\"Plitvice\",\"description\":\"\",\"potentialAction\":[{\"@type\":\"SearchAction\",\"target\":{\"@type\":\"EntryPoint\",\"urlTemplate\":\"https:\/\/www.plitvice.com\/hr\/?s={search_term_string}\"},\"query-input\":{\"@type\":\"PropertyValueSpecification\",\"valueRequired\":true,\"valueName\":\"search_term_string\"}}],\"inLanguage\":\"hr\"}]}<\/script>\n<!-- \/ Yoast SEO plugin. -->","yoast_head_json":{"title":"Kontakt i kako do nas | Plitvice Holiday Resort","description":"Kontaktirajte Plitvice Holiday Resort za sva pitanja ili kako biste isplanirali savr\u0161en odmor u blizini Plitvi\u010dkih jezera.","robots":{"index":"index","follow":"follow","max-snippet":"max-snippet:-1","max-image-preview":"max-image-preview:large","max-video-preview":"max-video-preview:-1"},"canonical":"https:\/\/www.plitvice.com\/hr\/kontakt\/","og_locale":"hr_HR","og_type":"article","og_title":"Kontakt i kako do nas | Plitvice Holiday Resort","og_description":"Kontaktirajte Plitvice Holiday Resort za sva pitanja ili kako biste isplanirali savr\u0161en odmor u blizini Plitvi\u010dkih jezera.","og_url":"https:\/\/www.plitvice.com\/hr\/kontakt\/","og_site_name":"Plitvice Holiday Resort","article_publisher":"https:\/\/www.facebook.com\/Plitviceholidayresort\/","article_modified_time":"2026-02-04T06:08:14+00:00","twitter_card":"summary_large_image","twitter_misc":{"Procijenjeno vrijeme \u010ditanja":"1 minuta"},"schema":{"@context":"https:\/\/schema.org","@graph":[{"@type":"WebPage","@id":"https:\/\/www.plitvice.com\/hr\/kontakt\/","url":"https:\/\/www.plitvice.com\/hr\/kontakt\/","name":"Kontakt i kako do nas | Plitvice Holiday Resort","isPartOf":{"@id":"https:\/\/www.plitvice.com\/hr\/#website"},"datePublished":"2024-04-18T10:21:51+00:00","dateModified":"2026-02-04T06:08:14+00:00","description":"Kontaktirajte Plitvice Holiday Resort za sva pitanja ili kako biste isplanirali savr\u0161en odmor u blizini Plitvi\u010dkih jezera.","breadcrumb":{"@id":"https:\/\/www.plitvice.com\/hr\/kontakt\/#breadcrumb"},"inLanguage":"hr","potentialAction":[{"@type":"ReadAction","target":["https:\/\/www.plitvice.com\/hr\/kontakt\/"]}]},{"@type":"BreadcrumbList","@id":"https:\/\/www.plitvice.com\/hr\/kontakt\/#breadcrumb","itemListElement":[{"@type":"ListItem","position":1,"name":"Home","item":"https:\/\/www.plitvice.com\/hr\/"},{"@type":"ListItem","position":2,"name":"Kontakt"}]},{"@type":"WebSite","@id":"https:\/\/www.plitvice.com\/hr\/#website","url":"https:\/\/www.plitvice.com\/hr\/","name":"Plitvice","description":"","potentialAction":[{"@type":"SearchAction","target":{"@type":"EntryPoint","urlTemplate":"https:\/\/www.plitvice.com\/hr\/?s={search_term_string}"},"query-input":{"@type":"PropertyValueSpecification","valueRequired":true,"valueName":"search_term_string"}}],"inLanguage":"hr"}]}},"_links":{"self":[{"href":"https:\/\/www.plitvice.com\/hr\/wp-json\/wp\/v2\/pages\/2242","targetHints":{"allow":["GET"]}}],"collection":[{"href":"https:\/\/www.plitvice.com\/hr\/wp-json\/wp\/v2\/pages"}],"about":[{"href":"https:\/\/www.plitvice.com\/hr\/wp-json\/wp\/v2\/types\/page"}],"author":[{"embeddable":true,"href":"https:\/\/www.plitvice.com\/hr\/wp-json\/wp\/v2\/users\/1"}],"replies":[{"embeddable":true,"href":"https:\/\/www.plitvice.com\/hr\/wp-json\/wp\/v2\/comments?post=2242"}],"version-history":[{"count":4,"href":"https:\/\/www.plitvice.com\/hr\/wp-json\/wp\/v2\/pages\/2242\/revisions"}],"predecessor-version":[{"id":4366,"href":"https:\/\/www.plitvice.com\/hr\/wp-json\/wp\/v2\/pages\/2242\/revisions\/4366"}],"wp:attachment":[{"href":"https:\/\/www.plitvice.com\/hr\/wp-json\/wp\/v2\/media?parent=2242"}],"curies":[{"name":"wp","href":"https:\/\/api.w.org\/{rel}","templated":true}]}}