{"id":1160,"date":"2024-04-25T16:58:18","date_gmt":"2024-04-25T14:58:18","guid":{"rendered":"https:\/\/plitvice.webuciliste.com\/spa-wellness\/"},"modified":"2026-02-04T07:11:23","modified_gmt":"2026-02-04T06:11:23","slug":"spa-wellness","status":"publish","type":"page","link":"https:\/\/www.plitvice.com\/hr\/spa-wellness\/","title":{"rendered":"Spa &amp; wellness"},"content":{"rendered":"<h2 class=\"green-color mb-md-5 mb-3\"><span style=\"font-weight: 400;\">Pobjegnite od svakodnevnog stresa i prona\u0111ite svoju oazu mira u na\u0161em wellness centru.<\/span><\/h2>\n<p><span style=\"font-weight: 400;\">Dizajniran u skladu s prirodom i konceptom 4 elementa \u2013 zemlje, zraka, vode i vatre, wellness centar nudi pregr\u0161t sadr\u017eaja za goste \u017eeljne unutarnjeg mira i opu\u0161tanja.<\/span><\/p>\n<p><span style=\"font-weight: 400;\">U\u017eivajte u finskoj ili infracrvenoj sauni sa slanom stijenom, osvje\u017eite se pod jedinstvenim tu\u0161em do\u017eivljaja ili se izmasirajte u hidromasa\u017enom bazenu i opustite tijelo u relax zoni. Iznajmljuje se na minimalno dva sata uz prethodnu rezervaciju na recepciji kao cjelina kako bi se osigurala potpuna privatnost. Iznajmljuje se na minimalno dva sata uz prethodnu rezervaciju na recepciji kao cjelina kako bi se osigurala potpuna privatnost.<\/span><\/p>\n","protected":false},"excerpt":{"rendered":"<p>Pobjegnite od svakodnevnog stresa i prona\u0111ite svoju oazu mira u na\u0161em wellness centru. Dizajniran u skladu s prirodom i konceptom 4 elementa \u2013 zemlje, zraka, vode i vatre, wellness centar nudi pregr\u0161t sadr\u017eaja za goste \u017eeljne unutarnjeg mira i opu\u0161tanja. U\u017eivajte u finskoj ili infracrvenoj sauni sa slanom stijenom, osvje\u017eite se pod jedinstvenim tu\u0161em do\u017eivljaja<\/p>\n","protected":false},"author":1,"featured_media":1179,"parent":0,"menu_order":0,"comment_status":"closed","ping_status":"closed","template":"page-templates\/weddings.php","meta":{"_acf_changed":false,"footnotes":""},"class_list":["post-1160","page","type-page","status-publish","has-post-thumbnail","hentry"],"acf":[],"yoast_head":"<!-- This site is optimized with the Yoast SEO plugin v27.1.1 - https:\/\/yoast.com\/product\/yoast-seo-wordpress\/ -->\n<title>Wellness centar: sauna &amp; privatni spa | Plitvice Holiday Resort<\/title>\n<meta name=\"description\" content=\"Opustite se i obnovite energiju u na\u0161em Spa &amp; Wellness centru, koji nudi tretmane i sadr\u017eaje za opu\u0161tanje u blizini Plitvi\u010dkih jezera.\" \/>\n<meta name=\"robots\" content=\"index, follow, max-snippet:-1, max-image-preview:large, max-video-preview:-1\" \/>\n<link rel=\"canonical\" href=\"https:\/\/www.plitvice.com\/hr\/spa-wellness\/\" \/>\n<meta property=\"og:locale\" content=\"hr_HR\" \/>\n<meta property=\"og:type\" content=\"article\" \/>\n<meta property=\"og:title\" content=\"Wellness centar: sauna &amp; privatni spa | Plitvice Holiday Resort\" \/>\n<meta property=\"og:description\" content=\"Opustite se i obnovite energiju u na\u0161em Spa &amp; Wellness centru, koji nudi tretmane i sadr\u017eaje za opu\u0161tanje u blizini Plitvi\u010dkih jezera.\" \/>\n<meta property=\"og:url\" content=\"https:\/\/www.plitvice.com\/hr\/spa-wellness\/\" \/>\n<meta property=\"og:site_name\" content=\"Plitvice Holiday Resort\" \/>\n<meta property=\"article:publisher\" content=\"https:\/\/www.facebook.com\/Plitviceholidayresort\/\" \/>\n<meta property=\"article:modified_time\" content=\"2026-02-04T06:11:23+00:00\" \/>\n<meta property=\"og:image\" content=\"https:\/\/www.plitvice.com\/wp-content\/uploads\/2024\/07\/0-175-scaled.jpg\" \/>\n\t<meta property=\"og:image:width\" content=\"2560\" \/>\n\t<meta property=\"og:image:height\" content=\"1707\" \/>\n\t<meta property=\"og:image:type\" content=\"image\/jpeg\" \/>\n<meta name=\"twitter:card\" content=\"summary_large_image\" \/>\n<meta name=\"twitter:label1\" content=\"Procijenjeno vrijeme \u010ditanja\" \/>\n\t<meta name=\"twitter:data1\" content=\"1 minuta\" \/>\n<script type=\"application\/ld+json\" class=\"yoast-schema-graph\">{\"@context\":\"https:\/\/schema.org\",\"@graph\":[{\"@type\":\"WebPage\",\"@id\":\"https:\/\/www.plitvice.com\/hr\/spa-wellness\/\",\"url\":\"https:\/\/www.plitvice.com\/hr\/spa-wellness\/\",\"name\":\"Wellness centar: sauna & privatni spa | Plitvice Holiday Resort\",\"isPartOf\":{\"@id\":\"https:\/\/www.plitvice.com\/hr\/#website\"},\"primaryImageOfPage\":{\"@id\":\"https:\/\/www.plitvice.com\/hr\/spa-wellness\/#primaryimage\"},\"image\":{\"@id\":\"https:\/\/www.plitvice.com\/hr\/spa-wellness\/#primaryimage\"},\"thumbnailUrl\":\"https:\/\/www.plitvice.com\/wp-content\/uploads\/2024\/07\/0-175-scaled.jpg\",\"datePublished\":\"2024-04-25T14:58:18+00:00\",\"dateModified\":\"2026-02-04T06:11:23+00:00\",\"description\":\"Opustite se i obnovite energiju u na\u0161em Spa & Wellness centru, koji nudi tretmane i sadr\u017eaje za opu\u0161tanje u blizini Plitvi\u010dkih jezera.\",\"breadcrumb\":{\"@id\":\"https:\/\/www.plitvice.com\/hr\/spa-wellness\/#breadcrumb\"},\"inLanguage\":\"hr\",\"potentialAction\":[{\"@type\":\"ReadAction\",\"target\":[\"https:\/\/www.plitvice.com\/hr\/spa-wellness\/\"]}]},{\"@type\":\"ImageObject\",\"inLanguage\":\"hr\",\"@id\":\"https:\/\/www.plitvice.com\/hr\/spa-wellness\/#primaryimage\",\"url\":\"https:\/\/www.plitvice.com\/wp-content\/uploads\/2024\/07\/0-175-scaled.jpg\",\"contentUrl\":\"https:\/\/www.plitvice.com\/wp-content\/uploads\/2024\/07\/0-175-scaled.jpg\",\"width\":2560,\"height\":1707},{\"@type\":\"BreadcrumbList\",\"@id\":\"https:\/\/www.plitvice.com\/hr\/spa-wellness\/#breadcrumb\",\"itemListElement\":[{\"@type\":\"ListItem\",\"position\":1,\"name\":\"Home\",\"item\":\"https:\/\/www.plitvice.com\/hr\/\"},{\"@type\":\"ListItem\",\"position\":2,\"name\":\"Spa &amp; wellness\"}]},{\"@type\":\"WebSite\",\"@id\":\"https:\/\/www.plitvice.com\/hr\/#website\",\"url\":\"https:\/\/www.plitvice.com\/hr\/\",\"name\":\"Plitvice\",\"description\":\"\",\"potentialAction\":[{\"@type\":\"SearchAction\",\"target\":{\"@type\":\"EntryPoint\",\"urlTemplate\":\"https:\/\/www.plitvice.com\/hr\/?s={search_term_string}\"},\"query-input\":{\"@type\":\"PropertyValueSpecification\",\"valueRequired\":true,\"valueName\":\"search_term_string\"}}],\"inLanguage\":\"hr\"}]}<\/script>\n<!-- \/ Yoast SEO plugin. -->","yoast_head_json":{"title":"Wellness centar: sauna & privatni spa | Plitvice Holiday Resort","description":"Opustite se i obnovite energiju u na\u0161em Spa & Wellness centru, koji nudi tretmane i sadr\u017eaje za opu\u0161tanje u blizini Plitvi\u010dkih jezera.","robots":{"index":"index","follow":"follow","max-snippet":"max-snippet:-1","max-image-preview":"max-image-preview:large","max-video-preview":"max-video-preview:-1"},"canonical":"https:\/\/www.plitvice.com\/hr\/spa-wellness\/","og_locale":"hr_HR","og_type":"article","og_title":"Wellness centar: sauna & privatni spa | Plitvice Holiday Resort","og_description":"Opustite se i obnovite energiju u na\u0161em Spa & Wellness centru, koji nudi tretmane i sadr\u017eaje za opu\u0161tanje u blizini Plitvi\u010dkih jezera.","og_url":"https:\/\/www.plitvice.com\/hr\/spa-wellness\/","og_site_name":"Plitvice Holiday Resort","article_publisher":"https:\/\/www.facebook.com\/Plitviceholidayresort\/","article_modified_time":"2026-02-04T06:11:23+00:00","og_image":[{"width":2560,"height":1707,"url":"https:\/\/www.plitvice.com\/wp-content\/uploads\/2024\/07\/0-175-scaled.jpg","type":"image\/jpeg"}],"twitter_card":"summary_large_image","twitter_misc":{"Procijenjeno vrijeme \u010ditanja":"1 minuta"},"schema":{"@context":"https:\/\/schema.org","@graph":[{"@type":"WebPage","@id":"https:\/\/www.plitvice.com\/hr\/spa-wellness\/","url":"https:\/\/www.plitvice.com\/hr\/spa-wellness\/","name":"Wellness centar: sauna & privatni spa | Plitvice Holiday Resort","isPartOf":{"@id":"https:\/\/www.plitvice.com\/hr\/#website"},"primaryImageOfPage":{"@id":"https:\/\/www.plitvice.com\/hr\/spa-wellness\/#primaryimage"},"image":{"@id":"https:\/\/www.plitvice.com\/hr\/spa-wellness\/#primaryimage"},"thumbnailUrl":"https:\/\/www.plitvice.com\/wp-content\/uploads\/2024\/07\/0-175-scaled.jpg","datePublished":"2024-04-25T14:58:18+00:00","dateModified":"2026-02-04T06:11:23+00:00","description":"Opustite se i obnovite energiju u na\u0161em Spa & Wellness centru, koji nudi tretmane i sadr\u017eaje za opu\u0161tanje u blizini Plitvi\u010dkih jezera.","breadcrumb":{"@id":"https:\/\/www.plitvice.com\/hr\/spa-wellness\/#breadcrumb"},"inLanguage":"hr","potentialAction":[{"@type":"ReadAction","target":["https:\/\/www.plitvice.com\/hr\/spa-wellness\/"]}]},{"@type":"ImageObject","inLanguage":"hr","@id":"https:\/\/www.plitvice.com\/hr\/spa-wellness\/#primaryimage","url":"https:\/\/www.plitvice.com\/wp-content\/uploads\/2024\/07\/0-175-scaled.jpg","contentUrl":"https:\/\/www.plitvice.com\/wp-content\/uploads\/2024\/07\/0-175-scaled.jpg","width":2560,"height":1707},{"@type":"BreadcrumbList","@id":"https:\/\/www.plitvice.com\/hr\/spa-wellness\/#breadcrumb","itemListElement":[{"@type":"ListItem","position":1,"name":"Home","item":"https:\/\/www.plitvice.com\/hr\/"},{"@type":"ListItem","position":2,"name":"Spa &amp; wellness"}]},{"@type":"WebSite","@id":"https:\/\/www.plitvice.com\/hr\/#website","url":"https:\/\/www.plitvice.com\/hr\/","name":"Plitvice","description":"","potentialAction":[{"@type":"SearchAction","target":{"@type":"EntryPoint","urlTemplate":"https:\/\/www.plitvice.com\/hr\/?s={search_term_string}"},"query-input":{"@type":"PropertyValueSpecification","valueRequired":true,"valueName":"search_term_string"}}],"inLanguage":"hr"}]}},"_links":{"self":[{"href":"https:\/\/www.plitvice.com\/hr\/wp-json\/wp\/v2\/pages\/1160","targetHints":{"allow":["GET"]}}],"collection":[{"href":"https:\/\/www.plitvice.com\/hr\/wp-json\/wp\/v2\/pages"}],"about":[{"href":"https:\/\/www.plitvice.com\/hr\/wp-json\/wp\/v2\/types\/page"}],"author":[{"embeddable":true,"href":"https:\/\/www.plitvice.com\/hr\/wp-json\/wp\/v2\/users\/1"}],"replies":[{"embeddable":true,"href":"https:\/\/www.plitvice.com\/hr\/wp-json\/wp\/v2\/comments?post=1160"}],"version-history":[{"count":3,"href":"https:\/\/www.plitvice.com\/hr\/wp-json\/wp\/v2\/pages\/1160\/revisions"}],"predecessor-version":[{"id":3581,"href":"https:\/\/www.plitvice.com\/hr\/wp-json\/wp\/v2\/pages\/1160\/revisions\/3581"}],"wp:featuredmedia":[{"embeddable":true,"href":"https:\/\/www.plitvice.com\/hr\/wp-json\/wp\/v2\/media\/1179"}],"wp:attachment":[{"href":"https:\/\/www.plitvice.com\/hr\/wp-json\/wp\/v2\/media?parent=1160"}],"curies":[{"name":"wp","href":"https:\/\/api.w.org\/{rel}","templated":true}]}}