{"id":1144,"date":"2024-04-16T11:31:23","date_gmt":"2024-04-16T09:31:23","guid":{"rendered":"https:\/\/plitvice.webuciliste.com\/kampiranje\/"},"modified":"2025-08-08T07:38:27","modified_gmt":"2025-08-08T05:38:27","slug":"kampiranje","status":"publish","type":"page","link":"https:\/\/www.plitvice.com\/hr\/kampiranje\/","title":{"rendered":"Kampiranje"},"content":{"rendered":"<p><span style=\"font-weight: 400;\">Smje\u0161ten na 50.000 \u010detvornih metara, na\u0161 kamp nudi 99 parcela i 20 mjesta za kampiranje. Svaka lokacija uklju\u010duje priklju\u010dke za struju, a neke imaju i priklju\u010dke za vodu i odvod. Okru\u017eeni bujnom zelenilom i zimzelenim drve\u0107em koje pru\u017ea obilnu hladovinu, na\u0107i \u0107ete utjehu u zagrljaju prirode. U\u017eivajte u blizini sadr\u017eaja poput restorana, trgovina, dje\u010djih i sportskih igrali\u0161ta te dje\u010dje animacije tijekom sezone. Uz to, na raspolaganju su Vam i ostali sadr\u017eaji, uklju\u010duju\u0107i dva sanitarna \u010dvora koja se mogu privatno iznajmiti, perilice i su\u0161ilice rublja, prostorije za peglanje te hladnjaci za hranu.<\/span><\/p>\n<p><span style=\"font-weight: 400;\">Ako \u017eelite do\u017eivjeti \u010daroliju boravka u prirodi dok i dalje u\u017eivate u udobnosti i miru, nudimo vam smje\u0161taj u vrhunski opremljenim mobilnim ku\u0107icama. Svaka mobilna ku\u0107ica ima svoju terasu na kojoj mo\u017eete u\u017eivati u suncu, a zatim potra\u017eiti osvje\u017eenje u na\u0161em bazenu ili se rashladiti pi\u0107em u baru uz bazen.<\/span><\/p>\n","protected":false},"excerpt":{"rendered":"<p>Smje\u0161ten na 50.000 \u010detvornih metara, na\u0161 kamp nudi 99 parcela i 20 mjesta za kampiranje. Svaka lokacija uklju\u010duje priklju\u010dke za struju, a neke imaju i priklju\u010dke za vodu i odvod. Okru\u017eeni bujnom zelenilom i zimzelenim drve\u0107em koje pru\u017ea obilnu hladovinu, na\u0107i \u0107ete utjehu u zagrljaju prirode. U\u017eivajte u blizini sadr\u017eaja poput restorana, trgovina, dje\u010djih i<\/p>\n","protected":false},"author":1,"featured_media":619,"parent":0,"menu_order":0,"comment_status":"closed","ping_status":"closed","template":"page-templates\/camp.php","meta":{"_acf_changed":false,"footnotes":""},"class_list":["post-1144","page","type-page","status-publish","has-post-thumbnail","hentry"],"acf":[],"yoast_head":"<!-- This site is optimized with the Yoast SEO plugin v27.1.1 - https:\/\/yoast.com\/product\/yoast-seo-wordpress\/ -->\n<title>Kamping - Plitvice Holiday Resort<\/title>\n<meta name=\"description\" content=\"U\u017eivajte u opu\u0161taju\u0107em kampiranju u Plitvice Holiday Resortu, s prostranim parcelama i modernim sadr\u017eajima u blizini Plitvi\u010dkih jezera.\" \/>\n<meta name=\"robots\" content=\"index, follow, max-snippet:-1, max-image-preview:large, max-video-preview:-1\" \/>\n<link rel=\"canonical\" href=\"https:\/\/www.plitvice.com\/hr\/kampiranje\/\" \/>\n<meta property=\"og:locale\" content=\"hr_HR\" \/>\n<meta property=\"og:type\" content=\"article\" \/>\n<meta property=\"og:title\" content=\"Kamping - Plitvice Holiday Resort\" \/>\n<meta property=\"og:description\" content=\"U\u017eivajte u opu\u0161taju\u0107em kampiranju u Plitvice Holiday Resortu, s prostranim parcelama i modernim sadr\u017eajima u blizini Plitvi\u010dkih jezera.\" \/>\n<meta property=\"og:url\" content=\"https:\/\/www.plitvice.com\/hr\/kampiranje\/\" \/>\n<meta property=\"og:site_name\" content=\"Plitvice Holiday Resort\" \/>\n<meta property=\"article:publisher\" content=\"https:\/\/www.facebook.com\/Plitviceholidayresort\/\" \/>\n<meta property=\"article:modified_time\" content=\"2025-08-08T05:38:27+00:00\" \/>\n<meta property=\"og:image\" content=\"https:\/\/www.plitvice.com\/wp-content\/uploads\/2024\/04\/camping_PHR.jpg\" \/>\n\t<meta property=\"og:image:width\" content=\"2000\" \/>\n\t<meta property=\"og:image:height\" content=\"1124\" \/>\n\t<meta property=\"og:image:type\" content=\"image\/jpeg\" \/>\n<meta name=\"twitter:card\" content=\"summary_large_image\" \/>\n<meta name=\"twitter:label1\" content=\"Procijenjeno vrijeme \u010ditanja\" \/>\n\t<meta name=\"twitter:data1\" content=\"1 minuta\" \/>\n<script type=\"application\/ld+json\" class=\"yoast-schema-graph\">{\"@context\":\"https:\/\/schema.org\",\"@graph\":[{\"@type\":\"WebPage\",\"@id\":\"https:\/\/www.plitvice.com\/hr\/kampiranje\/\",\"url\":\"https:\/\/www.plitvice.com\/hr\/kampiranje\/\",\"name\":\"Kamping - Plitvice Holiday Resort\",\"isPartOf\":{\"@id\":\"https:\/\/www.plitvice.com\/hr\/#website\"},\"primaryImageOfPage\":{\"@id\":\"https:\/\/www.plitvice.com\/hr\/kampiranje\/#primaryimage\"},\"image\":{\"@id\":\"https:\/\/www.plitvice.com\/hr\/kampiranje\/#primaryimage\"},\"thumbnailUrl\":\"https:\/\/www.plitvice.com\/wp-content\/uploads\/2024\/04\/camping_PHR.jpg\",\"datePublished\":\"2024-04-16T09:31:23+00:00\",\"dateModified\":\"2025-08-08T05:38:27+00:00\",\"description\":\"U\u017eivajte u opu\u0161taju\u0107em kampiranju u Plitvice Holiday Resortu, s prostranim parcelama i modernim sadr\u017eajima u blizini Plitvi\u010dkih jezera.\",\"breadcrumb\":{\"@id\":\"https:\/\/www.plitvice.com\/hr\/kampiranje\/#breadcrumb\"},\"inLanguage\":\"hr\",\"potentialAction\":[{\"@type\":\"ReadAction\",\"target\":[\"https:\/\/www.plitvice.com\/hr\/kampiranje\/\"]}]},{\"@type\":\"ImageObject\",\"inLanguage\":\"hr\",\"@id\":\"https:\/\/www.plitvice.com\/hr\/kampiranje\/#primaryimage\",\"url\":\"https:\/\/www.plitvice.com\/wp-content\/uploads\/2024\/04\/camping_PHR.jpg\",\"contentUrl\":\"https:\/\/www.plitvice.com\/wp-content\/uploads\/2024\/04\/camping_PHR.jpg\",\"width\":2000,\"height\":1124},{\"@type\":\"BreadcrumbList\",\"@id\":\"https:\/\/www.plitvice.com\/hr\/kampiranje\/#breadcrumb\",\"itemListElement\":[{\"@type\":\"ListItem\",\"position\":1,\"name\":\"Home\",\"item\":\"https:\/\/www.plitvice.com\/hr\/\"},{\"@type\":\"ListItem\",\"position\":2,\"name\":\"Kampiranje\"}]},{\"@type\":\"WebSite\",\"@id\":\"https:\/\/www.plitvice.com\/hr\/#website\",\"url\":\"https:\/\/www.plitvice.com\/hr\/\",\"name\":\"Plitvice\",\"description\":\"\",\"potentialAction\":[{\"@type\":\"SearchAction\",\"target\":{\"@type\":\"EntryPoint\",\"urlTemplate\":\"https:\/\/www.plitvice.com\/hr\/?s={search_term_string}\"},\"query-input\":{\"@type\":\"PropertyValueSpecification\",\"valueRequired\":true,\"valueName\":\"search_term_string\"}}],\"inLanguage\":\"hr\"}]}<\/script>\n<!-- \/ Yoast SEO plugin. -->","yoast_head_json":{"title":"Kamping - Plitvice Holiday Resort","description":"U\u017eivajte u opu\u0161taju\u0107em kampiranju u Plitvice Holiday Resortu, s prostranim parcelama i modernim sadr\u017eajima u blizini Plitvi\u010dkih jezera.","robots":{"index":"index","follow":"follow","max-snippet":"max-snippet:-1","max-image-preview":"max-image-preview:large","max-video-preview":"max-video-preview:-1"},"canonical":"https:\/\/www.plitvice.com\/hr\/kampiranje\/","og_locale":"hr_HR","og_type":"article","og_title":"Kamping - Plitvice Holiday Resort","og_description":"U\u017eivajte u opu\u0161taju\u0107em kampiranju u Plitvice Holiday Resortu, s prostranim parcelama i modernim sadr\u017eajima u blizini Plitvi\u010dkih jezera.","og_url":"https:\/\/www.plitvice.com\/hr\/kampiranje\/","og_site_name":"Plitvice Holiday Resort","article_publisher":"https:\/\/www.facebook.com\/Plitviceholidayresort\/","article_modified_time":"2025-08-08T05:38:27+00:00","og_image":[{"width":2000,"height":1124,"url":"https:\/\/www.plitvice.com\/wp-content\/uploads\/2024\/04\/camping_PHR.jpg","type":"image\/jpeg"}],"twitter_card":"summary_large_image","twitter_misc":{"Procijenjeno vrijeme \u010ditanja":"1 minuta"},"schema":{"@context":"https:\/\/schema.org","@graph":[{"@type":"WebPage","@id":"https:\/\/www.plitvice.com\/hr\/kampiranje\/","url":"https:\/\/www.plitvice.com\/hr\/kampiranje\/","name":"Kamping - Plitvice Holiday Resort","isPartOf":{"@id":"https:\/\/www.plitvice.com\/hr\/#website"},"primaryImageOfPage":{"@id":"https:\/\/www.plitvice.com\/hr\/kampiranje\/#primaryimage"},"image":{"@id":"https:\/\/www.plitvice.com\/hr\/kampiranje\/#primaryimage"},"thumbnailUrl":"https:\/\/www.plitvice.com\/wp-content\/uploads\/2024\/04\/camping_PHR.jpg","datePublished":"2024-04-16T09:31:23+00:00","dateModified":"2025-08-08T05:38:27+00:00","description":"U\u017eivajte u opu\u0161taju\u0107em kampiranju u Plitvice Holiday Resortu, s prostranim parcelama i modernim sadr\u017eajima u blizini Plitvi\u010dkih jezera.","breadcrumb":{"@id":"https:\/\/www.plitvice.com\/hr\/kampiranje\/#breadcrumb"},"inLanguage":"hr","potentialAction":[{"@type":"ReadAction","target":["https:\/\/www.plitvice.com\/hr\/kampiranje\/"]}]},{"@type":"ImageObject","inLanguage":"hr","@id":"https:\/\/www.plitvice.com\/hr\/kampiranje\/#primaryimage","url":"https:\/\/www.plitvice.com\/wp-content\/uploads\/2024\/04\/camping_PHR.jpg","contentUrl":"https:\/\/www.plitvice.com\/wp-content\/uploads\/2024\/04\/camping_PHR.jpg","width":2000,"height":1124},{"@type":"BreadcrumbList","@id":"https:\/\/www.plitvice.com\/hr\/kampiranje\/#breadcrumb","itemListElement":[{"@type":"ListItem","position":1,"name":"Home","item":"https:\/\/www.plitvice.com\/hr\/"},{"@type":"ListItem","position":2,"name":"Kampiranje"}]},{"@type":"WebSite","@id":"https:\/\/www.plitvice.com\/hr\/#website","url":"https:\/\/www.plitvice.com\/hr\/","name":"Plitvice","description":"","potentialAction":[{"@type":"SearchAction","target":{"@type":"EntryPoint","urlTemplate":"https:\/\/www.plitvice.com\/hr\/?s={search_term_string}"},"query-input":{"@type":"PropertyValueSpecification","valueRequired":true,"valueName":"search_term_string"}}],"inLanguage":"hr"}]}},"_links":{"self":[{"href":"https:\/\/www.plitvice.com\/hr\/wp-json\/wp\/v2\/pages\/1144","targetHints":{"allow":["GET"]}}],"collection":[{"href":"https:\/\/www.plitvice.com\/hr\/wp-json\/wp\/v2\/pages"}],"about":[{"href":"https:\/\/www.plitvice.com\/hr\/wp-json\/wp\/v2\/types\/page"}],"author":[{"embeddable":true,"href":"https:\/\/www.plitvice.com\/hr\/wp-json\/wp\/v2\/users\/1"}],"replies":[{"embeddable":true,"href":"https:\/\/www.plitvice.com\/hr\/wp-json\/wp\/v2\/comments?post=1144"}],"version-history":[{"count":13,"href":"https:\/\/www.plitvice.com\/hr\/wp-json\/wp\/v2\/pages\/1144\/revisions"}],"predecessor-version":[{"id":3808,"href":"https:\/\/www.plitvice.com\/hr\/wp-json\/wp\/v2\/pages\/1144\/revisions\/3808"}],"wp:featuredmedia":[{"embeddable":true,"href":"https:\/\/www.plitvice.com\/hr\/wp-json\/wp\/v2\/media\/619"}],"wp:attachment":[{"href":"https:\/\/www.plitvice.com\/hr\/wp-json\/wp\/v2\/media?parent=1144"}],"curies":[{"name":"wp","href":"https:\/\/api.w.org\/{rel}","templated":true}]}}