{"id":1168,"date":"2024-04-25T16:58:34","date_gmt":"2024-04-25T14:58:34","guid":{"rendered":"https:\/\/plitvice.webuciliste.com\/erhaltenes-kulturerbe\/"},"modified":"2025-02-16T10:10:52","modified_gmt":"2025-02-16T09:10:52","slug":"erhaltenes-kulturerbe","status":"publish","type":"page","link":"https:\/\/www.plitvice.com\/de\/erhaltenes-kulturerbe\/","title":{"rendered":"ERHALTENES KULTURERBE"},"content":{"rendered":"<p><span style=\"font-weight: 400;\">Von den wundersch\u00f6nen Plitvicer Seen bis zu den Bara\u0107-H\u00f6hlen, dem Turm in der Altstadt von Dre\u017enik, dem Dorf Rastoke und vielen anderen versteckten Juwelen ist unsere Umgebung reich an unglaublichen Orten, die Sie erst noch verzaubern werden. Tauchen Sie ein in vielf\u00e4ltige Aktivit\u00e4ten, erkunden Sie die reiche Geschichte und genie\u00dfen Sie die Sch\u00f6nheit der unber\u00fchrten Natur.<\/span><\/p>\n","protected":false},"excerpt":{"rendered":"<p>Von den wundersch\u00f6nen Plitvicer Seen bis zu den Bara\u0107-H\u00f6hlen, dem Turm in der Altstadt von Dre\u017enik, dem Dorf Rastoke und vielen anderen versteckten Juwelen ist unsere Umgebung reich an unglaublichen Orten, die Sie erst noch verzaubern werden. Tauchen Sie ein in vielf\u00e4ltige Aktivit\u00e4ten, erkunden Sie die reiche Geschichte und genie\u00dfen Sie die Sch\u00f6nheit der unber\u00fchrten<\/p>\n","protected":false},"author":1,"featured_media":623,"parent":0,"menu_order":0,"comment_status":"closed","ping_status":"closed","template":"page-templates\/camp.php","meta":{"_acf_changed":false,"footnotes":""},"class_list":["post-1168","page","type-page","status-publish","has-post-thumbnail","hentry"],"acf":[],"yoast_head":"<!-- This site is optimized with the Yoast SEO plugin v27.6 - https:\/\/yoast.com\/product\/yoast-seo-wordpress\/ -->\n<title>ERHALTENES KULTURERBE - Plitvice Holiday Resort<\/title>\n<meta name=\"description\" content=\"Erkunden Sie das reiche kulturelle Erbe und die Traditionen unserer Region. Sichern Sie sich noch heute Ihren Platz!\" \/>\n<meta name=\"robots\" content=\"index, follow, max-snippet:-1, max-image-preview:large, max-video-preview:-1\" \/>\n<link rel=\"canonical\" href=\"https:\/\/www.plitvice.com\/de\/erhaltenes-kulturerbe\/\" \/>\n<meta property=\"og:locale\" content=\"de_DE\" \/>\n<meta property=\"og:type\" content=\"article\" \/>\n<meta property=\"og:title\" content=\"ERHALTENES KULTURERBE - Plitvice Holiday Resort\" \/>\n<meta property=\"og:description\" content=\"Erkunden Sie das reiche kulturelle Erbe und die Traditionen unserer Region. Sichern Sie sich noch heute Ihren Platz!\" \/>\n<meta property=\"og:url\" content=\"https:\/\/www.plitvice.com\/de\/erhaltenes-kulturerbe\/\" \/>\n<meta property=\"og:site_name\" content=\"Plitvice Holiday Resort\" \/>\n<meta property=\"article:publisher\" content=\"https:\/\/www.facebook.com\/Plitviceholidayresort\/\" \/>\n<meta property=\"article:modified_time\" content=\"2025-02-16T09:10:52+00:00\" \/>\n<meta property=\"og:image\" content=\"https:\/\/www.plitvice.com\/wp-content\/uploads\/2024\/04\/Cultural-Heritage_PHR.jpg\" \/>\n\t<meta property=\"og:image:width\" content=\"2000\" \/>\n\t<meta property=\"og:image:height\" content=\"1124\" \/>\n\t<meta property=\"og:image:type\" content=\"image\/jpeg\" \/>\n<meta name=\"twitter:card\" content=\"summary_large_image\" \/>\n<meta name=\"twitter:label1\" content=\"Gesch\u00e4tzte Lesezeit\" \/>\n\t<meta name=\"twitter:data1\" content=\"1\u00a0Minute\" \/>\n<script type=\"application\/ld+json\" class=\"yoast-schema-graph\">{\"@context\":\"https:\\\/\\\/schema.org\",\"@graph\":[{\"@type\":\"WebPage\",\"@id\":\"https:\\\/\\\/www.plitvice.com\\\/de\\\/erhaltenes-kulturerbe\\\/\",\"url\":\"https:\\\/\\\/www.plitvice.com\\\/de\\\/erhaltenes-kulturerbe\\\/\",\"name\":\"ERHALTENES KULTURERBE - Plitvice Holiday Resort\",\"isPartOf\":{\"@id\":\"https:\\\/\\\/www.plitvice.com\\\/de\\\/#website\"},\"primaryImageOfPage\":{\"@id\":\"https:\\\/\\\/www.plitvice.com\\\/de\\\/erhaltenes-kulturerbe\\\/#primaryimage\"},\"image\":{\"@id\":\"https:\\\/\\\/www.plitvice.com\\\/de\\\/erhaltenes-kulturerbe\\\/#primaryimage\"},\"thumbnailUrl\":\"https:\\\/\\\/www.plitvice.com\\\/wp-content\\\/uploads\\\/2024\\\/04\\\/Cultural-Heritage_PHR.jpg\",\"datePublished\":\"2024-04-25T14:58:34+00:00\",\"dateModified\":\"2025-02-16T09:10:52+00:00\",\"description\":\"Erkunden Sie das reiche kulturelle Erbe und die Traditionen unserer Region. Sichern Sie sich noch heute Ihren Platz!\",\"breadcrumb\":{\"@id\":\"https:\\\/\\\/www.plitvice.com\\\/de\\\/erhaltenes-kulturerbe\\\/#breadcrumb\"},\"inLanguage\":\"de\",\"potentialAction\":[{\"@type\":\"ReadAction\",\"target\":[\"https:\\\/\\\/www.plitvice.com\\\/de\\\/erhaltenes-kulturerbe\\\/\"]}]},{\"@type\":\"ImageObject\",\"inLanguage\":\"de\",\"@id\":\"https:\\\/\\\/www.plitvice.com\\\/de\\\/erhaltenes-kulturerbe\\\/#primaryimage\",\"url\":\"https:\\\/\\\/www.plitvice.com\\\/wp-content\\\/uploads\\\/2024\\\/04\\\/Cultural-Heritage_PHR.jpg\",\"contentUrl\":\"https:\\\/\\\/www.plitvice.com\\\/wp-content\\\/uploads\\\/2024\\\/04\\\/Cultural-Heritage_PHR.jpg\",\"width\":2000,\"height\":1124},{\"@type\":\"BreadcrumbList\",\"@id\":\"https:\\\/\\\/www.plitvice.com\\\/de\\\/erhaltenes-kulturerbe\\\/#breadcrumb\",\"itemListElement\":[{\"@type\":\"ListItem\",\"position\":1,\"name\":\"Home\",\"item\":\"https:\\\/\\\/www.plitvice.com\\\/de\\\/\"},{\"@type\":\"ListItem\",\"position\":2,\"name\":\"ERHALTENES KULTURERBE\"}]},{\"@type\":\"WebSite\",\"@id\":\"https:\\\/\\\/www.plitvice.com\\\/de\\\/#website\",\"url\":\"https:\\\/\\\/www.plitvice.com\\\/de\\\/\",\"name\":\"Plitvice\",\"description\":\"\",\"potentialAction\":[{\"@type\":\"SearchAction\",\"target\":{\"@type\":\"EntryPoint\",\"urlTemplate\":\"https:\\\/\\\/www.plitvice.com\\\/de\\\/?s={search_term_string}\"},\"query-input\":{\"@type\":\"PropertyValueSpecification\",\"valueRequired\":true,\"valueName\":\"search_term_string\"}}],\"inLanguage\":\"de\"}]}<\/script>\n<!-- \/ Yoast SEO plugin. -->","yoast_head_json":{"title":"ERHALTENES KULTURERBE - Plitvice Holiday Resort","description":"Erkunden Sie das reiche kulturelle Erbe und die Traditionen unserer Region. Sichern Sie sich noch heute Ihren Platz!","robots":{"index":"index","follow":"follow","max-snippet":"max-snippet:-1","max-image-preview":"max-image-preview:large","max-video-preview":"max-video-preview:-1"},"canonical":"https:\/\/www.plitvice.com\/de\/erhaltenes-kulturerbe\/","og_locale":"de_DE","og_type":"article","og_title":"ERHALTENES KULTURERBE - Plitvice Holiday Resort","og_description":"Erkunden Sie das reiche kulturelle Erbe und die Traditionen unserer Region. Sichern Sie sich noch heute Ihren Platz!","og_url":"https:\/\/www.plitvice.com\/de\/erhaltenes-kulturerbe\/","og_site_name":"Plitvice Holiday Resort","article_publisher":"https:\/\/www.facebook.com\/Plitviceholidayresort\/","article_modified_time":"2025-02-16T09:10:52+00:00","og_image":[{"width":2000,"height":1124,"url":"https:\/\/www.plitvice.com\/wp-content\/uploads\/2024\/04\/Cultural-Heritage_PHR.jpg","type":"image\/jpeg"}],"twitter_card":"summary_large_image","twitter_misc":{"Gesch\u00e4tzte Lesezeit":"1\u00a0Minute"},"schema":{"@context":"https:\/\/schema.org","@graph":[{"@type":"WebPage","@id":"https:\/\/www.plitvice.com\/de\/erhaltenes-kulturerbe\/","url":"https:\/\/www.plitvice.com\/de\/erhaltenes-kulturerbe\/","name":"ERHALTENES KULTURERBE - Plitvice Holiday Resort","isPartOf":{"@id":"https:\/\/www.plitvice.com\/de\/#website"},"primaryImageOfPage":{"@id":"https:\/\/www.plitvice.com\/de\/erhaltenes-kulturerbe\/#primaryimage"},"image":{"@id":"https:\/\/www.plitvice.com\/de\/erhaltenes-kulturerbe\/#primaryimage"},"thumbnailUrl":"https:\/\/www.plitvice.com\/wp-content\/uploads\/2024\/04\/Cultural-Heritage_PHR.jpg","datePublished":"2024-04-25T14:58:34+00:00","dateModified":"2025-02-16T09:10:52+00:00","description":"Erkunden Sie das reiche kulturelle Erbe und die Traditionen unserer Region. Sichern Sie sich noch heute Ihren Platz!","breadcrumb":{"@id":"https:\/\/www.plitvice.com\/de\/erhaltenes-kulturerbe\/#breadcrumb"},"inLanguage":"de","potentialAction":[{"@type":"ReadAction","target":["https:\/\/www.plitvice.com\/de\/erhaltenes-kulturerbe\/"]}]},{"@type":"ImageObject","inLanguage":"de","@id":"https:\/\/www.plitvice.com\/de\/erhaltenes-kulturerbe\/#primaryimage","url":"https:\/\/www.plitvice.com\/wp-content\/uploads\/2024\/04\/Cultural-Heritage_PHR.jpg","contentUrl":"https:\/\/www.plitvice.com\/wp-content\/uploads\/2024\/04\/Cultural-Heritage_PHR.jpg","width":2000,"height":1124},{"@type":"BreadcrumbList","@id":"https:\/\/www.plitvice.com\/de\/erhaltenes-kulturerbe\/#breadcrumb","itemListElement":[{"@type":"ListItem","position":1,"name":"Home","item":"https:\/\/www.plitvice.com\/de\/"},{"@type":"ListItem","position":2,"name":"ERHALTENES KULTURERBE"}]},{"@type":"WebSite","@id":"https:\/\/www.plitvice.com\/de\/#website","url":"https:\/\/www.plitvice.com\/de\/","name":"Plitvice","description":"","potentialAction":[{"@type":"SearchAction","target":{"@type":"EntryPoint","urlTemplate":"https:\/\/www.plitvice.com\/de\/?s={search_term_string}"},"query-input":{"@type":"PropertyValueSpecification","valueRequired":true,"valueName":"search_term_string"}}],"inLanguage":"de"}]}},"_links":{"self":[{"href":"https:\/\/www.plitvice.com\/de\/wp-json\/wp\/v2\/pages\/1168","targetHints":{"allow":["GET"]}}],"collection":[{"href":"https:\/\/www.plitvice.com\/de\/wp-json\/wp\/v2\/pages"}],"about":[{"href":"https:\/\/www.plitvice.com\/de\/wp-json\/wp\/v2\/types\/page"}],"author":[{"embeddable":true,"href":"https:\/\/www.plitvice.com\/de\/wp-json\/wp\/v2\/users\/1"}],"replies":[{"embeddable":true,"href":"https:\/\/www.plitvice.com\/de\/wp-json\/wp\/v2\/comments?post=1168"}],"version-history":[{"count":1,"href":"https:\/\/www.plitvice.com\/de\/wp-json\/wp\/v2\/pages\/1168\/revisions"}],"predecessor-version":[{"id":2492,"href":"https:\/\/www.plitvice.com\/de\/wp-json\/wp\/v2\/pages\/1168\/revisions\/2492"}],"wp:featuredmedia":[{"embeddable":true,"href":"https:\/\/www.plitvice.com\/de\/wp-json\/wp\/v2\/media\/623"}],"wp:attachment":[{"href":"https:\/\/www.plitvice.com\/de\/wp-json\/wp\/v2\/media?parent=1168"}],"curies":[{"name":"wp","href":"https:\/\/api.w.org\/{rel}","templated":true}]}}