{"id":1156,"date":"2024-04-25T16:58:03","date_gmt":"2024-04-25T14:58:03","guid":{"rendered":"https:\/\/plitvice.webuciliste.com\/zimmer\/"},"modified":"2026-05-08T14:42:28","modified_gmt":"2026-05-08T12:42:28","slug":"zimmer","status":"publish","type":"page","link":"https:\/\/www.plitvice.com\/de\/zimmer\/","title":{"rendered":"Zimmer und Apartment"},"content":{"rendered":"<p><span style=\"font-weight: 400;\">In unseren Bungalows und Pavillons finden Sie komfortable Unterk\u00fcnfte, die perfekt f\u00fcr Ihren Urlaub oder Ihre Gesch\u00e4ftsreise geeignet sind. Neben Doppelzimmern im Pavillon oder Bungalow bieten wir auch ideale Unterk\u00fcnfte f\u00fcr Freundesgruppen, Familien oder Teambuilding-Ausfl\u00fcge. <\/span><\/p>\n<p><span style=\"font-weight: 400;\">Erleben Sie den Komfort und die Bequemlichkeit unserer Zimmer und sorgen Sie f\u00fcr einen unvergesslichen Aufenthalt f\u00fcr alle. <\/span><\/p>\n","protected":false},"excerpt":{"rendered":"<p>In unseren Bungalows und Pavillons finden Sie komfortable Unterk\u00fcnfte, die perfekt f\u00fcr Ihren Urlaub oder Ihre Gesch\u00e4ftsreise geeignet sind. Neben Doppelzimmern im Pavillon oder Bungalow bieten wir auch ideale Unterk\u00fcnfte f\u00fcr Freundesgruppen, Familien oder Teambuilding-Ausfl\u00fcge. Erleben Sie den Komfort und die Bequemlichkeit unserer Zimmer und sorgen Sie f\u00fcr einen unvergesslichen Aufenthalt f\u00fcr alle.<\/p>\n","protected":false},"author":1,"featured_media":5605,"parent":0,"menu_order":0,"comment_status":"closed","ping_status":"closed","template":"page-templates\/glamping.php","meta":{"_acf_changed":false,"footnotes":""},"class_list":["post-1156","page","type-page","status-publish","has-post-thumbnail","hentry"],"acf":[],"yoast_head":"<!-- This site is optimized with the Yoast SEO plugin v27.6 - https:\/\/yoast.com\/product\/yoast-seo-wordpress\/ -->\n<title>Zimmer und Apartment<\/title>\n<meta name=\"description\" content=\"Genie\u00dfen Sie Ihren Aufenthalt in komfortablen, ger\u00e4umigen Zimmern oder einem luxuri\u00f6sen Apartment im Plitvice Holiday Resort, das perfekt f\u00fcr die Erkundung der Plitvicer Region geeignet ist.\" \/>\n<meta name=\"robots\" content=\"index, follow, max-snippet:-1, max-image-preview:large, max-video-preview:-1\" \/>\n<link rel=\"canonical\" href=\"https:\/\/www.plitvice.com\/de\/zimmer\/\" \/>\n<meta property=\"og:locale\" content=\"de_DE\" \/>\n<meta property=\"og:type\" content=\"article\" \/>\n<meta property=\"og:title\" content=\"Zimmer und Apartment\" \/>\n<meta property=\"og:description\" content=\"Genie\u00dfen Sie Ihren Aufenthalt in komfortablen, ger\u00e4umigen Zimmern oder einem luxuri\u00f6sen Apartment im Plitvice Holiday Resort, das perfekt f\u00fcr die Erkundung der Plitvicer Region geeignet ist.\" \/>\n<meta property=\"og:url\" content=\"https:\/\/www.plitvice.com\/de\/zimmer\/\" \/>\n<meta property=\"og:site_name\" content=\"Plitvice Holiday Resort\" \/>\n<meta property=\"article:publisher\" content=\"https:\/\/www.facebook.com\/Plitviceholidayresort\/\" \/>\n<meta property=\"article:modified_time\" content=\"2026-05-08T12:42:28+00:00\" \/>\n<meta property=\"og:image\" content=\"https:\/\/www.plitvice.com\/wp-content\/uploads\/2025\/12\/Plitvice_Holiday_Resort-scaled.jpg\" \/>\n\t<meta property=\"og:image:width\" content=\"2560\" \/>\n\t<meta property=\"og:image:height\" content=\"1334\" \/>\n\t<meta property=\"og:image:type\" content=\"image\/jpeg\" \/>\n<meta name=\"twitter:card\" content=\"summary_large_image\" \/>\n<meta name=\"twitter:label1\" content=\"Gesch\u00e4tzte Lesezeit\" \/>\n\t<meta name=\"twitter:data1\" content=\"1\u00a0Minute\" \/>\n<script type=\"application\/ld+json\" class=\"yoast-schema-graph\">{\"@context\":\"https:\\\/\\\/schema.org\",\"@graph\":[{\"@type\":\"WebPage\",\"@id\":\"https:\\\/\\\/www.plitvice.com\\\/de\\\/zimmer\\\/\",\"url\":\"https:\\\/\\\/www.plitvice.com\\\/de\\\/zimmer\\\/\",\"name\":\"Zimmer und Apartment\",\"isPartOf\":{\"@id\":\"https:\\\/\\\/www.plitvice.com\\\/de\\\/#website\"},\"primaryImageOfPage\":{\"@id\":\"https:\\\/\\\/www.plitvice.com\\\/de\\\/zimmer\\\/#primaryimage\"},\"image\":{\"@id\":\"https:\\\/\\\/www.plitvice.com\\\/de\\\/zimmer\\\/#primaryimage\"},\"thumbnailUrl\":\"https:\\\/\\\/www.plitvice.com\\\/wp-content\\\/uploads\\\/2025\\\/12\\\/Plitvice_Holiday_Resort-scaled.jpg\",\"datePublished\":\"2024-04-25T14:58:03+00:00\",\"dateModified\":\"2026-05-08T12:42:28+00:00\",\"description\":\"Genie\u00dfen Sie Ihren Aufenthalt in komfortablen, ger\u00e4umigen Zimmern oder einem luxuri\u00f6sen Apartment im Plitvice Holiday Resort, das perfekt f\u00fcr die Erkundung der Plitvicer Region geeignet ist.\",\"breadcrumb\":{\"@id\":\"https:\\\/\\\/www.plitvice.com\\\/de\\\/zimmer\\\/#breadcrumb\"},\"inLanguage\":\"de\",\"potentialAction\":[{\"@type\":\"ReadAction\",\"target\":[\"https:\\\/\\\/www.plitvice.com\\\/de\\\/zimmer\\\/\"]}]},{\"@type\":\"ImageObject\",\"inLanguage\":\"de\",\"@id\":\"https:\\\/\\\/www.plitvice.com\\\/de\\\/zimmer\\\/#primaryimage\",\"url\":\"https:\\\/\\\/www.plitvice.com\\\/wp-content\\\/uploads\\\/2025\\\/12\\\/Plitvice_Holiday_Resort-scaled.jpg\",\"contentUrl\":\"https:\\\/\\\/www.plitvice.com\\\/wp-content\\\/uploads\\\/2025\\\/12\\\/Plitvice_Holiday_Resort-scaled.jpg\",\"width\":2560,\"height\":1334},{\"@type\":\"BreadcrumbList\",\"@id\":\"https:\\\/\\\/www.plitvice.com\\\/de\\\/zimmer\\\/#breadcrumb\",\"itemListElement\":[{\"@type\":\"ListItem\",\"position\":1,\"name\":\"Home\",\"item\":\"https:\\\/\\\/www.plitvice.com\\\/de\\\/\"},{\"@type\":\"ListItem\",\"position\":2,\"name\":\"Zimmer und Apartment\"}]},{\"@type\":\"WebSite\",\"@id\":\"https:\\\/\\\/www.plitvice.com\\\/de\\\/#website\",\"url\":\"https:\\\/\\\/www.plitvice.com\\\/de\\\/\",\"name\":\"Plitvice\",\"description\":\"\",\"potentialAction\":[{\"@type\":\"SearchAction\",\"target\":{\"@type\":\"EntryPoint\",\"urlTemplate\":\"https:\\\/\\\/www.plitvice.com\\\/de\\\/?s={search_term_string}\"},\"query-input\":{\"@type\":\"PropertyValueSpecification\",\"valueRequired\":true,\"valueName\":\"search_term_string\"}}],\"inLanguage\":\"de\"}]}<\/script>\n<!-- \/ Yoast SEO plugin. -->","yoast_head_json":{"title":"Zimmer und Apartment","description":"Genie\u00dfen Sie Ihren Aufenthalt in komfortablen, ger\u00e4umigen Zimmern oder einem luxuri\u00f6sen Apartment im Plitvice Holiday Resort, das perfekt f\u00fcr die Erkundung der Plitvicer Region geeignet ist.","robots":{"index":"index","follow":"follow","max-snippet":"max-snippet:-1","max-image-preview":"max-image-preview:large","max-video-preview":"max-video-preview:-1"},"canonical":"https:\/\/www.plitvice.com\/de\/zimmer\/","og_locale":"de_DE","og_type":"article","og_title":"Zimmer und Apartment","og_description":"Genie\u00dfen Sie Ihren Aufenthalt in komfortablen, ger\u00e4umigen Zimmern oder einem luxuri\u00f6sen Apartment im Plitvice Holiday Resort, das perfekt f\u00fcr die Erkundung der Plitvicer Region geeignet ist.","og_url":"https:\/\/www.plitvice.com\/de\/zimmer\/","og_site_name":"Plitvice Holiday Resort","article_publisher":"https:\/\/www.facebook.com\/Plitviceholidayresort\/","article_modified_time":"2026-05-08T12:42:28+00:00","og_image":[{"width":2560,"height":1334,"url":"https:\/\/www.plitvice.com\/wp-content\/uploads\/2025\/12\/Plitvice_Holiday_Resort-scaled.jpg","type":"image\/jpeg"}],"twitter_card":"summary_large_image","twitter_misc":{"Gesch\u00e4tzte Lesezeit":"1\u00a0Minute"},"schema":{"@context":"https:\/\/schema.org","@graph":[{"@type":"WebPage","@id":"https:\/\/www.plitvice.com\/de\/zimmer\/","url":"https:\/\/www.plitvice.com\/de\/zimmer\/","name":"Zimmer und Apartment","isPartOf":{"@id":"https:\/\/www.plitvice.com\/de\/#website"},"primaryImageOfPage":{"@id":"https:\/\/www.plitvice.com\/de\/zimmer\/#primaryimage"},"image":{"@id":"https:\/\/www.plitvice.com\/de\/zimmer\/#primaryimage"},"thumbnailUrl":"https:\/\/www.plitvice.com\/wp-content\/uploads\/2025\/12\/Plitvice_Holiday_Resort-scaled.jpg","datePublished":"2024-04-25T14:58:03+00:00","dateModified":"2026-05-08T12:42:28+00:00","description":"Genie\u00dfen Sie Ihren Aufenthalt in komfortablen, ger\u00e4umigen Zimmern oder einem luxuri\u00f6sen Apartment im Plitvice Holiday Resort, das perfekt f\u00fcr die Erkundung der Plitvicer Region geeignet ist.","breadcrumb":{"@id":"https:\/\/www.plitvice.com\/de\/zimmer\/#breadcrumb"},"inLanguage":"de","potentialAction":[{"@type":"ReadAction","target":["https:\/\/www.plitvice.com\/de\/zimmer\/"]}]},{"@type":"ImageObject","inLanguage":"de","@id":"https:\/\/www.plitvice.com\/de\/zimmer\/#primaryimage","url":"https:\/\/www.plitvice.com\/wp-content\/uploads\/2025\/12\/Plitvice_Holiday_Resort-scaled.jpg","contentUrl":"https:\/\/www.plitvice.com\/wp-content\/uploads\/2025\/12\/Plitvice_Holiday_Resort-scaled.jpg","width":2560,"height":1334},{"@type":"BreadcrumbList","@id":"https:\/\/www.plitvice.com\/de\/zimmer\/#breadcrumb","itemListElement":[{"@type":"ListItem","position":1,"name":"Home","item":"https:\/\/www.plitvice.com\/de\/"},{"@type":"ListItem","position":2,"name":"Zimmer und Apartment"}]},{"@type":"WebSite","@id":"https:\/\/www.plitvice.com\/de\/#website","url":"https:\/\/www.plitvice.com\/de\/","name":"Plitvice","description":"","potentialAction":[{"@type":"SearchAction","target":{"@type":"EntryPoint","urlTemplate":"https:\/\/www.plitvice.com\/de\/?s={search_term_string}"},"query-input":{"@type":"PropertyValueSpecification","valueRequired":true,"valueName":"search_term_string"}}],"inLanguage":"de"}]}},"_links":{"self":[{"href":"https:\/\/www.plitvice.com\/de\/wp-json\/wp\/v2\/pages\/1156","targetHints":{"allow":["GET"]}}],"collection":[{"href":"https:\/\/www.plitvice.com\/de\/wp-json\/wp\/v2\/pages"}],"about":[{"href":"https:\/\/www.plitvice.com\/de\/wp-json\/wp\/v2\/types\/page"}],"author":[{"embeddable":true,"href":"https:\/\/www.plitvice.com\/de\/wp-json\/wp\/v2\/users\/1"}],"replies":[{"embeddable":true,"href":"https:\/\/www.plitvice.com\/de\/wp-json\/wp\/v2\/comments?post=1156"}],"version-history":[{"count":13,"href":"https:\/\/www.plitvice.com\/de\/wp-json\/wp\/v2\/pages\/1156\/revisions"}],"predecessor-version":[{"id":6470,"href":"https:\/\/www.plitvice.com\/de\/wp-json\/wp\/v2\/pages\/1156\/revisions\/6470"}],"wp:featuredmedia":[{"embeddable":true,"href":"https:\/\/www.plitvice.com\/de\/wp-json\/wp\/v2\/media\/5605"}],"wp:attachment":[{"href":"https:\/\/www.plitvice.com\/de\/wp-json\/wp\/v2\/media?parent=1156"}],"curies":[{"name":"wp","href":"https:\/\/api.w.org\/{rel}","templated":true}]}}