{"id":1153,"date":"2024-03-21T16:16:47","date_gmt":"2024-03-21T15:16:47","guid":{"rendered":"https:\/\/plitvice.webuciliste.com\/homepage\/"},"modified":"2026-02-04T07:55:39","modified_gmt":"2026-02-04T06:55:39","slug":"homepage","status":"publish","type":"page","link":"https:\/\/www.plitvice.com\/de\/","title":{"rendered":"Startseite"},"content":{"rendered":"<h1 class=\"mb-4 green-color\">Willkommen im &#8218;Plitvice Holiday Resort&#8216;, der gr\u00fcnsten Camping-Oase in Kroatien!<\/h1>\n<p><strong>Gelegen neben dem Nationalpark Plitvicer Seen<\/strong>, bietet unser Resort die perfekte Kombination aus nat\u00fcrlicher Sch\u00f6nheit, kulturellen Erlebnissen und einem aktiven sowie entspannenden Urlaub f\u00fcr alle, die qualitativ hochwertige Erholung suchen.<\/p>\n<p>In Grabovac, an der Grenze zwischen dem kontinentalen und bergigen Teil Kroatiens, genie\u00dfen wir ein einzigartiges Mikroklima mit angenehmen, sonnigen Sommern und kalten, wei\u00dfen Wintern. <strong>Unser breites Angebot an Unterk\u00fcnften, Outdoor-Sport- und Freizeitaktivit\u00e4ten sowie kulinarischen Gen\u00fcssen macht das Plitvice Holiday Resort zum idealen Ziel f\u00fcr Ihren perfekten Urlaub.<\/strong><\/p>\n<p>Das ganze Jahr \u00fcber zieht unser Resort G\u00e4ste an, die aktive Erholung, nat\u00fcrliche Sch\u00f6nheiten und gute Unterhaltung suchen. In den Sommermonaten ist es ein unverzichtbarer Zwischenstopp auf dem Weg zur K\u00fcste oder bei der R\u00fcckkehr aus dem Jahresurlaub.<\/p>\n","protected":false},"excerpt":{"rendered":"<p>Willkommen im &#8218;Plitvice Holiday Resort&#8216;, der gr\u00fcnsten Camping-Oase in Kroatien! Gelegen neben dem Nationalpark Plitvicer Seen, bietet unser Resort die perfekte Kombination aus nat\u00fcrlicher Sch\u00f6nheit, kulturellen Erlebnissen und einem aktiven sowie entspannenden Urlaub f\u00fcr alle, die qualitativ hochwertige Erholung suchen. In Grabovac, an der Grenze zwischen dem kontinentalen und bergigen Teil Kroatiens, genie\u00dfen wir ein<\/p>\n","protected":false},"author":1,"featured_media":575,"parent":0,"menu_order":0,"comment_status":"closed","ping_status":"closed","template":"page-templates\/homepage.php","meta":{"_acf_changed":false,"footnotes":""},"class_list":["post-1153","page","type-page","status-publish","has-post-thumbnail","hentry"],"acf":[],"yoast_head":"<!-- This site is optimized with the Yoast SEO plugin v27.1.1 - https:\/\/yoast.com\/product\/yoast-seo-wordpress\/ -->\n<title>Natururlaub: Camping &amp; Glamping | Plitvice Holiday Resort<\/title>\n<meta name=\"description\" content=\"In der N\u00e4he des Nationalparks Plitvicer Seen bietet das Plitvice Holiday Resort die ideale Kombination aus nat\u00fcrlichen Attraktionen, kulturellen Sch\u00f6nheiten sowie aktivem und passivem Urlaub f\u00fcr alle, die gute Unterhaltung suchen.\" \/>\n<meta name=\"robots\" content=\"index, follow, max-snippet:-1, max-image-preview:large, max-video-preview:-1\" \/>\n<link rel=\"canonical\" href=\"https:\/\/www.plitvice.com\/de\/\" \/>\n<meta property=\"og:locale\" content=\"de_DE\" \/>\n<meta property=\"og:type\" content=\"article\" \/>\n<meta property=\"og:title\" content=\"Natururlaub: Camping &amp; Glamping | Plitvice Holiday Resort\" \/>\n<meta property=\"og:description\" content=\"In der N\u00e4he des Nationalparks Plitvicer Seen bietet das Plitvice Holiday Resort die ideale Kombination aus nat\u00fcrlichen Attraktionen, kulturellen Sch\u00f6nheiten sowie aktivem und passivem Urlaub f\u00fcr alle, die gute Unterhaltung suchen.\" \/>\n<meta property=\"og:url\" content=\"https:\/\/www.plitvice.com\/de\/\" \/>\n<meta property=\"og:site_name\" content=\"Plitvice Holiday Resort\" \/>\n<meta property=\"article:publisher\" content=\"https:\/\/www.facebook.com\/Plitviceholidayresort\/\" \/>\n<meta property=\"article:modified_time\" content=\"2026-02-04T06:55:39+00:00\" \/>\n<meta property=\"og:image\" content=\"https:\/\/www.plitvice.com\/wp-content\/uploads\/2024\/04\/homepage.jpg\" \/>\n\t<meta property=\"og:image:width\" content=\"1920\" \/>\n\t<meta property=\"og:image:height\" content=\"1007\" \/>\n\t<meta property=\"og:image:type\" content=\"image\/jpeg\" \/>\n<meta name=\"twitter:card\" content=\"summary_large_image\" \/>\n<meta name=\"twitter:label1\" content=\"Gesch\u00e4tzte Lesezeit\" \/>\n\t<meta name=\"twitter:data1\" content=\"1\u00a0Minute\" \/>\n<script type=\"application\/ld+json\" class=\"yoast-schema-graph\">{\"@context\":\"https:\/\/schema.org\",\"@graph\":[{\"@type\":\"WebPage\",\"@id\":\"https:\/\/www.plitvice.com\/de\/\",\"url\":\"https:\/\/www.plitvice.com\/de\/\",\"name\":\"Natururlaub: Camping & Glamping | Plitvice Holiday Resort\",\"isPartOf\":{\"@id\":\"https:\/\/www.plitvice.com\/de\/#website\"},\"primaryImageOfPage\":{\"@id\":\"https:\/\/www.plitvice.com\/de\/#primaryimage\"},\"image\":{\"@id\":\"https:\/\/www.plitvice.com\/de\/#primaryimage\"},\"thumbnailUrl\":\"https:\/\/www.plitvice.com\/wp-content\/uploads\/2024\/04\/homepage.jpg\",\"datePublished\":\"2024-03-21T15:16:47+00:00\",\"dateModified\":\"2026-02-04T06:55:39+00:00\",\"description\":\"In der N\u00e4he des Nationalparks Plitvicer Seen bietet das Plitvice Holiday Resort die ideale Kombination aus nat\u00fcrlichen Attraktionen, kulturellen Sch\u00f6nheiten sowie aktivem und passivem Urlaub f\u00fcr alle, die gute Unterhaltung suchen.\",\"breadcrumb\":{\"@id\":\"https:\/\/www.plitvice.com\/de\/#breadcrumb\"},\"inLanguage\":\"de\",\"potentialAction\":[{\"@type\":\"ReadAction\",\"target\":[\"https:\/\/www.plitvice.com\/de\/\"]}]},{\"@type\":\"ImageObject\",\"inLanguage\":\"de\",\"@id\":\"https:\/\/www.plitvice.com\/de\/#primaryimage\",\"url\":\"https:\/\/www.plitvice.com\/wp-content\/uploads\/2024\/04\/homepage.jpg\",\"contentUrl\":\"https:\/\/www.plitvice.com\/wp-content\/uploads\/2024\/04\/homepage.jpg\",\"width\":1920,\"height\":1007},{\"@type\":\"BreadcrumbList\",\"@id\":\"https:\/\/www.plitvice.com\/de\/#breadcrumb\",\"itemListElement\":[{\"@type\":\"ListItem\",\"position\":1,\"name\":\"Home\",\"item\":\"https:\/\/www.plitvice.com\/de\/\"},{\"@type\":\"ListItem\",\"position\":2,\"name\":\"Startseite\"}]},{\"@type\":\"WebSite\",\"@id\":\"https:\/\/www.plitvice.com\/de\/#website\",\"url\":\"https:\/\/www.plitvice.com\/de\/\",\"name\":\"Plitvice\",\"description\":\"\",\"potentialAction\":[{\"@type\":\"SearchAction\",\"target\":{\"@type\":\"EntryPoint\",\"urlTemplate\":\"https:\/\/www.plitvice.com\/de\/?s={search_term_string}\"},\"query-input\":{\"@type\":\"PropertyValueSpecification\",\"valueRequired\":true,\"valueName\":\"search_term_string\"}}],\"inLanguage\":\"de\"}]}<\/script>\n<!-- \/ Yoast SEO plugin. -->","yoast_head_json":{"title":"Natururlaub: Camping & Glamping | Plitvice Holiday Resort","description":"In der N\u00e4he des Nationalparks Plitvicer Seen bietet das Plitvice Holiday Resort die ideale Kombination aus nat\u00fcrlichen Attraktionen, kulturellen Sch\u00f6nheiten sowie aktivem und passivem Urlaub f\u00fcr alle, die gute Unterhaltung suchen.","robots":{"index":"index","follow":"follow","max-snippet":"max-snippet:-1","max-image-preview":"max-image-preview:large","max-video-preview":"max-video-preview:-1"},"canonical":"https:\/\/www.plitvice.com\/de\/","og_locale":"de_DE","og_type":"article","og_title":"Natururlaub: Camping & Glamping | Plitvice Holiday Resort","og_description":"In der N\u00e4he des Nationalparks Plitvicer Seen bietet das Plitvice Holiday Resort die ideale Kombination aus nat\u00fcrlichen Attraktionen, kulturellen Sch\u00f6nheiten sowie aktivem und passivem Urlaub f\u00fcr alle, die gute Unterhaltung suchen.","og_url":"https:\/\/www.plitvice.com\/de\/","og_site_name":"Plitvice Holiday Resort","article_publisher":"https:\/\/www.facebook.com\/Plitviceholidayresort\/","article_modified_time":"2026-02-04T06:55:39+00:00","og_image":[{"width":1920,"height":1007,"url":"https:\/\/www.plitvice.com\/wp-content\/uploads\/2024\/04\/homepage.jpg","type":"image\/jpeg"}],"twitter_card":"summary_large_image","twitter_misc":{"Gesch\u00e4tzte Lesezeit":"1\u00a0Minute"},"schema":{"@context":"https:\/\/schema.org","@graph":[{"@type":"WebPage","@id":"https:\/\/www.plitvice.com\/de\/","url":"https:\/\/www.plitvice.com\/de\/","name":"Natururlaub: Camping & Glamping | Plitvice Holiday Resort","isPartOf":{"@id":"https:\/\/www.plitvice.com\/de\/#website"},"primaryImageOfPage":{"@id":"https:\/\/www.plitvice.com\/de\/#primaryimage"},"image":{"@id":"https:\/\/www.plitvice.com\/de\/#primaryimage"},"thumbnailUrl":"https:\/\/www.plitvice.com\/wp-content\/uploads\/2024\/04\/homepage.jpg","datePublished":"2024-03-21T15:16:47+00:00","dateModified":"2026-02-04T06:55:39+00:00","description":"In der N\u00e4he des Nationalparks Plitvicer Seen bietet das Plitvice Holiday Resort die ideale Kombination aus nat\u00fcrlichen Attraktionen, kulturellen Sch\u00f6nheiten sowie aktivem und passivem Urlaub f\u00fcr alle, die gute Unterhaltung suchen.","breadcrumb":{"@id":"https:\/\/www.plitvice.com\/de\/#breadcrumb"},"inLanguage":"de","potentialAction":[{"@type":"ReadAction","target":["https:\/\/www.plitvice.com\/de\/"]}]},{"@type":"ImageObject","inLanguage":"de","@id":"https:\/\/www.plitvice.com\/de\/#primaryimage","url":"https:\/\/www.plitvice.com\/wp-content\/uploads\/2024\/04\/homepage.jpg","contentUrl":"https:\/\/www.plitvice.com\/wp-content\/uploads\/2024\/04\/homepage.jpg","width":1920,"height":1007},{"@type":"BreadcrumbList","@id":"https:\/\/www.plitvice.com\/de\/#breadcrumb","itemListElement":[{"@type":"ListItem","position":1,"name":"Home","item":"https:\/\/www.plitvice.com\/de\/"},{"@type":"ListItem","position":2,"name":"Startseite"}]},{"@type":"WebSite","@id":"https:\/\/www.plitvice.com\/de\/#website","url":"https:\/\/www.plitvice.com\/de\/","name":"Plitvice","description":"","potentialAction":[{"@type":"SearchAction","target":{"@type":"EntryPoint","urlTemplate":"https:\/\/www.plitvice.com\/de\/?s={search_term_string}"},"query-input":{"@type":"PropertyValueSpecification","valueRequired":true,"valueName":"search_term_string"}}],"inLanguage":"de"}]}},"_links":{"self":[{"href":"https:\/\/www.plitvice.com\/de\/wp-json\/wp\/v2\/pages\/1153","targetHints":{"allow":["GET"]}}],"collection":[{"href":"https:\/\/www.plitvice.com\/de\/wp-json\/wp\/v2\/pages"}],"about":[{"href":"https:\/\/www.plitvice.com\/de\/wp-json\/wp\/v2\/types\/page"}],"author":[{"embeddable":true,"href":"https:\/\/www.plitvice.com\/de\/wp-json\/wp\/v2\/users\/1"}],"replies":[{"embeddable":true,"href":"https:\/\/www.plitvice.com\/de\/wp-json\/wp\/v2\/comments?post=1153"}],"version-history":[{"count":5,"href":"https:\/\/www.plitvice.com\/de\/wp-json\/wp\/v2\/pages\/1153\/revisions"}],"predecessor-version":[{"id":4541,"href":"https:\/\/www.plitvice.com\/de\/wp-json\/wp\/v2\/pages\/1153\/revisions\/4541"}],"wp:featuredmedia":[{"embeddable":true,"href":"https:\/\/www.plitvice.com\/de\/wp-json\/wp\/v2\/media\/575"}],"wp:attachment":[{"href":"https:\/\/www.plitvice.com\/de\/wp-json\/wp\/v2\/media?parent=1153"}],"curies":[{"name":"wp","href":"https:\/\/api.w.org\/{rel}","templated":true}]}}