{"id":1147,"date":"2024-04-09T10:54:28","date_gmt":"2024-04-09T08:54:28","guid":{"rendered":"https:\/\/plitvice.webuciliste.com\/glamping\/"},"modified":"2026-05-08T14:14:29","modified_gmt":"2026-05-08T12:14:29","slug":"glamping","status":"publish","type":"page","link":"https:\/\/www.plitvice.com\/de\/glamping\/","title":{"rendered":"Glamping"},"content":{"rendered":"<p>Egal, ob Sie ein Paar sind, das einen romantischen Ausflug sucht, eine Familie, die Abenteuer sucht, oder ein leidenschaftlicher Entdecker, der sich nach einem einzigartigen Urlaubserlebnis sehnt, Glamping hat f\u00fcr jeden etwas anzubieten. Also, warum sollten Sie sich mit dem Gew\u00f6hnlichen zufrieden geben, wenn Sie Ihr Outdoor-Abenteuer mit dem Luxus und Komfort des Glampings aufwerten k\u00f6nnen? Es ist die Gelegenheit, den Kindheitstraum vom \u00dcbernachten in den Baumkronen zu verwirklichen.<\/p>\n","protected":false},"excerpt":{"rendered":"<p>Egal, ob Sie ein Paar sind, das einen romantischen Ausflug sucht, eine Familie, die Abenteuer sucht, oder ein leidenschaftlicher Entdecker, der sich nach einem einzigartigen Urlaubserlebnis sehnt, Glamping hat f\u00fcr jeden etwas anzubieten. Also, warum sollten Sie sich mit dem Gew\u00f6hnlichen zufrieden geben, wenn Sie Ihr Outdoor-Abenteuer mit dem Luxus und Komfort des Glampings aufwerten<\/p>\n","protected":false},"author":1,"featured_media":626,"parent":0,"menu_order":0,"comment_status":"closed","ping_status":"closed","template":"page-templates\/glamping.php","meta":{"_acf_changed":false,"footnotes":""},"class_list":["post-1147","page","type-page","status-publish","has-post-thumbnail","hentry"],"acf":[],"yoast_head":"<!-- This site is optimized with the Yoast SEO plugin v27.6 - https:\/\/yoast.com\/product\/yoast-seo-wordpress\/ -->\n<title>Glamping: Natur &amp; Luxus | Plitvice Holiday Resort<\/title>\n<meta name=\"description\" content=\"Erlebe Glamping in unseren Baumh\u00e4usern und Seeh\u00e4usern \u2013 eine luxuri\u00f6se Auszeit in der Natur im Plitvice Holiday Resort.\" \/>\n<meta name=\"robots\" content=\"index, follow, max-snippet:-1, max-image-preview:large, max-video-preview:-1\" \/>\n<link rel=\"canonical\" href=\"https:\/\/www.plitvice.com\/de\/glamping\/\" \/>\n<meta property=\"og:locale\" content=\"de_DE\" \/>\n<meta property=\"og:type\" content=\"article\" \/>\n<meta property=\"og:title\" content=\"Glamping: Natur &amp; Luxus | Plitvice Holiday Resort\" \/>\n<meta property=\"og:description\" content=\"Erlebe Glamping in unseren Baumh\u00e4usern und Seeh\u00e4usern \u2013 eine luxuri\u00f6se Auszeit in der Natur im Plitvice Holiday Resort.\" \/>\n<meta property=\"og:url\" content=\"https:\/\/www.plitvice.com\/de\/glamping\/\" \/>\n<meta property=\"og:site_name\" content=\"Plitvice Holiday Resort\" \/>\n<meta property=\"article:publisher\" content=\"https:\/\/www.facebook.com\/Plitviceholidayresort\/\" \/>\n<meta property=\"article:modified_time\" content=\"2026-05-08T12:14:29+00:00\" \/>\n<meta property=\"og:image\" content=\"https:\/\/www.plitvice.com\/wp-content\/uploads\/2024\/04\/glamping_PHR.jpg\" \/>\n\t<meta property=\"og:image:width\" content=\"2000\" \/>\n\t<meta property=\"og:image:height\" content=\"1124\" \/>\n\t<meta property=\"og:image:type\" content=\"image\/jpeg\" \/>\n<meta name=\"twitter:card\" content=\"summary_large_image\" \/>\n<meta name=\"twitter:label1\" content=\"Gesch\u00e4tzte Lesezeit\" \/>\n\t<meta name=\"twitter:data1\" content=\"1\u00a0Minute\" \/>\n<script type=\"application\/ld+json\" class=\"yoast-schema-graph\">{\"@context\":\"https:\\\/\\\/schema.org\",\"@graph\":[{\"@type\":\"WebPage\",\"@id\":\"https:\\\/\\\/www.plitvice.com\\\/de\\\/glamping\\\/\",\"url\":\"https:\\\/\\\/www.plitvice.com\\\/de\\\/glamping\\\/\",\"name\":\"Glamping: Natur & Luxus | Plitvice Holiday Resort\",\"isPartOf\":{\"@id\":\"https:\\\/\\\/www.plitvice.com\\\/de\\\/#website\"},\"primaryImageOfPage\":{\"@id\":\"https:\\\/\\\/www.plitvice.com\\\/de\\\/glamping\\\/#primaryimage\"},\"image\":{\"@id\":\"https:\\\/\\\/www.plitvice.com\\\/de\\\/glamping\\\/#primaryimage\"},\"thumbnailUrl\":\"https:\\\/\\\/www.plitvice.com\\\/wp-content\\\/uploads\\\/2024\\\/04\\\/glamping_PHR.jpg\",\"datePublished\":\"2024-04-09T08:54:28+00:00\",\"dateModified\":\"2026-05-08T12:14:29+00:00\",\"description\":\"Erlebe Glamping in unseren Baumh\u00e4usern und Seeh\u00e4usern \u2013 eine luxuri\u00f6se Auszeit in der Natur im Plitvice Holiday Resort.\",\"breadcrumb\":{\"@id\":\"https:\\\/\\\/www.plitvice.com\\\/de\\\/glamping\\\/#breadcrumb\"},\"inLanguage\":\"de\",\"potentialAction\":[{\"@type\":\"ReadAction\",\"target\":[\"https:\\\/\\\/www.plitvice.com\\\/de\\\/glamping\\\/\"]}]},{\"@type\":\"ImageObject\",\"inLanguage\":\"de\",\"@id\":\"https:\\\/\\\/www.plitvice.com\\\/de\\\/glamping\\\/#primaryimage\",\"url\":\"https:\\\/\\\/www.plitvice.com\\\/wp-content\\\/uploads\\\/2024\\\/04\\\/glamping_PHR.jpg\",\"contentUrl\":\"https:\\\/\\\/www.plitvice.com\\\/wp-content\\\/uploads\\\/2024\\\/04\\\/glamping_PHR.jpg\",\"width\":2000,\"height\":1124},{\"@type\":\"BreadcrumbList\",\"@id\":\"https:\\\/\\\/www.plitvice.com\\\/de\\\/glamping\\\/#breadcrumb\",\"itemListElement\":[{\"@type\":\"ListItem\",\"position\":1,\"name\":\"Home\",\"item\":\"https:\\\/\\\/www.plitvice.com\\\/de\\\/\"},{\"@type\":\"ListItem\",\"position\":2,\"name\":\"Glamping\"}]},{\"@type\":\"WebSite\",\"@id\":\"https:\\\/\\\/www.plitvice.com\\\/de\\\/#website\",\"url\":\"https:\\\/\\\/www.plitvice.com\\\/de\\\/\",\"name\":\"Plitvice\",\"description\":\"\",\"potentialAction\":[{\"@type\":\"SearchAction\",\"target\":{\"@type\":\"EntryPoint\",\"urlTemplate\":\"https:\\\/\\\/www.plitvice.com\\\/de\\\/?s={search_term_string}\"},\"query-input\":{\"@type\":\"PropertyValueSpecification\",\"valueRequired\":true,\"valueName\":\"search_term_string\"}}],\"inLanguage\":\"de\"}]}<\/script>\n<!-- \/ Yoast SEO plugin. -->","yoast_head_json":{"title":"Glamping: Natur & Luxus | Plitvice Holiday Resort","description":"Erlebe Glamping in unseren Baumh\u00e4usern und Seeh\u00e4usern \u2013 eine luxuri\u00f6se Auszeit in der Natur im Plitvice Holiday Resort.","robots":{"index":"index","follow":"follow","max-snippet":"max-snippet:-1","max-image-preview":"max-image-preview:large","max-video-preview":"max-video-preview:-1"},"canonical":"https:\/\/www.plitvice.com\/de\/glamping\/","og_locale":"de_DE","og_type":"article","og_title":"Glamping: Natur & Luxus | Plitvice Holiday Resort","og_description":"Erlebe Glamping in unseren Baumh\u00e4usern und Seeh\u00e4usern \u2013 eine luxuri\u00f6se Auszeit in der Natur im Plitvice Holiday Resort.","og_url":"https:\/\/www.plitvice.com\/de\/glamping\/","og_site_name":"Plitvice Holiday Resort","article_publisher":"https:\/\/www.facebook.com\/Plitviceholidayresort\/","article_modified_time":"2026-05-08T12:14:29+00:00","og_image":[{"width":2000,"height":1124,"url":"https:\/\/www.plitvice.com\/wp-content\/uploads\/2024\/04\/glamping_PHR.jpg","type":"image\/jpeg"}],"twitter_card":"summary_large_image","twitter_misc":{"Gesch\u00e4tzte Lesezeit":"1\u00a0Minute"},"schema":{"@context":"https:\/\/schema.org","@graph":[{"@type":"WebPage","@id":"https:\/\/www.plitvice.com\/de\/glamping\/","url":"https:\/\/www.plitvice.com\/de\/glamping\/","name":"Glamping: Natur & Luxus | Plitvice Holiday Resort","isPartOf":{"@id":"https:\/\/www.plitvice.com\/de\/#website"},"primaryImageOfPage":{"@id":"https:\/\/www.plitvice.com\/de\/glamping\/#primaryimage"},"image":{"@id":"https:\/\/www.plitvice.com\/de\/glamping\/#primaryimage"},"thumbnailUrl":"https:\/\/www.plitvice.com\/wp-content\/uploads\/2024\/04\/glamping_PHR.jpg","datePublished":"2024-04-09T08:54:28+00:00","dateModified":"2026-05-08T12:14:29+00:00","description":"Erlebe Glamping in unseren Baumh\u00e4usern und Seeh\u00e4usern \u2013 eine luxuri\u00f6se Auszeit in der Natur im Plitvice Holiday Resort.","breadcrumb":{"@id":"https:\/\/www.plitvice.com\/de\/glamping\/#breadcrumb"},"inLanguage":"de","potentialAction":[{"@type":"ReadAction","target":["https:\/\/www.plitvice.com\/de\/glamping\/"]}]},{"@type":"ImageObject","inLanguage":"de","@id":"https:\/\/www.plitvice.com\/de\/glamping\/#primaryimage","url":"https:\/\/www.plitvice.com\/wp-content\/uploads\/2024\/04\/glamping_PHR.jpg","contentUrl":"https:\/\/www.plitvice.com\/wp-content\/uploads\/2024\/04\/glamping_PHR.jpg","width":2000,"height":1124},{"@type":"BreadcrumbList","@id":"https:\/\/www.plitvice.com\/de\/glamping\/#breadcrumb","itemListElement":[{"@type":"ListItem","position":1,"name":"Home","item":"https:\/\/www.plitvice.com\/de\/"},{"@type":"ListItem","position":2,"name":"Glamping"}]},{"@type":"WebSite","@id":"https:\/\/www.plitvice.com\/de\/#website","url":"https:\/\/www.plitvice.com\/de\/","name":"Plitvice","description":"","potentialAction":[{"@type":"SearchAction","target":{"@type":"EntryPoint","urlTemplate":"https:\/\/www.plitvice.com\/de\/?s={search_term_string}"},"query-input":{"@type":"PropertyValueSpecification","valueRequired":true,"valueName":"search_term_string"}}],"inLanguage":"de"}]}},"_links":{"self":[{"href":"https:\/\/www.plitvice.com\/de\/wp-json\/wp\/v2\/pages\/1147","targetHints":{"allow":["GET"]}}],"collection":[{"href":"https:\/\/www.plitvice.com\/de\/wp-json\/wp\/v2\/pages"}],"about":[{"href":"https:\/\/www.plitvice.com\/de\/wp-json\/wp\/v2\/types\/page"}],"author":[{"embeddable":true,"href":"https:\/\/www.plitvice.com\/de\/wp-json\/wp\/v2\/users\/1"}],"replies":[{"embeddable":true,"href":"https:\/\/www.plitvice.com\/de\/wp-json\/wp\/v2\/comments?post=1147"}],"version-history":[{"count":7,"href":"https:\/\/www.plitvice.com\/de\/wp-json\/wp\/v2\/pages\/1147\/revisions"}],"predecessor-version":[{"id":6462,"href":"https:\/\/www.plitvice.com\/de\/wp-json\/wp\/v2\/pages\/1147\/revisions\/6462"}],"wp:featuredmedia":[{"embeddable":true,"href":"https:\/\/www.plitvice.com\/de\/wp-json\/wp\/v2\/media\/626"}],"wp:attachment":[{"href":"https:\/\/www.plitvice.com\/de\/wp-json\/wp\/v2\/media?parent=1147"}],"curies":[{"name":"wp","href":"https:\/\/api.w.org\/{rel}","templated":true}]}}