{"id":1146,"date":"2024-04-16T11:31:23","date_gmt":"2024-04-16T09:31:23","guid":{"rendered":"https:\/\/plitvice.webuciliste.com\/camping\/"},"modified":"2026-02-04T07:25:22","modified_gmt":"2026-02-04T06:25:22","slug":"camping","status":"publish","type":"page","link":"https:\/\/www.plitvice.com\/de\/camping\/","title":{"rendered":"Camping"},"content":{"rendered":"<p><span style=\"font-weight: 400;\">Unser Campingplatz erstreckt sich \u00fcber 50.000 Quadratmeter und bietet 99 Stellpl\u00e4tze und 20 Campingpl\u00e4tze. Jeder Standort verf\u00fcgt \u00fcber Stromanschl\u00fcsse, und einige verf\u00fcgen auch \u00fcber Wasser- und Abwasseranschl\u00fcsse. Umgeben von \u00fcppigem Gr\u00fcn und immergr\u00fcnen B\u00e4umen, die reichlich Schatten spenden, finden Sie Trost im Scho\u00df der Natur. Genie\u00dfen Sie die N\u00e4he zu Annehmlichkeiten wie Restaurants, Gesch\u00e4ften, Spielpl\u00e4tzen und Sportpl\u00e4tzen sowie Kinderanimationen w\u00e4hrend der Saison. Dar\u00fcber hinaus stehen Ihnen weitere Einrichtungen zur Verf\u00fcgung, darunter zwei private sanit\u00e4re Einrichtungen, Waschmaschinen und Trockner, B\u00fcgelr\u00e4ume und K\u00fchlschr\u00e4nke f\u00fcr Lebensmittel.<\/span><\/p>\n<p><span style=\"font-weight: 400;\">Wenn Sie den Zauber des Aufenthalts in der Natur erleben m\u00f6chten und dennoch Komfort und Frieden genie\u00dfen m\u00f6chten, bieten wir Ihnen Unterkunft in hochwertig ausgestatteten Mobilheimen. Jedes Mobilheim verf\u00fcgt \u00fcber eine eigene Terrasse, auf der Sie die Sonne genie\u00dfen und dann im Pool abk\u00fchlen oder an der Poolbar ein erfrischendes Getr\u00e4nk genie\u00dfen k\u00f6nnen.<\/span><\/p>\n","protected":false},"excerpt":{"rendered":"<p>Unser Campingplatz erstreckt sich \u00fcber 50.000 Quadratmeter und bietet 99 Stellpl\u00e4tze und 20 Campingpl\u00e4tze. Jeder Standort verf\u00fcgt \u00fcber Stromanschl\u00fcsse, und einige verf\u00fcgen auch \u00fcber Wasser- und Abwasseranschl\u00fcsse. Umgeben von \u00fcppigem Gr\u00fcn und immergr\u00fcnen B\u00e4umen, die reichlich Schatten spenden, finden Sie Trost im Scho\u00df der Natur. Genie\u00dfen Sie die N\u00e4he zu Annehmlichkeiten wie Restaurants, Gesch\u00e4ften, Spielpl\u00e4tzen<\/p>\n","protected":false},"author":1,"featured_media":620,"parent":0,"menu_order":0,"comment_status":"closed","ping_status":"closed","template":"page-templates\/camp.php","meta":{"_acf_changed":false,"footnotes":""},"class_list":["post-1146","page","type-page","status-publish","has-post-thumbnail","hentry"],"acf":[],"yoast_head":"<!-- This site is optimized with the Yoast SEO plugin v27.1.1 - https:\/\/yoast.com\/product\/yoast-seo-wordpress\/ -->\n<title>Stellpl\u00e4tze mit moderner Ausstattung | Plitvice Holiday Resort<\/title>\n<meta name=\"description\" content=\"Genie\u00dfen Sie ein entspannendes Camping-Erlebnis im Plitvice Holiday Resort mit ger\u00e4umigen Stellpl\u00e4tzen und modernen Einrichtungen in der N\u00e4he der Plitvicer Seen.\" \/>\n<meta name=\"robots\" content=\"index, follow, max-snippet:-1, max-image-preview:large, max-video-preview:-1\" \/>\n<link rel=\"canonical\" href=\"https:\/\/www.plitvice.com\/de\/camping\/\" \/>\n<meta property=\"og:locale\" content=\"de_DE\" \/>\n<meta property=\"og:type\" content=\"article\" \/>\n<meta property=\"og:title\" content=\"Stellpl\u00e4tze mit moderner Ausstattung | Plitvice Holiday Resort\" \/>\n<meta property=\"og:description\" content=\"Genie\u00dfen Sie ein entspannendes Camping-Erlebnis im Plitvice Holiday Resort mit ger\u00e4umigen Stellpl\u00e4tzen und modernen Einrichtungen in der N\u00e4he der Plitvicer Seen.\" \/>\n<meta property=\"og:url\" content=\"https:\/\/www.plitvice.com\/de\/camping\/\" \/>\n<meta property=\"og:site_name\" content=\"Plitvice Holiday Resort\" \/>\n<meta property=\"article:publisher\" content=\"https:\/\/www.facebook.com\/Plitviceholidayresort\/\" \/>\n<meta property=\"article:modified_time\" content=\"2026-02-04T06:25:22+00:00\" \/>\n<meta property=\"og:image\" content=\"https:\/\/www.plitvice.com\/wp-content\/uploads\/2024\/04\/camping_PHR.jpg\" \/>\n\t<meta property=\"og:image:width\" content=\"2000\" \/>\n\t<meta property=\"og:image:height\" content=\"1124\" \/>\n\t<meta property=\"og:image:type\" content=\"image\/jpeg\" \/>\n<meta name=\"twitter:card\" content=\"summary_large_image\" \/>\n<meta name=\"twitter:label1\" content=\"Gesch\u00e4tzte Lesezeit\" \/>\n\t<meta name=\"twitter:data1\" content=\"1\u00a0Minute\" \/>\n<script type=\"application\/ld+json\" class=\"yoast-schema-graph\">{\"@context\":\"https:\/\/schema.org\",\"@graph\":[{\"@type\":\"WebPage\",\"@id\":\"https:\/\/www.plitvice.com\/de\/camping\/\",\"url\":\"https:\/\/www.plitvice.com\/de\/camping\/\",\"name\":\"Stellpl\u00e4tze mit moderner Ausstattung | Plitvice Holiday Resort\",\"isPartOf\":{\"@id\":\"https:\/\/www.plitvice.com\/de\/#website\"},\"primaryImageOfPage\":{\"@id\":\"https:\/\/www.plitvice.com\/de\/camping\/#primaryimage\"},\"image\":{\"@id\":\"https:\/\/www.plitvice.com\/de\/camping\/#primaryimage\"},\"thumbnailUrl\":\"https:\/\/www.plitvice.com\/wp-content\/uploads\/2024\/04\/camping_PHR.jpg\",\"datePublished\":\"2024-04-16T09:31:23+00:00\",\"dateModified\":\"2026-02-04T06:25:22+00:00\",\"description\":\"Genie\u00dfen Sie ein entspannendes Camping-Erlebnis im Plitvice Holiday Resort mit ger\u00e4umigen Stellpl\u00e4tzen und modernen Einrichtungen in der N\u00e4he der Plitvicer Seen.\",\"breadcrumb\":{\"@id\":\"https:\/\/www.plitvice.com\/de\/camping\/#breadcrumb\"},\"inLanguage\":\"de\",\"potentialAction\":[{\"@type\":\"ReadAction\",\"target\":[\"https:\/\/www.plitvice.com\/de\/camping\/\"]}]},{\"@type\":\"ImageObject\",\"inLanguage\":\"de\",\"@id\":\"https:\/\/www.plitvice.com\/de\/camping\/#primaryimage\",\"url\":\"https:\/\/www.plitvice.com\/wp-content\/uploads\/2024\/04\/camping_PHR.jpg\",\"contentUrl\":\"https:\/\/www.plitvice.com\/wp-content\/uploads\/2024\/04\/camping_PHR.jpg\",\"width\":2000,\"height\":1124},{\"@type\":\"BreadcrumbList\",\"@id\":\"https:\/\/www.plitvice.com\/de\/camping\/#breadcrumb\",\"itemListElement\":[{\"@type\":\"ListItem\",\"position\":1,\"name\":\"Home\",\"item\":\"https:\/\/www.plitvice.com\/de\/\"},{\"@type\":\"ListItem\",\"position\":2,\"name\":\"Camping\"}]},{\"@type\":\"WebSite\",\"@id\":\"https:\/\/www.plitvice.com\/de\/#website\",\"url\":\"https:\/\/www.plitvice.com\/de\/\",\"name\":\"Plitvice\",\"description\":\"\",\"potentialAction\":[{\"@type\":\"SearchAction\",\"target\":{\"@type\":\"EntryPoint\",\"urlTemplate\":\"https:\/\/www.plitvice.com\/de\/?s={search_term_string}\"},\"query-input\":{\"@type\":\"PropertyValueSpecification\",\"valueRequired\":true,\"valueName\":\"search_term_string\"}}],\"inLanguage\":\"de\"}]}<\/script>\n<!-- \/ Yoast SEO plugin. -->","yoast_head_json":{"title":"Stellpl\u00e4tze mit moderner Ausstattung | Plitvice Holiday Resort","description":"Genie\u00dfen Sie ein entspannendes Camping-Erlebnis im Plitvice Holiday Resort mit ger\u00e4umigen Stellpl\u00e4tzen und modernen Einrichtungen in der N\u00e4he der Plitvicer Seen.","robots":{"index":"index","follow":"follow","max-snippet":"max-snippet:-1","max-image-preview":"max-image-preview:large","max-video-preview":"max-video-preview:-1"},"canonical":"https:\/\/www.plitvice.com\/de\/camping\/","og_locale":"de_DE","og_type":"article","og_title":"Stellpl\u00e4tze mit moderner Ausstattung | Plitvice Holiday Resort","og_description":"Genie\u00dfen Sie ein entspannendes Camping-Erlebnis im Plitvice Holiday Resort mit ger\u00e4umigen Stellpl\u00e4tzen und modernen Einrichtungen in der N\u00e4he der Plitvicer Seen.","og_url":"https:\/\/www.plitvice.com\/de\/camping\/","og_site_name":"Plitvice Holiday Resort","article_publisher":"https:\/\/www.facebook.com\/Plitviceholidayresort\/","article_modified_time":"2026-02-04T06:25:22+00:00","og_image":[{"width":2000,"height":1124,"url":"https:\/\/www.plitvice.com\/wp-content\/uploads\/2024\/04\/camping_PHR.jpg","type":"image\/jpeg"}],"twitter_card":"summary_large_image","twitter_misc":{"Gesch\u00e4tzte Lesezeit":"1\u00a0Minute"},"schema":{"@context":"https:\/\/schema.org","@graph":[{"@type":"WebPage","@id":"https:\/\/www.plitvice.com\/de\/camping\/","url":"https:\/\/www.plitvice.com\/de\/camping\/","name":"Stellpl\u00e4tze mit moderner Ausstattung | Plitvice Holiday Resort","isPartOf":{"@id":"https:\/\/www.plitvice.com\/de\/#website"},"primaryImageOfPage":{"@id":"https:\/\/www.plitvice.com\/de\/camping\/#primaryimage"},"image":{"@id":"https:\/\/www.plitvice.com\/de\/camping\/#primaryimage"},"thumbnailUrl":"https:\/\/www.plitvice.com\/wp-content\/uploads\/2024\/04\/camping_PHR.jpg","datePublished":"2024-04-16T09:31:23+00:00","dateModified":"2026-02-04T06:25:22+00:00","description":"Genie\u00dfen Sie ein entspannendes Camping-Erlebnis im Plitvice Holiday Resort mit ger\u00e4umigen Stellpl\u00e4tzen und modernen Einrichtungen in der N\u00e4he der Plitvicer Seen.","breadcrumb":{"@id":"https:\/\/www.plitvice.com\/de\/camping\/#breadcrumb"},"inLanguage":"de","potentialAction":[{"@type":"ReadAction","target":["https:\/\/www.plitvice.com\/de\/camping\/"]}]},{"@type":"ImageObject","inLanguage":"de","@id":"https:\/\/www.plitvice.com\/de\/camping\/#primaryimage","url":"https:\/\/www.plitvice.com\/wp-content\/uploads\/2024\/04\/camping_PHR.jpg","contentUrl":"https:\/\/www.plitvice.com\/wp-content\/uploads\/2024\/04\/camping_PHR.jpg","width":2000,"height":1124},{"@type":"BreadcrumbList","@id":"https:\/\/www.plitvice.com\/de\/camping\/#breadcrumb","itemListElement":[{"@type":"ListItem","position":1,"name":"Home","item":"https:\/\/www.plitvice.com\/de\/"},{"@type":"ListItem","position":2,"name":"Camping"}]},{"@type":"WebSite","@id":"https:\/\/www.plitvice.com\/de\/#website","url":"https:\/\/www.plitvice.com\/de\/","name":"Plitvice","description":"","potentialAction":[{"@type":"SearchAction","target":{"@type":"EntryPoint","urlTemplate":"https:\/\/www.plitvice.com\/de\/?s={search_term_string}"},"query-input":{"@type":"PropertyValueSpecification","valueRequired":true,"valueName":"search_term_string"}}],"inLanguage":"de"}]}},"_links":{"self":[{"href":"https:\/\/www.plitvice.com\/de\/wp-json\/wp\/v2\/pages\/1146","targetHints":{"allow":["GET"]}}],"collection":[{"href":"https:\/\/www.plitvice.com\/de\/wp-json\/wp\/v2\/pages"}],"about":[{"href":"https:\/\/www.plitvice.com\/de\/wp-json\/wp\/v2\/types\/page"}],"author":[{"embeddable":true,"href":"https:\/\/www.plitvice.com\/de\/wp-json\/wp\/v2\/users\/1"}],"replies":[{"embeddable":true,"href":"https:\/\/www.plitvice.com\/de\/wp-json\/wp\/v2\/comments?post=1146"}],"version-history":[{"count":9,"href":"https:\/\/www.plitvice.com\/de\/wp-json\/wp\/v2\/pages\/1146\/revisions"}],"predecessor-version":[{"id":3797,"href":"https:\/\/www.plitvice.com\/de\/wp-json\/wp\/v2\/pages\/1146\/revisions\/3797"}],"wp:featuredmedia":[{"embeddable":true,"href":"https:\/\/www.plitvice.com\/de\/wp-json\/wp\/v2\/media\/620"}],"wp:attachment":[{"href":"https:\/\/www.plitvice.com\/de\/wp-json\/wp\/v2\/media?parent=1146"}],"curies":[{"name":"wp","href":"https:\/\/api.w.org\/{rel}","templated":true}]}}