{"id":1126,"date":"2024-04-25T16:58:56","date_gmt":"2024-04-25T14:58:56","guid":{"rendered":"https:\/\/plitvice.webuciliste.com\/teambuilding\/"},"modified":"2026-02-04T07:16:44","modified_gmt":"2026-02-04T06:16:44","slug":"teambuilding","status":"publish","type":"page","link":"https:\/\/www.plitvice.com\/de\/teambuilding\/","title":{"rendered":"Teambuilding"},"content":{"rendered":"<h2 class=\"green-color mb-md-5 mb-3\"><span style=\"font-weight: 400;\">Einzigartiges und unvergessliches Erlebnis f\u00fcr Ihr Team<\/span><\/h2>\n<p><span style=\"font-weight: 400;\">Suchen Sie den perfekten Ort f\u00fcr Ihr n\u00e4chstes Teambuilding-Event? Suchen Sie nicht weiter als unser besonderes Resort im Herzen der Natur, nicht weit vom Nationalpark Plitvicer Seen entfernt. Umgeben von \u00fcppigem Gr\u00fcn bietet das Plitvice Holiday Resort eine einzigartige und unvergessliche Erfahrung, die Ihr Team zusammenbringen, entspannen und vereinen wird.<\/span><\/p>\n<p><span style=\"font-weight: 400;\">Entfliehen Sie der Monotonie traditioneller Teambuilding-Events und tauchen Sie ein in ein wirklich unvergessliches Erlebnis, indem Sie sich auf ein luxuri\u00f6ses Abenteuer mit Ihren Kollegen einlassen. Unsere Mobilheime, atemberaubende Baumh\u00e4user und Seeh\u00e4user bieten die perfekte Kulisse, um sinnvolle Verbindungen zu f\u00f6rdern und den Teamgeist in einer ruhigen und malerischen Umgebung zu st\u00e4rken. Sagen Sie \u201eAuf Wiedersehen\u201c zu langweiligen Hotelkonferenzr\u00e4umen und begr\u00fc\u00dfen Sie ein einzigartiges Verbindungserlebnis, das einen bleibenden Eindruck auf Ihr gesamtes Team hinterlassen wird.<\/span><\/p>\n<p><span style=\"font-weight: 400;\">Unsere unterhaltsamen Aktivit\u00e4ten, die darauf ausgerichtet sind, Beziehungen und Vertrauen aufzubauen, werden Ihr gesamtes Team sofort zum Lachen bringen und n\u00e4her zusammenbringen. Neben dem Resort bietet auch die Umgebung zahlreiche M\u00f6glichkeiten f\u00fcr Outdoor-Abenteuer, darunter Kajakfahren, Reiten, Radfahren, Quadfahren, ein Adrenalinpark und viele weitere Aktivit\u00e4ten. . Egal ob Ihr Team ein aufregendes oder entspannteres Erlebnis sucht, wir haben f\u00fcr jeden etwas dabei.<\/span><\/p>\n<p><span style=\"font-weight: 400;\">Schlie\u00dfen Sie sich uns an, erleben Sie die Sch\u00f6nheit der Natur und der Au\u00dfenluft und bauen Sie dauerhafte Beziehungen zu Ihren Kollegen auf. Unser Resort wird niemanden gleichg\u00fcltig lassen und ein unvergleichliches Erlebnis schaffen, das Gespr\u00e4chsstoff bietet und Ihr Team homogener und verbundener macht.<br \/>\n<\/span><\/p>\n","protected":false},"excerpt":{"rendered":"<p>Einzigartiges und unvergessliches Erlebnis f\u00fcr Ihr Team Suchen Sie den perfekten Ort f\u00fcr Ihr n\u00e4chstes Teambuilding-Event? Suchen Sie nicht weiter als unser besonderes Resort im Herzen der Natur, nicht weit vom Nationalpark Plitvicer Seen entfernt. Umgeben von \u00fcppigem Gr\u00fcn bietet das Plitvice Holiday Resort eine einzigartige und unvergessliche Erfahrung, die Ihr Team zusammenbringen, entspannen und<\/p>\n","protected":false},"author":1,"featured_media":638,"parent":0,"menu_order":0,"comment_status":"closed","ping_status":"closed","template":"page-templates\/weddings.php","meta":{"_acf_changed":false,"footnotes":""},"class_list":["post-1126","page","type-page","status-publish","has-post-thumbnail","hentry"],"acf":[],"yoast_head":"<!-- This site is optimized with the Yoast SEO plugin v27.6 - https:\/\/yoast.com\/product\/yoast-seo-wordpress\/ -->\n<title>Teambuilding in der Natur | Plitvice Holiday Resort<\/title>\n<meta name=\"description\" content=\"St\u00e4rken Sie Ihr Team mit spannenden Aktivit\u00e4ten in der Natur und verbessern Sie die Zusammenarbeit. Sichern Sie sich noch heute Ihren Platz.\" \/>\n<meta name=\"robots\" content=\"index, follow, max-snippet:-1, max-image-preview:large, max-video-preview:-1\" \/>\n<link rel=\"canonical\" href=\"https:\/\/www.plitvice.com\/de\/teambuilding\/\" \/>\n<meta property=\"og:locale\" content=\"de_DE\" \/>\n<meta property=\"og:type\" content=\"article\" \/>\n<meta property=\"og:title\" content=\"Teambuilding in der Natur | Plitvice Holiday Resort\" \/>\n<meta property=\"og:description\" content=\"St\u00e4rken Sie Ihr Team mit spannenden Aktivit\u00e4ten in der Natur und verbessern Sie die Zusammenarbeit. Sichern Sie sich noch heute Ihren Platz.\" \/>\n<meta property=\"og:url\" content=\"https:\/\/www.plitvice.com\/de\/teambuilding\/\" \/>\n<meta property=\"og:site_name\" content=\"Plitvice Holiday Resort\" \/>\n<meta property=\"article:publisher\" content=\"https:\/\/www.facebook.com\/Plitviceholidayresort\/\" \/>\n<meta property=\"article:modified_time\" content=\"2026-02-04T06:16:44+00:00\" \/>\n<meta property=\"og:image\" content=\"https:\/\/www.plitvice.com\/wp-content\/uploads\/2024\/04\/teambuilding_PHR.jpg\" \/>\n\t<meta property=\"og:image:width\" content=\"2000\" \/>\n\t<meta property=\"og:image:height\" content=\"1124\" \/>\n\t<meta property=\"og:image:type\" content=\"image\/jpeg\" \/>\n<meta name=\"twitter:card\" content=\"summary_large_image\" \/>\n<meta name=\"twitter:label1\" content=\"Gesch\u00e4tzte Lesezeit\" \/>\n\t<meta name=\"twitter:data1\" content=\"2\u00a0Minuten\" \/>\n<script type=\"application\/ld+json\" class=\"yoast-schema-graph\">{\"@context\":\"https:\\\/\\\/schema.org\",\"@graph\":[{\"@type\":\"WebPage\",\"@id\":\"https:\\\/\\\/www.plitvice.com\\\/de\\\/teambuilding\\\/\",\"url\":\"https:\\\/\\\/www.plitvice.com\\\/de\\\/teambuilding\\\/\",\"name\":\"Teambuilding in der Natur | Plitvice Holiday Resort\",\"isPartOf\":{\"@id\":\"https:\\\/\\\/www.plitvice.com\\\/de\\\/#website\"},\"primaryImageOfPage\":{\"@id\":\"https:\\\/\\\/www.plitvice.com\\\/de\\\/teambuilding\\\/#primaryimage\"},\"image\":{\"@id\":\"https:\\\/\\\/www.plitvice.com\\\/de\\\/teambuilding\\\/#primaryimage\"},\"thumbnailUrl\":\"https:\\\/\\\/www.plitvice.com\\\/wp-content\\\/uploads\\\/2024\\\/04\\\/teambuilding_PHR.jpg\",\"datePublished\":\"2024-04-25T14:58:56+00:00\",\"dateModified\":\"2026-02-04T06:16:44+00:00\",\"description\":\"St\u00e4rken Sie Ihr Team mit spannenden Aktivit\u00e4ten in der Natur und verbessern Sie die Zusammenarbeit. Sichern Sie sich noch heute Ihren Platz.\",\"breadcrumb\":{\"@id\":\"https:\\\/\\\/www.plitvice.com\\\/de\\\/teambuilding\\\/#breadcrumb\"},\"inLanguage\":\"de\",\"potentialAction\":[{\"@type\":\"ReadAction\",\"target\":[\"https:\\\/\\\/www.plitvice.com\\\/de\\\/teambuilding\\\/\"]}]},{\"@type\":\"ImageObject\",\"inLanguage\":\"de\",\"@id\":\"https:\\\/\\\/www.plitvice.com\\\/de\\\/teambuilding\\\/#primaryimage\",\"url\":\"https:\\\/\\\/www.plitvice.com\\\/wp-content\\\/uploads\\\/2024\\\/04\\\/teambuilding_PHR.jpg\",\"contentUrl\":\"https:\\\/\\\/www.plitvice.com\\\/wp-content\\\/uploads\\\/2024\\\/04\\\/teambuilding_PHR.jpg\",\"width\":2000,\"height\":1124},{\"@type\":\"BreadcrumbList\",\"@id\":\"https:\\\/\\\/www.plitvice.com\\\/de\\\/teambuilding\\\/#breadcrumb\",\"itemListElement\":[{\"@type\":\"ListItem\",\"position\":1,\"name\":\"Home\",\"item\":\"https:\\\/\\\/www.plitvice.com\\\/de\\\/\"},{\"@type\":\"ListItem\",\"position\":2,\"name\":\"Teambuilding\"}]},{\"@type\":\"WebSite\",\"@id\":\"https:\\\/\\\/www.plitvice.com\\\/de\\\/#website\",\"url\":\"https:\\\/\\\/www.plitvice.com\\\/de\\\/\",\"name\":\"Plitvice\",\"description\":\"\",\"potentialAction\":[{\"@type\":\"SearchAction\",\"target\":{\"@type\":\"EntryPoint\",\"urlTemplate\":\"https:\\\/\\\/www.plitvice.com\\\/de\\\/?s={search_term_string}\"},\"query-input\":{\"@type\":\"PropertyValueSpecification\",\"valueRequired\":true,\"valueName\":\"search_term_string\"}}],\"inLanguage\":\"de\"}]}<\/script>\n<!-- \/ Yoast SEO plugin. -->","yoast_head_json":{"title":"Teambuilding in der Natur | Plitvice Holiday Resort","description":"St\u00e4rken Sie Ihr Team mit spannenden Aktivit\u00e4ten in der Natur und verbessern Sie die Zusammenarbeit. Sichern Sie sich noch heute Ihren Platz.","robots":{"index":"index","follow":"follow","max-snippet":"max-snippet:-1","max-image-preview":"max-image-preview:large","max-video-preview":"max-video-preview:-1"},"canonical":"https:\/\/www.plitvice.com\/de\/teambuilding\/","og_locale":"de_DE","og_type":"article","og_title":"Teambuilding in der Natur | Plitvice Holiday Resort","og_description":"St\u00e4rken Sie Ihr Team mit spannenden Aktivit\u00e4ten in der Natur und verbessern Sie die Zusammenarbeit. Sichern Sie sich noch heute Ihren Platz.","og_url":"https:\/\/www.plitvice.com\/de\/teambuilding\/","og_site_name":"Plitvice Holiday Resort","article_publisher":"https:\/\/www.facebook.com\/Plitviceholidayresort\/","article_modified_time":"2026-02-04T06:16:44+00:00","og_image":[{"width":2000,"height":1124,"url":"https:\/\/www.plitvice.com\/wp-content\/uploads\/2024\/04\/teambuilding_PHR.jpg","type":"image\/jpeg"}],"twitter_card":"summary_large_image","twitter_misc":{"Gesch\u00e4tzte Lesezeit":"2\u00a0Minuten"},"schema":{"@context":"https:\/\/schema.org","@graph":[{"@type":"WebPage","@id":"https:\/\/www.plitvice.com\/de\/teambuilding\/","url":"https:\/\/www.plitvice.com\/de\/teambuilding\/","name":"Teambuilding in der Natur | Plitvice Holiday Resort","isPartOf":{"@id":"https:\/\/www.plitvice.com\/de\/#website"},"primaryImageOfPage":{"@id":"https:\/\/www.plitvice.com\/de\/teambuilding\/#primaryimage"},"image":{"@id":"https:\/\/www.plitvice.com\/de\/teambuilding\/#primaryimage"},"thumbnailUrl":"https:\/\/www.plitvice.com\/wp-content\/uploads\/2024\/04\/teambuilding_PHR.jpg","datePublished":"2024-04-25T14:58:56+00:00","dateModified":"2026-02-04T06:16:44+00:00","description":"St\u00e4rken Sie Ihr Team mit spannenden Aktivit\u00e4ten in der Natur und verbessern Sie die Zusammenarbeit. Sichern Sie sich noch heute Ihren Platz.","breadcrumb":{"@id":"https:\/\/www.plitvice.com\/de\/teambuilding\/#breadcrumb"},"inLanguage":"de","potentialAction":[{"@type":"ReadAction","target":["https:\/\/www.plitvice.com\/de\/teambuilding\/"]}]},{"@type":"ImageObject","inLanguage":"de","@id":"https:\/\/www.plitvice.com\/de\/teambuilding\/#primaryimage","url":"https:\/\/www.plitvice.com\/wp-content\/uploads\/2024\/04\/teambuilding_PHR.jpg","contentUrl":"https:\/\/www.plitvice.com\/wp-content\/uploads\/2024\/04\/teambuilding_PHR.jpg","width":2000,"height":1124},{"@type":"BreadcrumbList","@id":"https:\/\/www.plitvice.com\/de\/teambuilding\/#breadcrumb","itemListElement":[{"@type":"ListItem","position":1,"name":"Home","item":"https:\/\/www.plitvice.com\/de\/"},{"@type":"ListItem","position":2,"name":"Teambuilding"}]},{"@type":"WebSite","@id":"https:\/\/www.plitvice.com\/de\/#website","url":"https:\/\/www.plitvice.com\/de\/","name":"Plitvice","description":"","potentialAction":[{"@type":"SearchAction","target":{"@type":"EntryPoint","urlTemplate":"https:\/\/www.plitvice.com\/de\/?s={search_term_string}"},"query-input":{"@type":"PropertyValueSpecification","valueRequired":true,"valueName":"search_term_string"}}],"inLanguage":"de"}]}},"_links":{"self":[{"href":"https:\/\/www.plitvice.com\/de\/wp-json\/wp\/v2\/pages\/1126","targetHints":{"allow":["GET"]}}],"collection":[{"href":"https:\/\/www.plitvice.com\/de\/wp-json\/wp\/v2\/pages"}],"about":[{"href":"https:\/\/www.plitvice.com\/de\/wp-json\/wp\/v2\/types\/page"}],"author":[{"embeddable":true,"href":"https:\/\/www.plitvice.com\/de\/wp-json\/wp\/v2\/users\/1"}],"replies":[{"embeddable":true,"href":"https:\/\/www.plitvice.com\/de\/wp-json\/wp\/v2\/comments?post=1126"}],"version-history":[{"count":1,"href":"https:\/\/www.plitvice.com\/de\/wp-json\/wp\/v2\/pages\/1126\/revisions"}],"predecessor-version":[{"id":4369,"href":"https:\/\/www.plitvice.com\/de\/wp-json\/wp\/v2\/pages\/1126\/revisions\/4369"}],"wp:featuredmedia":[{"embeddable":true,"href":"https:\/\/www.plitvice.com\/de\/wp-json\/wp\/v2\/media\/638"}],"wp:attachment":[{"href":"https:\/\/www.plitvice.com\/de\/wp-json\/wp\/v2\/media?parent=1126"}],"curies":[{"name":"wp","href":"https:\/\/api.w.org\/{rel}","templated":true}]}}