{"id":1125,"date":"2024-04-19T17:47:44","date_gmt":"2024-04-19T15:47:44","guid":{"rendered":"https:\/\/plitvice.webuciliste.com\/hochzeiten\/"},"modified":"2025-02-16T09:52:12","modified_gmt":"2025-02-16T08:52:12","slug":"hochzeiten","status":"publish","type":"page","link":"https:\/\/www.plitvice.com\/de\/hochzeiten\/","title":{"rendered":"Hochzeiten"},"content":{"rendered":"<h2 class=\"green-color mb-md-5 mb-3\"><span style=\"font-weight: 400;\">Willkommen im Plitvice Holiday Resort, wo Ihre Tr\u00e4ume wahr werden. <\/span><\/h2>\n<p><span style=\"font-weight: 400;\">Gl\u00fcckwunsch! Sie sind verlobt, und Ihre Liebesgeschichte findet einen neuen Anfang! Jetzt ist es an der Zeit, die Details Ihres gro\u00dfen Tages zu planen, und wenn Sie von einer kleineren, intimeren Hochzeit tr\u00e4umen, steht das Plitvice Holiday Resort bereit, um Ihre Vision im Freien Wirklichkeit werden zu lassen.<\/span><\/p>\n<p><span style=\"font-weight: 400;\">Egal, ob Sie von einem Gel\u00f6bnis inmitten unber\u00fchrter Natur am See tr\u00e4umen oder von einer romantischen Zeremonie am Pool, unser Team von Experten ist darauf spezialisiert, Ihre sch\u00f6nsten Momente zu verwirklichen. es liegt an Ihnen, sich zu entspannen, zu genie\u00dfen und dieses romantische Ereignis mit denen zu teilen, die Ihnen am meisten bedeuten.<\/span><\/p>\n<p><span style=\"font-weight: 400;\">Um die vollst\u00e4ndige Privatsph\u00e4re und Intimit\u00e4t f\u00fcr Ihre Hochzeit zu gew\u00e4hrleisten, ist es von gr\u00f6\u00dfter Bedeutung, alle Einrichtungen in der Zone, in der die Zeremonie stattfindet, anzumieten, um so sicherzustellen zu k\u00f6nnen, dass Sie Ihren besonderen Tag nur im Kreise Ihrer G\u00e4ste verbringen.<\/span><\/p>\n<p><span style=\"font-weight: 400;\">Mit unserer vielf\u00e4ltigen Auswahl an Getr\u00e4nken und kulinarischen K\u00f6stlichkeiten, die Ihren W\u00fcnschen angepasst sind, werden wir auch die feinsten Gaumen zufriedenstellen, und spezielle Leckereien werden jeden Moment Ihres besonderen Ereignisses bereichern und vers\u00fc\u00dfen.<\/span><\/p>\n<p><span style=\"font-weight: 400;\">W\u00e4hlen Sie unser Resort f\u00fcr Ihren Traumtag und lassen Sie uns Ihre Liebesgeschichte in einer entspannenden Oase der Ruhe erz\u00e4hlen, umgeben von sch\u00f6nen Gr\u00fcnfl\u00e4chen und duftenden Blumenarrangements. <\/span><\/p>\n","protected":false},"excerpt":{"rendered":"<p>Willkommen im Plitvice Holiday Resort, wo Ihre Tr\u00e4ume wahr werden. Gl\u00fcckwunsch! Sie sind verlobt, und Ihre Liebesgeschichte findet einen neuen Anfang! Jetzt ist es an der Zeit, die Details Ihres gro\u00dfen Tages zu planen, und wenn Sie von einer kleineren, intimeren Hochzeit tr\u00e4umen, steht das Plitvice Holiday Resort bereit, um Ihre Vision im Freien Wirklichkeit<\/p>\n","protected":false},"author":1,"featured_media":1176,"parent":0,"menu_order":0,"comment_status":"closed","ping_status":"closed","template":"page-templates\/weddings.php","meta":{"_acf_changed":false,"footnotes":""},"class_list":["post-1125","page","type-page","status-publish","has-post-thumbnail","hentry"],"acf":[],"yoast_head":"<!-- This site is optimized with the Yoast SEO plugin v27.6 - https:\/\/yoast.com\/product\/yoast-seo-wordpress\/ -->\n<title>Hochzeiten - Plitvice Holiday Resort<\/title>\n<meta name=\"description\" content=\"Feiern Sie Ihre Traumhochzeit inmitten der Natur. Ein einzigartiger Ort f\u00fcr Ihren besonderen Tag. Sichern Sie sich noch heute Ihren Platz.\" \/>\n<meta name=\"robots\" content=\"index, follow, max-snippet:-1, max-image-preview:large, max-video-preview:-1\" \/>\n<link rel=\"canonical\" href=\"https:\/\/www.plitvice.com\/de\/hochzeiten\/\" \/>\n<meta property=\"og:locale\" content=\"de_DE\" \/>\n<meta property=\"og:type\" content=\"article\" \/>\n<meta property=\"og:title\" content=\"Hochzeiten - Plitvice Holiday Resort\" \/>\n<meta property=\"og:description\" content=\"Feiern Sie Ihre Traumhochzeit inmitten der Natur. Ein einzigartiger Ort f\u00fcr Ihren besonderen Tag. Sichern Sie sich noch heute Ihren Platz.\" \/>\n<meta property=\"og:url\" content=\"https:\/\/www.plitvice.com\/de\/hochzeiten\/\" \/>\n<meta property=\"og:site_name\" content=\"Plitvice Holiday Resort\" \/>\n<meta property=\"article:publisher\" content=\"https:\/\/www.facebook.com\/Plitviceholidayresort\/\" \/>\n<meta property=\"article:modified_time\" content=\"2025-02-16T08:52:12+00:00\" \/>\n<meta property=\"og:image\" content=\"https:\/\/www.plitvice.com\/wp-content\/uploads\/2024\/07\/Plitvice-Styled-Shoot-Love-and-Ventures-146-scaled.jpg\" \/>\n\t<meta property=\"og:image:width\" content=\"2560\" \/>\n\t<meta property=\"og:image:height\" content=\"1707\" \/>\n\t<meta property=\"og:image:type\" content=\"image\/jpeg\" \/>\n<meta name=\"twitter:card\" content=\"summary_large_image\" \/>\n<meta name=\"twitter:label1\" content=\"Gesch\u00e4tzte Lesezeit\" \/>\n\t<meta name=\"twitter:data1\" content=\"2\u00a0Minuten\" \/>\n<script type=\"application\/ld+json\" class=\"yoast-schema-graph\">{\"@context\":\"https:\\\/\\\/schema.org\",\"@graph\":[{\"@type\":\"WebPage\",\"@id\":\"https:\\\/\\\/www.plitvice.com\\\/de\\\/hochzeiten\\\/\",\"url\":\"https:\\\/\\\/www.plitvice.com\\\/de\\\/hochzeiten\\\/\",\"name\":\"Hochzeiten - Plitvice Holiday Resort\",\"isPartOf\":{\"@id\":\"https:\\\/\\\/www.plitvice.com\\\/de\\\/#website\"},\"primaryImageOfPage\":{\"@id\":\"https:\\\/\\\/www.plitvice.com\\\/de\\\/hochzeiten\\\/#primaryimage\"},\"image\":{\"@id\":\"https:\\\/\\\/www.plitvice.com\\\/de\\\/hochzeiten\\\/#primaryimage\"},\"thumbnailUrl\":\"https:\\\/\\\/www.plitvice.com\\\/wp-content\\\/uploads\\\/2024\\\/07\\\/Plitvice-Styled-Shoot-Love-and-Ventures-146-scaled.jpg\",\"datePublished\":\"2024-04-19T15:47:44+00:00\",\"dateModified\":\"2025-02-16T08:52:12+00:00\",\"description\":\"Feiern Sie Ihre Traumhochzeit inmitten der Natur. Ein einzigartiger Ort f\u00fcr Ihren besonderen Tag. Sichern Sie sich noch heute Ihren Platz.\",\"breadcrumb\":{\"@id\":\"https:\\\/\\\/www.plitvice.com\\\/de\\\/hochzeiten\\\/#breadcrumb\"},\"inLanguage\":\"de\",\"potentialAction\":[{\"@type\":\"ReadAction\",\"target\":[\"https:\\\/\\\/www.plitvice.com\\\/de\\\/hochzeiten\\\/\"]}]},{\"@type\":\"ImageObject\",\"inLanguage\":\"de\",\"@id\":\"https:\\\/\\\/www.plitvice.com\\\/de\\\/hochzeiten\\\/#primaryimage\",\"url\":\"https:\\\/\\\/www.plitvice.com\\\/wp-content\\\/uploads\\\/2024\\\/07\\\/Plitvice-Styled-Shoot-Love-and-Ventures-146-scaled.jpg\",\"contentUrl\":\"https:\\\/\\\/www.plitvice.com\\\/wp-content\\\/uploads\\\/2024\\\/07\\\/Plitvice-Styled-Shoot-Love-and-Ventures-146-scaled.jpg\",\"width\":2560,\"height\":1707},{\"@type\":\"BreadcrumbList\",\"@id\":\"https:\\\/\\\/www.plitvice.com\\\/de\\\/hochzeiten\\\/#breadcrumb\",\"itemListElement\":[{\"@type\":\"ListItem\",\"position\":1,\"name\":\"Home\",\"item\":\"https:\\\/\\\/www.plitvice.com\\\/de\\\/\"},{\"@type\":\"ListItem\",\"position\":2,\"name\":\"Hochzeiten\"}]},{\"@type\":\"WebSite\",\"@id\":\"https:\\\/\\\/www.plitvice.com\\\/de\\\/#website\",\"url\":\"https:\\\/\\\/www.plitvice.com\\\/de\\\/\",\"name\":\"Plitvice\",\"description\":\"\",\"potentialAction\":[{\"@type\":\"SearchAction\",\"target\":{\"@type\":\"EntryPoint\",\"urlTemplate\":\"https:\\\/\\\/www.plitvice.com\\\/de\\\/?s={search_term_string}\"},\"query-input\":{\"@type\":\"PropertyValueSpecification\",\"valueRequired\":true,\"valueName\":\"search_term_string\"}}],\"inLanguage\":\"de\"}]}<\/script>\n<!-- \/ Yoast SEO plugin. -->","yoast_head_json":{"title":"Hochzeiten - Plitvice Holiday Resort","description":"Feiern Sie Ihre Traumhochzeit inmitten der Natur. Ein einzigartiger Ort f\u00fcr Ihren besonderen Tag. Sichern Sie sich noch heute Ihren Platz.","robots":{"index":"index","follow":"follow","max-snippet":"max-snippet:-1","max-image-preview":"max-image-preview:large","max-video-preview":"max-video-preview:-1"},"canonical":"https:\/\/www.plitvice.com\/de\/hochzeiten\/","og_locale":"de_DE","og_type":"article","og_title":"Hochzeiten - Plitvice Holiday Resort","og_description":"Feiern Sie Ihre Traumhochzeit inmitten der Natur. Ein einzigartiger Ort f\u00fcr Ihren besonderen Tag. Sichern Sie sich noch heute Ihren Platz.","og_url":"https:\/\/www.plitvice.com\/de\/hochzeiten\/","og_site_name":"Plitvice Holiday Resort","article_publisher":"https:\/\/www.facebook.com\/Plitviceholidayresort\/","article_modified_time":"2025-02-16T08:52:12+00:00","og_image":[{"width":2560,"height":1707,"url":"https:\/\/www.plitvice.com\/wp-content\/uploads\/2024\/07\/Plitvice-Styled-Shoot-Love-and-Ventures-146-scaled.jpg","type":"image\/jpeg"}],"twitter_card":"summary_large_image","twitter_misc":{"Gesch\u00e4tzte Lesezeit":"2\u00a0Minuten"},"schema":{"@context":"https:\/\/schema.org","@graph":[{"@type":"WebPage","@id":"https:\/\/www.plitvice.com\/de\/hochzeiten\/","url":"https:\/\/www.plitvice.com\/de\/hochzeiten\/","name":"Hochzeiten - Plitvice Holiday Resort","isPartOf":{"@id":"https:\/\/www.plitvice.com\/de\/#website"},"primaryImageOfPage":{"@id":"https:\/\/www.plitvice.com\/de\/hochzeiten\/#primaryimage"},"image":{"@id":"https:\/\/www.plitvice.com\/de\/hochzeiten\/#primaryimage"},"thumbnailUrl":"https:\/\/www.plitvice.com\/wp-content\/uploads\/2024\/07\/Plitvice-Styled-Shoot-Love-and-Ventures-146-scaled.jpg","datePublished":"2024-04-19T15:47:44+00:00","dateModified":"2025-02-16T08:52:12+00:00","description":"Feiern Sie Ihre Traumhochzeit inmitten der Natur. Ein einzigartiger Ort f\u00fcr Ihren besonderen Tag. Sichern Sie sich noch heute Ihren Platz.","breadcrumb":{"@id":"https:\/\/www.plitvice.com\/de\/hochzeiten\/#breadcrumb"},"inLanguage":"de","potentialAction":[{"@type":"ReadAction","target":["https:\/\/www.plitvice.com\/de\/hochzeiten\/"]}]},{"@type":"ImageObject","inLanguage":"de","@id":"https:\/\/www.plitvice.com\/de\/hochzeiten\/#primaryimage","url":"https:\/\/www.plitvice.com\/wp-content\/uploads\/2024\/07\/Plitvice-Styled-Shoot-Love-and-Ventures-146-scaled.jpg","contentUrl":"https:\/\/www.plitvice.com\/wp-content\/uploads\/2024\/07\/Plitvice-Styled-Shoot-Love-and-Ventures-146-scaled.jpg","width":2560,"height":1707},{"@type":"BreadcrumbList","@id":"https:\/\/www.plitvice.com\/de\/hochzeiten\/#breadcrumb","itemListElement":[{"@type":"ListItem","position":1,"name":"Home","item":"https:\/\/www.plitvice.com\/de\/"},{"@type":"ListItem","position":2,"name":"Hochzeiten"}]},{"@type":"WebSite","@id":"https:\/\/www.plitvice.com\/de\/#website","url":"https:\/\/www.plitvice.com\/de\/","name":"Plitvice","description":"","potentialAction":[{"@type":"SearchAction","target":{"@type":"EntryPoint","urlTemplate":"https:\/\/www.plitvice.com\/de\/?s={search_term_string}"},"query-input":{"@type":"PropertyValueSpecification","valueRequired":true,"valueName":"search_term_string"}}],"inLanguage":"de"}]}},"_links":{"self":[{"href":"https:\/\/www.plitvice.com\/de\/wp-json\/wp\/v2\/pages\/1125","targetHints":{"allow":["GET"]}}],"collection":[{"href":"https:\/\/www.plitvice.com\/de\/wp-json\/wp\/v2\/pages"}],"about":[{"href":"https:\/\/www.plitvice.com\/de\/wp-json\/wp\/v2\/types\/page"}],"author":[{"embeddable":true,"href":"https:\/\/www.plitvice.com\/de\/wp-json\/wp\/v2\/users\/1"}],"replies":[{"embeddable":true,"href":"https:\/\/www.plitvice.com\/de\/wp-json\/wp\/v2\/comments?post=1125"}],"version-history":[{"count":1,"href":"https:\/\/www.plitvice.com\/de\/wp-json\/wp\/v2\/pages\/1125\/revisions"}],"predecessor-version":[{"id":4367,"href":"https:\/\/www.plitvice.com\/de\/wp-json\/wp\/v2\/pages\/1125\/revisions\/4367"}],"wp:featuredmedia":[{"embeddable":true,"href":"https:\/\/www.plitvice.com\/de\/wp-json\/wp\/v2\/media\/1176"}],"wp:attachment":[{"href":"https:\/\/www.plitvice.com\/de\/wp-json\/wp\/v2\/media?parent=1125"}],"curies":[{"name":"wp","href":"https:\/\/api.w.org\/{rel}","templated":true}]}}