{"id":1040,"date":"2024-07-08T16:50:38","date_gmt":"2024-07-08T14:50:38","guid":{"rendered":"https:\/\/plitvice.webuciliste.com\/virtuelle-tour\/"},"modified":"2025-08-19T09:39:22","modified_gmt":"2025-08-19T07:39:22","slug":"virtuelle-tour","status":"publish","type":"page","link":"https:\/\/www.plitvice.com\/de\/virtuelle-tour\/","title":{"rendered":"Virtuelle Tour"},"content":{"rendered":"<div><iframe style=\"position: center; top: 0px; left: 0; width: 100%; height: 80vh;\" src=\"https:\/\/perspekto-media.hr\/tours\/plitvice360\/\"><\/iframe><\/div>\n","protected":false},"excerpt":{"rendered":"","protected":false},"author":1,"featured_media":0,"parent":0,"menu_order":0,"comment_status":"closed","ping_status":"closed","template":"page-templates\/classic.php","meta":{"_acf_changed":false,"footnotes":""},"class_list":["post-1040","page","type-page","status-publish","hentry"],"acf":[],"yoast_head":"<!-- This site is optimized with the Yoast SEO plugin v27.6 - https:\/\/yoast.com\/product\/yoast-seo-wordpress\/ -->\n<title>Virtuelle Tour - Plitvice Holiday Resort<\/title>\n<meta name=\"description\" content=\"Erkunden Sie das Plitvice Holiday Resort bequem von zu Hause aus mit unserer virtuellen Tour, die Ihnen die Unterk\u00fcnfte und die wundersch\u00f6ne Umgebung pr\u00e4sentiert.\" \/>\n<meta name=\"robots\" content=\"index, follow, max-snippet:-1, max-image-preview:large, max-video-preview:-1\" \/>\n<link rel=\"canonical\" href=\"https:\/\/www.plitvice.com\/de\/virtuelle-tour\/\" \/>\n<meta property=\"og:locale\" content=\"de_DE\" \/>\n<meta property=\"og:type\" content=\"article\" \/>\n<meta property=\"og:title\" content=\"Virtuelle Tour - Plitvice Holiday Resort\" \/>\n<meta property=\"og:description\" content=\"Erkunden Sie das Plitvice Holiday Resort bequem von zu Hause aus mit unserer virtuellen Tour, die Ihnen die Unterk\u00fcnfte und die wundersch\u00f6ne Umgebung pr\u00e4sentiert.\" \/>\n<meta property=\"og:url\" content=\"https:\/\/www.plitvice.com\/de\/virtuelle-tour\/\" \/>\n<meta property=\"og:site_name\" content=\"Plitvice Holiday Resort\" \/>\n<meta property=\"article:publisher\" content=\"https:\/\/www.facebook.com\/Plitviceholidayresort\/\" \/>\n<meta property=\"article:modified_time\" content=\"2025-08-19T07:39:22+00:00\" \/>\n<meta name=\"twitter:card\" content=\"summary_large_image\" \/>\n<script type=\"application\/ld+json\" class=\"yoast-schema-graph\">{\"@context\":\"https:\\\/\\\/schema.org\",\"@graph\":[{\"@type\":\"WebPage\",\"@id\":\"https:\\\/\\\/www.plitvice.com\\\/de\\\/virtuelle-tour\\\/\",\"url\":\"https:\\\/\\\/www.plitvice.com\\\/de\\\/virtuelle-tour\\\/\",\"name\":\"Virtuelle Tour - Plitvice Holiday Resort\",\"isPartOf\":{\"@id\":\"https:\\\/\\\/www.plitvice.com\\\/de\\\/#website\"},\"datePublished\":\"2024-07-08T14:50:38+00:00\",\"dateModified\":\"2025-08-19T07:39:22+00:00\",\"description\":\"Erkunden Sie das Plitvice Holiday Resort bequem von zu Hause aus mit unserer virtuellen Tour, die Ihnen die Unterk\u00fcnfte und die wundersch\u00f6ne Umgebung pr\u00e4sentiert.\",\"breadcrumb\":{\"@id\":\"https:\\\/\\\/www.plitvice.com\\\/de\\\/virtuelle-tour\\\/#breadcrumb\"},\"inLanguage\":\"de\",\"potentialAction\":[{\"@type\":\"ReadAction\",\"target\":[\"https:\\\/\\\/www.plitvice.com\\\/de\\\/virtuelle-tour\\\/\"]}]},{\"@type\":\"BreadcrumbList\",\"@id\":\"https:\\\/\\\/www.plitvice.com\\\/de\\\/virtuelle-tour\\\/#breadcrumb\",\"itemListElement\":[{\"@type\":\"ListItem\",\"position\":1,\"name\":\"Home\",\"item\":\"https:\\\/\\\/www.plitvice.com\\\/de\\\/\"},{\"@type\":\"ListItem\",\"position\":2,\"name\":\"Virtuelle Tour\"}]},{\"@type\":\"WebSite\",\"@id\":\"https:\\\/\\\/www.plitvice.com\\\/de\\\/#website\",\"url\":\"https:\\\/\\\/www.plitvice.com\\\/de\\\/\",\"name\":\"Plitvice\",\"description\":\"\",\"potentialAction\":[{\"@type\":\"SearchAction\",\"target\":{\"@type\":\"EntryPoint\",\"urlTemplate\":\"https:\\\/\\\/www.plitvice.com\\\/de\\\/?s={search_term_string}\"},\"query-input\":{\"@type\":\"PropertyValueSpecification\",\"valueRequired\":true,\"valueName\":\"search_term_string\"}}],\"inLanguage\":\"de\"}]}<\/script>\n<!-- \/ Yoast SEO plugin. -->","yoast_head_json":{"title":"Virtuelle Tour - Plitvice Holiday Resort","description":"Erkunden Sie das Plitvice Holiday Resort bequem von zu Hause aus mit unserer virtuellen Tour, die Ihnen die Unterk\u00fcnfte und die wundersch\u00f6ne Umgebung pr\u00e4sentiert.","robots":{"index":"index","follow":"follow","max-snippet":"max-snippet:-1","max-image-preview":"max-image-preview:large","max-video-preview":"max-video-preview:-1"},"canonical":"https:\/\/www.plitvice.com\/de\/virtuelle-tour\/","og_locale":"de_DE","og_type":"article","og_title":"Virtuelle Tour - Plitvice Holiday Resort","og_description":"Erkunden Sie das Plitvice Holiday Resort bequem von zu Hause aus mit unserer virtuellen Tour, die Ihnen die Unterk\u00fcnfte und die wundersch\u00f6ne Umgebung pr\u00e4sentiert.","og_url":"https:\/\/www.plitvice.com\/de\/virtuelle-tour\/","og_site_name":"Plitvice Holiday Resort","article_publisher":"https:\/\/www.facebook.com\/Plitviceholidayresort\/","article_modified_time":"2025-08-19T07:39:22+00:00","twitter_card":"summary_large_image","schema":{"@context":"https:\/\/schema.org","@graph":[{"@type":"WebPage","@id":"https:\/\/www.plitvice.com\/de\/virtuelle-tour\/","url":"https:\/\/www.plitvice.com\/de\/virtuelle-tour\/","name":"Virtuelle Tour - Plitvice Holiday Resort","isPartOf":{"@id":"https:\/\/www.plitvice.com\/de\/#website"},"datePublished":"2024-07-08T14:50:38+00:00","dateModified":"2025-08-19T07:39:22+00:00","description":"Erkunden Sie das Plitvice Holiday Resort bequem von zu Hause aus mit unserer virtuellen Tour, die Ihnen die Unterk\u00fcnfte und die wundersch\u00f6ne Umgebung pr\u00e4sentiert.","breadcrumb":{"@id":"https:\/\/www.plitvice.com\/de\/virtuelle-tour\/#breadcrumb"},"inLanguage":"de","potentialAction":[{"@type":"ReadAction","target":["https:\/\/www.plitvice.com\/de\/virtuelle-tour\/"]}]},{"@type":"BreadcrumbList","@id":"https:\/\/www.plitvice.com\/de\/virtuelle-tour\/#breadcrumb","itemListElement":[{"@type":"ListItem","position":1,"name":"Home","item":"https:\/\/www.plitvice.com\/de\/"},{"@type":"ListItem","position":2,"name":"Virtuelle Tour"}]},{"@type":"WebSite","@id":"https:\/\/www.plitvice.com\/de\/#website","url":"https:\/\/www.plitvice.com\/de\/","name":"Plitvice","description":"","potentialAction":[{"@type":"SearchAction","target":{"@type":"EntryPoint","urlTemplate":"https:\/\/www.plitvice.com\/de\/?s={search_term_string}"},"query-input":{"@type":"PropertyValueSpecification","valueRequired":true,"valueName":"search_term_string"}}],"inLanguage":"de"}]}},"_links":{"self":[{"href":"https:\/\/www.plitvice.com\/de\/wp-json\/wp\/v2\/pages\/1040","targetHints":{"allow":["GET"]}}],"collection":[{"href":"https:\/\/www.plitvice.com\/de\/wp-json\/wp\/v2\/pages"}],"about":[{"href":"https:\/\/www.plitvice.com\/de\/wp-json\/wp\/v2\/types\/page"}],"author":[{"embeddable":true,"href":"https:\/\/www.plitvice.com\/de\/wp-json\/wp\/v2\/users\/1"}],"replies":[{"embeddable":true,"href":"https:\/\/www.plitvice.com\/de\/wp-json\/wp\/v2\/comments?post=1040"}],"version-history":[{"count":2,"href":"https:\/\/www.plitvice.com\/de\/wp-json\/wp\/v2\/pages\/1040\/revisions"}],"predecessor-version":[{"id":5102,"href":"https:\/\/www.plitvice.com\/de\/wp-json\/wp\/v2\/pages\/1040\/revisions\/5102"}],"wp:attachment":[{"href":"https:\/\/www.plitvice.com\/de\/wp-json\/wp\/v2\/media?parent=1040"}],"curies":[{"name":"wp","href":"https:\/\/api.w.org\/{rel}","templated":true}]}}